{"id":2231,"date":"2026-04-16T08:40:30","date_gmt":"2026-04-16T08:40:30","guid":{"rendered":"https:\/\/jumailuminacion.com\/?page_id=2231"},"modified":"2026-04-17T09:33:02","modified_gmt":"2026-04-17T09:33:02","slug":"clientes","status":"publish","type":"page","link":"https:\/\/jumailuminacion.com\/eu\/clientes\/","title":{"rendered":"Clientes"},"content":{"rendered":"<style>.elementor-2231 .elementor-element.elementor-element-c340bc2{padding:60px 60px 60px 60px;}.elementor-2231 .elementor-element.elementor-element-49f59b7 .gallery-item{padding:0 10px 10px 0;}.elementor-2231 .elementor-element.elementor-element-49f59b7 .gallery{margin:0 -10px -10px 0;}.elementor-2231 .elementor-element.elementor-element-49f59b7 .gallery-item .gallery-caption{text-align:center;}@media(max-width:1024px){.elementor-2231 .elementor-element.elementor-element-c340bc2{padding:20px 0px 20px 0px;}.elementor-2231 .elementor-element.elementor-element-062d061 > .elementor-element-populated{padding:0px 0px 0px 0px;}}<\/style>\t\t<div data-elementor-type=\"wp-page\" data-elementor-id=\"2231\" class=\"elementor elementor-2231\" data-elementor-post-type=\"page\">\n\t\t\t\t\t\t<section class=\"elementor-section elementor-top-section elementor-element elementor-element-c340bc2 elementor-section-boxed elementor-section-height-default elementor-section-height-default\" data-id=\"c340bc2\" data-element_type=\"section\" data-e-type=\"section\">\n\t\t\t\t\t\t<div class=\"elementor-container elementor-column-gap-default\">\n\t\t\t\t\t<div class=\"elementor-column elementor-col-100 elementor-top-column elementor-element elementor-element-062d061\" data-id=\"062d061\" data-element_type=\"column\" data-e-type=\"column\">\n\t\t\t<div class=\"elementor-widget-wrap elementor-element-populated\">\n\t\t\t\t\t\t<div class=\"elementor-element elementor-element-49f59b7 gallery-spacing-custom elementor-widget elementor-widget-image-gallery\" data-id=\"49f59b7\" data-element_type=\"widget\" data-e-type=\"widget\" data-widget_type=\"image-gallery.default\">\n\t\t\t\t<div class=\"elementor-widget-container\">\n\t\t\t\t\t\t\t<div class=\"elementor-image-gallery\">\n\t\t\t<div id='gallery-1' class='gallery galleryid-2231 gallery-columns-4 gallery-size-full'><figure class='gallery-item'>\n\t\t\t<div class='gallery-icon portrait'>\n\t\t\t\t<a data-elementor-open-lightbox=\"yes\" data-elementor-lightbox-slideshow=\"49f59b7\" data-e-action-hash=\"#elementor-action%3Aaction%3Dlightbox%26settings%3DeyJpZCI6MjIwMywidXJsIjoiaHR0cHM6XC9cL2p1bWFpbHVtaW5hY2lvbi5jb21cL3dwLWNvbnRlbnRcL3VwbG9hZHNcLzIwMjZcLzA0XC80LnBuZyIsInNsaWRlc2hvdyI6IjQ5ZjU5YjcifQ%3D%3D\" href='https:\/\/jumailuminacion.com\/wp-content\/uploads\/2026\/04\/4.png'><img fetchpriority=\"high\" decoding=\"async\" width=\"1596\" height=\"2048\" src=\"https:\/\/jumailuminacion.com\/wp-content\/uploads\/2026\/04\/4.png\" class=\"attachment-full size-full\" alt=\"\" srcset=\"https:\/\/jumailuminacion.com\/wp-content\/uploads\/2026\/04\/4.png 1596w, https:\/\/jumailuminacion.com\/wp-content\/uploads\/2026\/04\/4-234x300.png 234w, https:\/\/jumailuminacion.com\/wp-content\/uploads\/2026\/04\/4-798x1024.png 798w, https:\/\/jumailuminacion.com\/wp-content\/uploads\/2026\/04\/4-768x986.png 768w, https:\/\/jumailuminacion.com\/wp-content\/uploads\/2026\/04\/4-1197x1536.png 1197w, https:\/\/jumailuminacion.com\/wp-content\/uploads\/2026\/04\/4-9x12.png 9w, https:\/\/jumailuminacion.com\/wp-content\/uploads\/2026\/04\/4-599x769.png 599w\" sizes=\"(max-width: 1596px) 100vw, 1596px\" \/><\/a>\n\t\t\t<\/div><\/figure><figure class='gallery-item'>\n\t\t\t<div class='gallery-icon portrait'>\n\t\t\t\t<a data-elementor-open-lightbox=\"yes\" data-elementor-lightbox-slideshow=\"49f59b7\" data-e-action-hash=\"#elementor-action%3Aaction%3Dlightbox%26settings%3DeyJpZCI6MjMzMCwidXJsIjoiaHR0cHM6XC9cL2p1bWFpbHVtaW5hY2lvbi5jb21cL3dwLWNvbnRlbnRcL3VwbG9hZHNcLzIwMjZcLzA0XC9jb2NpbmEucG5nIiwic2xpZGVzaG93IjoiNDlmNTliNyJ9\" data-elementor-lightbox-title=\"cocina\" href='https:\/\/jumailuminacion.com\/wp-content\/uploads\/2026\/04\/cocina.png'><img decoding=\"async\" width=\"1080\" height=\"1350\" src=\"https:\/\/jumailuminacion.com\/wp-content\/uploads\/2026\/04\/cocina.png\" class=\"attachment-full size-full\" alt=\"\" srcset=\"https:\/\/jumailuminacion.com\/wp-content\/uploads\/2026\/04\/cocina.png 1080w, https:\/\/jumailuminacion.com\/wp-content\/uploads\/2026\/04\/cocina-240x300.png 240w, https:\/\/jumailuminacion.com\/wp-content\/uploads\/2026\/04\/cocina-819x1024.png 819w, https:\/\/jumailuminacion.com\/wp-content\/uploads\/2026\/04\/cocina-768x960.png 768w, https:\/\/jumailuminacion.com\/wp-content\/uploads\/2026\/04\/cocina-10x12.png 10w, https:\/\/jumailuminacion.com\/wp-content\/uploads\/2026\/04\/cocina-599x749.png 599w\" sizes=\"(max-width: 1080px) 100vw, 1080px\" \/><\/a>\n\t\t\t<\/div><\/figure><figure class='gallery-item'>\n\t\t\t<div class='gallery-icon portrait'>\n\t\t\t\t<a data-elementor-open-lightbox=\"yes\" data-elementor-lightbox-slideshow=\"49f59b7\" data-e-action-hash=\"#elementor-action%3Aaction%3Dlightbox%26settings%3DeyJpZCI6MjMzOCwidXJsIjoiaHR0cHM6XC9cL2p1bWFpbHVtaW5hY2lvbi5jb21cL3dwLWNvbnRlbnRcL3VwbG9hZHNcLzIwMjZcLzA0XC9oYWItanVuZS5wbmciLCJzbGlkZXNob3ciOiI0OWY1OWI3In0%3D\" data-elementor-lightbox-title=\"hab june\" href='https:\/\/jumailuminacion.com\/wp-content\/uploads\/2026\/04\/hab-june.png'><img decoding=\"async\" width=\"1080\" height=\"1350\" src=\"https:\/\/jumailuminacion.com\/wp-content\/uploads\/2026\/04\/hab-june.png\" class=\"attachment-full size-full\" alt=\"\" srcset=\"https:\/\/jumailuminacion.com\/wp-content\/uploads\/2026\/04\/hab-june.png 1080w, https:\/\/jumailuminacion.com\/wp-content\/uploads\/2026\/04\/hab-june-240x300.png 240w, https:\/\/jumailuminacion.com\/wp-content\/uploads\/2026\/04\/hab-june-819x1024.png 819w, https:\/\/jumailuminacion.com\/wp-content\/uploads\/2026\/04\/hab-june-768x960.png 768w, https:\/\/jumailuminacion.com\/wp-content\/uploads\/2026\/04\/hab-june-10x12.png 10w, https:\/\/jumailuminacion.com\/wp-content\/uploads\/2026\/04\/hab-june-599x749.png 599w\" sizes=\"(max-width: 1080px) 100vw, 1080px\" \/><\/a>\n\t\t\t<\/div><\/figure><figure class='gallery-item'>\n\t\t\t<div class='gallery-icon portrait'>\n\t\t\t\t<a data-elementor-open-lightbox=\"yes\" data-elementor-lightbox-slideshow=\"49f59b7\" data-e-action-hash=\"#elementor-action%3Aaction%3Dlightbox%26settings%3DeyJpZCI6MjM0NSwidXJsIjoiaHR0cHM6XC9cL2p1bWFpbHVtaW5hY2lvbi5jb21cL3dwLWNvbnRlbnRcL3VwbG9hZHNcLzIwMjZcLzA0XC9zYWxvbi1hbGJlci5wbmciLCJzbGlkZXNob3ciOiI0OWY1OWI3In0%3D\" data-elementor-lightbox-title=\"salon alber\" href='https:\/\/jumailuminacion.com\/wp-content\/uploads\/2026\/04\/salon-alber.png'><img loading=\"lazy\" decoding=\"async\" width=\"1080\" height=\"1350\" src=\"https:\/\/jumailuminacion.com\/wp-content\/uploads\/2026\/04\/salon-alber.png\" class=\"attachment-full size-full\" alt=\"\" srcset=\"https:\/\/jumailuminacion.com\/wp-content\/uploads\/2026\/04\/salon-alber.png 1080w, https:\/\/jumailuminacion.com\/wp-content\/uploads\/2026\/04\/salon-alber-240x300.png 240w, https:\/\/jumailuminacion.com\/wp-content\/uploads\/2026\/04\/salon-alber-819x1024.png 819w, https:\/\/jumailuminacion.com\/wp-content\/uploads\/2026\/04\/salon-alber-768x960.png 768w, https:\/\/jumailuminacion.com\/wp-content\/uploads\/2026\/04\/salon-alber-10x12.png 10w, https:\/\/jumailuminacion.com\/wp-content\/uploads\/2026\/04\/salon-alber-599x749.png 599w\" sizes=\"(max-width: 1080px) 100vw, 1080px\" \/><\/a>\n\t\t\t<\/div><\/figure><figure class='gallery-item'>\n\t\t\t<div class='gallery-icon portrait'>\n\t\t\t\t<a data-elementor-open-lightbox=\"yes\" data-elementor-lightbox-slideshow=\"49f59b7\" data-e-action-hash=\"#elementor-action%3Aaction%3Dlightbox%26settings%3DeyJpZCI6MjM1MiwidXJsIjoiaHR0cHM6XC9cL2p1bWFpbHVtaW5hY2lvbi5jb21cL3dwLWNvbnRlbnRcL3VwbG9hZHNcLzIwMjZcLzA0XC9oaGEtYW5kZXIucG5nIiwic2xpZGVzaG93IjoiNDlmNTliNyJ9\" data-elementor-lightbox-title=\"hha ander\" href='https:\/\/jumailuminacion.com\/wp-content\/uploads\/2026\/04\/hha-ander.png'><img loading=\"lazy\" decoding=\"async\" width=\"1080\" height=\"1350\" src=\"https:\/\/jumailuminacion.com\/wp-content\/uploads\/2026\/04\/hha-ander.png\" class=\"attachment-full size-full\" alt=\"\" srcset=\"https:\/\/jumailuminacion.com\/wp-content\/uploads\/2026\/04\/hha-ander.png 1080w, https:\/\/jumailuminacion.com\/wp-content\/uploads\/2026\/04\/hha-ander-240x300.png 240w, https:\/\/jumailuminacion.com\/wp-content\/uploads\/2026\/04\/hha-ander-819x1024.png 819w, https:\/\/jumailuminacion.com\/wp-content\/uploads\/2026\/04\/hha-ander-768x960.png 768w, https:\/\/jumailuminacion.com\/wp-content\/uploads\/2026\/04\/hha-ander-10x12.png 10w, https:\/\/jumailuminacion.com\/wp-content\/uploads\/2026\/04\/hha-ander-599x749.png 599w\" sizes=\"(max-width: 1080px) 100vw, 1080px\" \/><\/a>\n\t\t\t<\/div><\/figure><figure class='gallery-item'>\n\t\t\t<div class='gallery-icon portrait'>\n\t\t\t\t<a data-elementor-open-lightbox=\"yes\" data-elementor-lightbox-slideshow=\"49f59b7\" data-e-action-hash=\"#elementor-action%3Aaction%3Dlightbox%26settings%3DeyJpZCI6MjM1NiwidXJsIjoiaHR0cHM6XC9cL2p1bWFpbHVtaW5hY2lvbi5jb21cL3dwLWNvbnRlbnRcL3VwbG9hZHNcLzIwMjZcLzA0XC9jb21vZGEtYXR4ZS5wbmciLCJzbGlkZXNob3ciOiI0OWY1OWI3In0%3D\" data-elementor-lightbox-title=\"comoda atxe\" href='https:\/\/jumailuminacion.com\/wp-content\/uploads\/2026\/04\/comoda-atxe.png'><img loading=\"lazy\" decoding=\"async\" width=\"1080\" height=\"1350\" src=\"https:\/\/jumailuminacion.com\/wp-content\/uploads\/2026\/04\/comoda-atxe.png\" class=\"attachment-full size-full\" alt=\"\" srcset=\"https:\/\/jumailuminacion.com\/wp-content\/uploads\/2026\/04\/comoda-atxe.png 1080w, https:\/\/jumailuminacion.com\/wp-content\/uploads\/2026\/04\/comoda-atxe-240x300.png 240w, https:\/\/jumailuminacion.com\/wp-content\/uploads\/2026\/04\/comoda-atxe-819x1024.png 819w, https:\/\/jumailuminacion.com\/wp-content\/uploads\/2026\/04\/comoda-atxe-768x960.png 768w, https:\/\/jumailuminacion.com\/wp-content\/uploads\/2026\/04\/comoda-atxe-10x12.png 10w, https:\/\/jumailuminacion.com\/wp-content\/uploads\/2026\/04\/comoda-atxe-599x749.png 599w\" sizes=\"(max-width: 1080px) 100vw, 1080px\" \/><\/a>\n\t\t\t<\/div><\/figure><figure class='gallery-item'>\n\t\t\t<div class='gallery-icon portrait'>\n\t\t\t\t<a data-elementor-open-lightbox=\"yes\" data-elementor-lightbox-slideshow=\"49f59b7\" data-e-action-hash=\"#elementor-action%3Aaction%3Dlightbox%26settings%3DeyJpZCI6MjM2MCwidXJsIjoiaHR0cHM6XC9cL2p1bWFpbHVtaW5hY2lvbi5jb21cL3dwLWNvbnRlbnRcL3VwbG9hZHNcLzIwMjZcLzA0XC9zYWxvbi1hdHhlLnBuZyIsInNsaWRlc2hvdyI6IjQ5ZjU5YjcifQ%3D%3D\" data-elementor-lightbox-title=\"salon atxe\" href='https:\/\/jumailuminacion.com\/wp-content\/uploads\/2026\/04\/salon-atxe.png'><img loading=\"lazy\" decoding=\"async\" width=\"1080\" height=\"1350\" src=\"https:\/\/jumailuminacion.com\/wp-content\/uploads\/2026\/04\/salon-atxe.png\" class=\"attachment-full size-full\" alt=\"\" srcset=\"https:\/\/jumailuminacion.com\/wp-content\/uploads\/2026\/04\/salon-atxe.png 1080w, https:\/\/jumailuminacion.com\/wp-content\/uploads\/2026\/04\/salon-atxe-240x300.png 240w, https:\/\/jumailuminacion.com\/wp-content\/uploads\/2026\/04\/salon-atxe-819x1024.png 819w, https:\/\/jumailuminacion.com\/wp-content\/uploads\/2026\/04\/salon-atxe-768x960.png 768w, https:\/\/jumailuminacion.com\/wp-content\/uploads\/2026\/04\/salon-atxe-10x12.png 10w, https:\/\/jumailuminacion.com\/wp-content\/uploads\/2026\/04\/salon-atxe-599x749.png 599w\" sizes=\"(max-width: 1080px) 100vw, 1080px\" \/><\/a>\n\t\t\t<\/div><\/figure><figure class='gallery-item'>\n\t\t\t<div class='gallery-icon portrait'>\n\t\t\t\t<a data-elementor-open-lightbox=\"yes\" data-elementor-lightbox-slideshow=\"49f59b7\" data-e-action-hash=\"#elementor-action%3Aaction%3Dlightbox%26settings%3DeyJpZCI6MjM2NCwidXJsIjoiaHR0cHM6XC9cL2p1bWFpbHVtaW5hY2lvbi5jb21cL3dwLWNvbnRlbnRcL3VwbG9hZHNcLzIwMjZcLzA0XC9jb2NpbmEtc29yYS5wbmciLCJzbGlkZXNob3ciOiI0OWY1OWI3In0%3D\" data-elementor-lightbox-title=\"cocina sora\" href='https:\/\/jumailuminacion.com\/wp-content\/uploads\/2026\/04\/cocina-sora.png'><img loading=\"lazy\" decoding=\"async\" width=\"1080\" height=\"1350\" src=\"https:\/\/jumailuminacion.com\/wp-content\/uploads\/2026\/04\/cocina-sora.png\" class=\"attachment-full size-full\" alt=\"\" srcset=\"https:\/\/jumailuminacion.com\/wp-content\/uploads\/2026\/04\/cocina-sora.png 1080w, https:\/\/jumailuminacion.com\/wp-content\/uploads\/2026\/04\/cocina-sora-240x300.png 240w, https:\/\/jumailuminacion.com\/wp-content\/uploads\/2026\/04\/cocina-sora-819x1024.png 819w, https:\/\/jumailuminacion.com\/wp-content\/uploads\/2026\/04\/cocina-sora-768x960.png 768w, https:\/\/jumailuminacion.com\/wp-content\/uploads\/2026\/04\/cocina-sora-10x12.png 10w, https:\/\/jumailuminacion.com\/wp-content\/uploads\/2026\/04\/cocina-sora-599x749.png 599w\" sizes=\"(max-width: 1080px) 100vw, 1080px\" \/><\/a>\n\t\t\t<\/div><\/figure>\n\t\t<\/div>\n\t\t<\/div>\n\t\t\t\t\t\t<\/div>\n\t\t\t\t<\/div>\n\t\t\t\t\t<\/div>\n\t\t<\/div>\n\t\t\t\t\t<\/div>\n\t\t<\/section>\n\t\t\t\t<\/div>","protected":false},"excerpt":{"rendered":"","protected":false},"author":1,"featured_media":0,"parent":0,"menu_order":0,"comment_status":"closed","ping_status":"closed","template":"elementor_canvas","meta":{"footnotes":""},"class_list":["post-2231","page","type-page","status-publish","hentry"],"yoast_head":"<!-- This site is optimized with the Yoast SEO plugin v27.4 - https:\/\/yoast.com\/product\/yoast-seo-wordpress\/ -->\n<title>Clientes - Juma Iluminaci\u00f3n<\/title>\n<meta name=\"robots\" content=\"index, follow, max-snippet:-1, max-image-preview:large, max-video-preview:-1\" \/>\n<link rel=\"canonical\" href=\"https:\/\/jumailuminacion.com\/eu\/clientes\/\" \/>\n<meta property=\"og:locale\" content=\"en_US\" \/>\n<meta property=\"og:type\" content=\"article\" \/>\n<meta property=\"og:title\" content=\"Clientes - Juma Iluminaci\u00f3n\" \/>\n<meta property=\"og:url\" content=\"https:\/\/jumailuminacion.com\/eu\/clientes\/\" \/>\n<meta property=\"og:site_name\" content=\"Juma Iluminaci\u00f3n\" \/>\n<meta property=\"article:modified_time\" content=\"2026-04-17T09:33:02+00:00\" \/>\n<meta property=\"og:image\" content=\"https:\/\/jumailuminacion.com\/wp-content\/uploads\/2026\/04\/4.png\" \/>\n<meta name=\"twitter:card\" content=\"summary_large_image\" \/>\n<meta name=\"twitter:label1\" content=\"Est. reading time\" \/>\n\t<meta name=\"twitter:data1\" content=\"2 minutua\" \/>\n<script type=\"application\/ld+json\" class=\"yoast-schema-graph\">{\"@context\":\"https:\\\/\\\/schema.org\",\"@graph\":[{\"@type\":\"WebPage\",\"@id\":\"https:\\\/\\\/jumailuminacion.com\\\/clientes\\\/\",\"url\":\"https:\\\/\\\/jumailuminacion.com\\\/clientes\\\/\",\"name\":\"Clientes - Juma Iluminaci\u00f3n\",\"isPartOf\":{\"@id\":\"https:\\\/\\\/jumailuminacion.com\\\/#website\"},\"primaryImageOfPage\":{\"@id\":\"https:\\\/\\\/jumailuminacion.com\\\/clientes\\\/#primaryimage\"},\"image\":{\"@id\":\"https:\\\/\\\/jumailuminacion.com\\\/clientes\\\/#primaryimage\"},\"thumbnailUrl\":\"https:\\\/\\\/jumailuminacion.com\\\/wp-content\\\/uploads\\\/2026\\\/04\\\/4.png\",\"datePublished\":\"2026-04-16T08:40:30+00:00\",\"dateModified\":\"2026-04-17T09:33:02+00:00\",\"breadcrumb\":{\"@id\":\"https:\\\/\\\/jumailuminacion.com\\\/clientes\\\/#breadcrumb\"},\"inLanguage\":\"eu\",\"potentialAction\":[{\"@type\":\"ReadAction\",\"target\":[\"https:\\\/\\\/jumailuminacion.com\\\/clientes\\\/\"]}]},{\"@type\":\"ImageObject\",\"inLanguage\":\"eu\",\"@id\":\"https:\\\/\\\/jumailuminacion.com\\\/clientes\\\/#primaryimage\",\"url\":\"https:\\\/\\\/jumailuminacion.com\\\/wp-content\\\/uploads\\\/2026\\\/04\\\/4.png\",\"contentUrl\":\"https:\\\/\\\/jumailuminacion.com\\\/wp-content\\\/uploads\\\/2026\\\/04\\\/4.png\"},{\"@type\":\"BreadcrumbList\",\"@id\":\"https:\\\/\\\/jumailuminacion.com\\\/clientes\\\/#breadcrumb\",\"itemListElement\":[{\"@type\":\"ListItem\",\"position\":1,\"name\":\"Portada\",\"item\":\"https:\\\/\\\/jumailuminacion.com\\\/\"},{\"@type\":\"ListItem\",\"position\":2,\"name\":\"Clientes\"}]},{\"@type\":\"WebSite\",\"@id\":\"https:\\\/\\\/jumailuminacion.com\\\/#website\",\"url\":\"https:\\\/\\\/jumailuminacion.com\\\/\",\"name\":\"Juma Iluminaci\u00f3n\",\"description\":\"Iluminaci\u00f3n y Decoraci\u00f3n\",\"publisher\":{\"@id\":\"https:\\\/\\\/jumailuminacion.com\\\/#organization\"},\"potentialAction\":[{\"@type\":\"SearchAction\",\"target\":{\"@type\":\"EntryPoint\",\"urlTemplate\":\"https:\\\/\\\/jumailuminacion.com\\\/?s={search_term_string}\"},\"query-input\":{\"@type\":\"PropertyValueSpecification\",\"valueRequired\":true,\"valueName\":\"search_term_string\"}}],\"inLanguage\":\"eu\"},{\"@type\":\"Organization\",\"@id\":\"https:\\\/\\\/jumailuminacion.com\\\/#organization\",\"name\":\"Juma Iluminaci\u00f3n\",\"url\":\"https:\\\/\\\/jumailuminacion.com\\\/\",\"logo\":{\"@type\":\"ImageObject\",\"inLanguage\":\"eu\",\"@id\":\"https:\\\/\\\/jumailuminacion.com\\\/#\\\/schema\\\/logo\\\/image\\\/\",\"url\":\"https:\\\/\\\/jumailuminacion.com\\\/wp-content\\\/uploads\\\/2023\\\/07\\\/cropped-WhatsApp-Image-2023-07-10-at-11.40.47.jpg\",\"contentUrl\":\"https:\\\/\\\/jumailuminacion.com\\\/wp-content\\\/uploads\\\/2023\\\/07\\\/cropped-WhatsApp-Image-2023-07-10-at-11.40.47.jpg\",\"width\":384,\"height\":372,\"caption\":\"Juma Iluminaci\u00f3n\"},\"image\":{\"@id\":\"https:\\\/\\\/jumailuminacion.com\\\/#\\\/schema\\\/logo\\\/image\\\/\"}}]}<\/script>\n<!-- \/ Yoast SEO plugin. -->","yoast_head_json":{"title":"Clientes - Juma Iluminaci\u00f3n","robots":{"index":"index","follow":"follow","max-snippet":"max-snippet:-1","max-image-preview":"max-image-preview:large","max-video-preview":"max-video-preview:-1"},"canonical":"https:\/\/jumailuminacion.com\/eu\/clientes\/","og_locale":"en_US","og_type":"article","og_title":"Clientes - Juma Iluminaci\u00f3n","og_url":"https:\/\/jumailuminacion.com\/eu\/clientes\/","og_site_name":"Juma Iluminaci\u00f3n","article_modified_time":"2026-04-17T09:33:02+00:00","og_image":[{"url":"https:\/\/jumailuminacion.com\/wp-content\/uploads\/2026\/04\/4.png","type":"","width":"","height":""}],"twitter_card":"summary_large_image","twitter_misc":{"Est. reading time":"2 minutua"},"schema":{"@context":"https:\/\/schema.org","@graph":[{"@type":"WebPage","@id":"https:\/\/jumailuminacion.com\/clientes\/","url":"https:\/\/jumailuminacion.com\/clientes\/","name":"Clientes - Juma Iluminaci\u00f3n","isPartOf":{"@id":"https:\/\/jumailuminacion.com\/#website"},"primaryImageOfPage":{"@id":"https:\/\/jumailuminacion.com\/clientes\/#primaryimage"},"image":{"@id":"https:\/\/jumailuminacion.com\/clientes\/#primaryimage"},"thumbnailUrl":"https:\/\/jumailuminacion.com\/wp-content\/uploads\/2026\/04\/4.png","datePublished":"2026-04-16T08:40:30+00:00","dateModified":"2026-04-17T09:33:02+00:00","breadcrumb":{"@id":"https:\/\/jumailuminacion.com\/clientes\/#breadcrumb"},"inLanguage":"eu","potentialAction":[{"@type":"ReadAction","target":["https:\/\/jumailuminacion.com\/clientes\/"]}]},{"@type":"ImageObject","inLanguage":"eu","@id":"https:\/\/jumailuminacion.com\/clientes\/#primaryimage","url":"https:\/\/jumailuminacion.com\/wp-content\/uploads\/2026\/04\/4.png","contentUrl":"https:\/\/jumailuminacion.com\/wp-content\/uploads\/2026\/04\/4.png"},{"@type":"BreadcrumbList","@id":"https:\/\/jumailuminacion.com\/clientes\/#breadcrumb","itemListElement":[{"@type":"ListItem","position":1,"name":"Portada","item":"https:\/\/jumailuminacion.com\/"},{"@type":"ListItem","position":2,"name":"Clientes"}]},{"@type":"WebSite","@id":"https:\/\/jumailuminacion.com\/#website","url":"https:\/\/jumailuminacion.com\/","name":"Juma Iluminaci\u00f3n","description":"Iluminaci\u00f3n y Decoraci\u00f3n","publisher":{"@id":"https:\/\/jumailuminacion.com\/#organization"},"potentialAction":[{"@type":"SearchAction","target":{"@type":"EntryPoint","urlTemplate":"https:\/\/jumailuminacion.com\/?s={search_term_string}"},"query-input":{"@type":"PropertyValueSpecification","valueRequired":true,"valueName":"search_term_string"}}],"inLanguage":"eu"},{"@type":"Organization","@id":"https:\/\/jumailuminacion.com\/#organization","name":"Juma Iluminaci\u00f3n","url":"https:\/\/jumailuminacion.com\/","logo":{"@type":"ImageObject","inLanguage":"eu","@id":"https:\/\/jumailuminacion.com\/#\/schema\/logo\/image\/","url":"https:\/\/jumailuminacion.com\/wp-content\/uploads\/2023\/07\/cropped-WhatsApp-Image-2023-07-10-at-11.40.47.jpg","contentUrl":"https:\/\/jumailuminacion.com\/wp-content\/uploads\/2023\/07\/cropped-WhatsApp-Image-2023-07-10-at-11.40.47.jpg","width":384,"height":372,"caption":"Juma Iluminaci\u00f3n"},"image":{"@id":"https:\/\/jumailuminacion.com\/#\/schema\/logo\/image\/"}}]}},"_links":{"self":[{"href":"https:\/\/jumailuminacion.com\/eu\/wp-json\/wp\/v2\/pages\/2231","targetHints":{"allow":["GET"]}}],"collection":[{"href":"https:\/\/jumailuminacion.com\/eu\/wp-json\/wp\/v2\/pages"}],"about":[{"href":"https:\/\/jumailuminacion.com\/eu\/wp-json\/wp\/v2\/types\/page"}],"author":[{"embeddable":true,"href":"https:\/\/jumailuminacion.com\/eu\/wp-json\/wp\/v2\/users\/1"}],"replies":[{"embeddable":true,"href":"https:\/\/jumailuminacion.com\/eu\/wp-json\/wp\/v2\/comments?post=2231"}],"version-history":[{"count":69,"href":"https:\/\/jumailuminacion.com\/eu\/wp-json\/wp\/v2\/pages\/2231\/revisions"}],"predecessor-version":[{"id":2367,"href":"https:\/\/jumailuminacion.com\/eu\/wp-json\/wp\/v2\/pages\/2231\/revisions\/2367"}],"wp:attachment":[{"href":"https:\/\/jumailuminacion.com\/eu\/wp-json\/wp\/v2\/media?parent=2231"}],"curies":[{"name":"wp","href":"https:\/\/api.w.org\/{rel}","templated":true}]}}