{"id":42,"date":"2023-07-10T10:04:03","date_gmt":"2023-07-10T10:04:03","guid":{"rendered":"https:\/\/web4.rkinformatika.net\/jumailuminacion\/?page_id=42"},"modified":"2023-11-29T12:35:54","modified_gmt":"2023-11-29T12:35:54","slug":"sobre-nosotros","status":"publish","type":"page","link":"https:\/\/jumailuminacion.com\/eu\/sobre-nosotros\/","title":{"rendered":"Guri buruz"},"content":{"rendered":"<div data-elementor-type=\"wp-page\" data-elementor-id=\"42\" class=\"elementor elementor-42\" data-elementor-post-type=\"page\">\n\t\t\t\t\t\t<section class=\"elementor-section elementor-top-section elementor-element elementor-element-0233f73 elementor-section-boxed elementor-section-height-default elementor-section-height-default\" data-id=\"0233f73\" data-element_type=\"section\" data-e-type=\"section\" data-settings=\"{&quot;background_background&quot;:&quot;classic&quot;,&quot;shape_divider_bottom&quot;:&quot;curve&quot;,&quot;shape_divider_bottom_negative&quot;:&quot;yes&quot;}\">\n\t\t\t\t\t\t\t<div class=\"elementor-background-overlay\"><\/div>\n\t\t\t\t\t\t<div class=\"elementor-shape elementor-shape-bottom\" aria-hidden=\"true\" data-negative=\"true\">\n\t\t\t<svg xmlns=\"http:\/\/www.w3.org\/2000\/svg\" viewbox=\"0 0 1000 100\" preserveaspectratio=\"none\">\n\t<path class=\"elementor-shape-fill\" d=\"M500,97C126.7,96.3,0.8,19.8,0,0v100l1000,0V1C1000,19.4,873.3,97.8,500,97z\"\/>\n<\/svg>\t\t<\/div>\n\t\t\t\t\t<div class=\"elementor-container elementor-column-gap-no\">\n\t\t\t\t\t<div class=\"elementor-column elementor-col-100 elementor-top-column elementor-element elementor-element-4e540c3\" data-id=\"4e540c3\" data-element_type=\"column\" data-e-type=\"column\">\n\t\t\t<div class=\"elementor-widget-wrap\">\n\t\t\t\t\t\t\t<\/div>\n\t\t<\/div>\n\t\t\t\t\t<\/div>\n\t\t<\/section>\n\t\t\t\t<section class=\"elementor-section elementor-top-section elementor-element elementor-element-8c09154 elementor-section-boxed elementor-section-height-default elementor-section-height-default\" data-id=\"8c09154\" data-element_type=\"section\" data-e-type=\"section\">\n\t\t\t\t\t\t\t<div class=\"elementor-background-overlay\"><\/div>\n\t\t\t\t\t\t\t<div class=\"elementor-container elementor-column-gap-no\">\n\t\t\t\t\t<div class=\"elementor-column elementor-col-50 elementor-top-column elementor-element elementor-element-7c2e5c93 elementor-invisible\" data-id=\"7c2e5c93\" data-element_type=\"column\" data-e-type=\"column\" data-settings=\"{&quot;animation&quot;:&quot;fadeInLeft&quot;}\">\n\t\t\t<div class=\"elementor-widget-wrap elementor-element-populated\">\n\t\t\t\t\t<div class=\"elementor-background-overlay\"><\/div>\n\t\t\t\t\t\t<div class=\"elementor-element elementor-element-e71c4f2 elementor-widget elementor-widget-heading\" data-id=\"e71c4f2\" data-element_type=\"widget\" data-e-type=\"widget\" data-widget_type=\"heading.default\">\n\t\t\t\t<div class=\"elementor-widget-container\">\n\t\t\t\t\t<h2 class=\"elementor-heading-title elementor-size-default\">Guri buruz<\/h2>\t\t\t\t<\/div>\n\t\t\t\t<\/div>\n\t\t\t\t<div class=\"elementor-element elementor-element-3b5ad63 elementor-widget elementor-widget-text-editor\" data-id=\"3b5ad63\" data-element_type=\"widget\" data-e-type=\"widget\" data-widget_type=\"text-editor.default\">\n\t\t\t\t<div class=\"elementor-widget-container\">\n\t\t\t\t\t\t\t\t\t<p class=\"western\">Somos una peque\u00f1a empresa familiar con mas de 30 a\u00f1os de experiencia en el sector de la Iluminacion.<\/p><p class=\"western\">En el 2009, a\u00f1o en el que tome el relevo de <strong>Juma<\/strong>, quise adentrarme en el mundo de la decoraci\u00f3n, algo que me entusiasmaba desde hac\u00eda a\u00f1os.<\/p><p class=\"western\">En nuestra tienda encontraras todos los productos para Iluminar y decorar tu hogar, con un objetivo claro, satisfacer a nuestros clientes y ofrecerles todo lo que puedan desear para que sus casas se conviertan en un hogar.<\/p>\t\t\t\t\t\t\t\t<\/div>\n\t\t\t\t<\/div>\n\t\t\t\t<div class=\"elementor-element elementor-element-e6be592 elementor-widget elementor-widget-image\" data-id=\"e6be592\" data-element_type=\"widget\" data-e-type=\"widget\" data-widget_type=\"image.default\">\n\t\t\t\t<div class=\"elementor-widget-container\">\n\t\t\t\t\t\t\t\t\t\t\t\t\t\t\t<img fetchpriority=\"high\" decoding=\"async\" width=\"800\" height=\"450\" src=\"https:\/\/jumailuminacion.com\/wp-content\/uploads\/2023\/07\/girl-read-book-at-night-on-the-mountain-with-abat-jour-lamp-1024x576.jpg\" class=\"attachment-large size-large wp-image-582\" alt=\"Girl read book at night on the mountain with abat jour lamp\" srcset=\"https:\/\/jumailuminacion.com\/wp-content\/uploads\/2023\/07\/girl-read-book-at-night-on-the-mountain-with-abat-jour-lamp-1024x576.jpg 1024w, https:\/\/jumailuminacion.com\/wp-content\/uploads\/2023\/07\/girl-read-book-at-night-on-the-mountain-with-abat-jour-lamp-599x337.jpg 599w, https:\/\/jumailuminacion.com\/wp-content\/uploads\/2023\/07\/girl-read-book-at-night-on-the-mountain-with-abat-jour-lamp-300x169.jpg 300w, https:\/\/jumailuminacion.com\/wp-content\/uploads\/2023\/07\/girl-read-book-at-night-on-the-mountain-with-abat-jour-lamp-768x432.jpg 768w, https:\/\/jumailuminacion.com\/wp-content\/uploads\/2023\/07\/girl-read-book-at-night-on-the-mountain-with-abat-jour-lamp-1536x864.jpg 1536w, https:\/\/jumailuminacion.com\/wp-content\/uploads\/2023\/07\/girl-read-book-at-night-on-the-mountain-with-abat-jour-lamp-1320x743.jpg 1320w, https:\/\/jumailuminacion.com\/wp-content\/uploads\/2023\/07\/girl-read-book-at-night-on-the-mountain-with-abat-jour-lamp.jpg 2000w\" sizes=\"(max-width: 800px) 100vw, 800px\" \/>\t\t\t\t\t\t\t\t\t\t\t\t\t\t\t<\/div>\n\t\t\t\t<\/div>\n\t\t\t\t\t<\/div>\n\t\t<\/div>\n\t\t\t\t<div class=\"elementor-column elementor-col-50 elementor-top-column elementor-element elementor-element-5ab74512 elementor-invisible\" data-id=\"5ab74512\" data-element_type=\"column\" data-e-type=\"column\" data-settings=\"{&quot;animation&quot;:&quot;fadeInLeft&quot;}\">\n\t\t\t<div class=\"elementor-widget-wrap elementor-element-populated\">\n\t\t\t\t\t<div class=\"elementor-background-overlay\"><\/div>\n\t\t\t\t\t\t<div class=\"elementor-element elementor-element-9fb9414 elementor-widget__width-auto elementor-widget elementor-widget-image\" data-id=\"9fb9414\" data-element_type=\"widget\" data-e-type=\"widget\" data-widget_type=\"image.default\">\n\t\t\t\t<div class=\"elementor-widget-container\">\n\t\t\t\t\t\t\t\t\t\t\t\t\t\t\t<img decoding=\"async\" width=\"2000\" height=\"1412\" src=\"https:\/\/jumailuminacion.com\/wp-content\/uploads\/2023\/07\/luxury-lighting-decoration.jpg\" class=\"attachment-full size-full wp-image-641\" alt=\"Luxury lighting decoration\" srcset=\"https:\/\/jumailuminacion.com\/wp-content\/uploads\/2023\/07\/luxury-lighting-decoration.jpg 2000w, https:\/\/jumailuminacion.com\/wp-content\/uploads\/2023\/07\/luxury-lighting-decoration-599x423.jpg 599w, https:\/\/jumailuminacion.com\/wp-content\/uploads\/2023\/07\/luxury-lighting-decoration-300x212.jpg 300w, https:\/\/jumailuminacion.com\/wp-content\/uploads\/2023\/07\/luxury-lighting-decoration-1024x723.jpg 1024w, https:\/\/jumailuminacion.com\/wp-content\/uploads\/2023\/07\/luxury-lighting-decoration-768x542.jpg 768w, https:\/\/jumailuminacion.com\/wp-content\/uploads\/2023\/07\/luxury-lighting-decoration-1536x1084.jpg 1536w, https:\/\/jumailuminacion.com\/wp-content\/uploads\/2023\/07\/luxury-lighting-decoration-1320x932.jpg 1320w\" sizes=\"(max-width: 2000px) 100vw, 2000px\" \/>\t\t\t\t\t\t\t\t\t\t\t\t\t\t\t<\/div>\n\t\t\t\t<\/div>\n\t\t\t\t<div class=\"elementor-element elementor-element-ee5c09e elementor-widget elementor-widget-heading\" data-id=\"ee5c09e\" data-element_type=\"widget\" data-e-type=\"widget\" data-widget_type=\"heading.default\">\n\t\t\t\t<div class=\"elementor-widget-container\">\n\t\t\t\t\t<h2 class=\"elementor-heading-title elementor-size-default\">Servicios<\/h2>\t\t\t\t<\/div>\n\t\t\t\t<\/div>\n\t\t\t\t<div class=\"elementor-element elementor-element-09babfd elementor-widget elementor-widget-text-editor\" data-id=\"09babfd\" data-element_type=\"widget\" data-e-type=\"widget\" data-widget_type=\"text-editor.default\">\n\t\t\t\t<div class=\"elementor-widget-container\">\n\t\t\t\t\t\t\t\t\t<p>Obten servicios el\u00e9ctricos superiores para tu hogar u oficina. Nuestro equipo certificado ofrece instalaciones, reparaciones, actualizaciones y servicios de emergencia. Utilizamos equipos y t\u00e9cnicas avanzados para trabajar de manera eficiente, confiable y segura. Llama ahora para programar una cita a un precio competitivo.<\/p>\t\t\t\t\t\t\t\t<\/div>\n\t\t\t\t<\/div>\n\t\t\t\t\t<\/div>\n\t\t<\/div>\n\t\t\t\t\t<\/div>\n\t\t<\/section>\n\t\t\t\t<section class=\"elementor-section elementor-top-section elementor-element elementor-element-69623771 elementor-section-boxed elementor-section-height-default elementor-section-height-default\" data-id=\"69623771\" data-element_type=\"section\" data-e-type=\"section\" data-settings=\"{&quot;background_background&quot;:&quot;classic&quot;}\">\n\t\t\t\t\t\t\t<div class=\"elementor-background-overlay\"><\/div>\n\t\t\t\t\t\t\t<div class=\"elementor-container elementor-column-gap-no\">\n\t\t\t\t\t<div class=\"elementor-column elementor-col-25 elementor-top-column elementor-element elementor-element-6ddc7996\" data-id=\"6ddc7996\" data-element_type=\"column\" data-e-type=\"column\">\n\t\t\t<div class=\"elementor-widget-wrap elementor-element-populated\">\n\t\t\t\t\t\t<div class=\"elementor-element elementor-element-12719079 elementor-invisible elementor-widget elementor-widget-jkit_fun_fact\" data-id=\"12719079\" data-element_type=\"widget\" data-e-type=\"widget\" data-settings=\"{&quot;_animation_delay&quot;:&quot;100&quot;,&quot;_animation&quot;:&quot;fadeInUp&quot;}\" data-widget_type=\"jkit_fun_fact.default\">\n\t\t\t\t<div class=\"elementor-widget-container\">\n\t\t\t\t\t<div  class=\"jeg-elementor-kit jkit-fun-fact align-center hover-from-left elementor-animation- jeg_module___6a09d7274f79e\" ><div class=\"fun-fact-inner\"><div class=\"icon elementor-animation-\"><i aria-hidden=\"true\" class=\"jki jki-gg\"><\/i><\/div>\n            <div class=\"content\">\n                <div class=\"number-wrapper\"><span class=\"prefix\"><\/span>\n        <span class=\"number\" data-value=\"10000\" data-animation-duration=\"3500\">0<\/span>\n        <span class=\"suffix\"><\/span><sup class=\"super\">+<\/sup><\/div>\n                <h2 class=\"title\">Ventas<\/h2>\n            <\/div>\n        <\/div><\/div>\t\t\t\t<\/div>\n\t\t\t\t<\/div>\n\t\t\t\t\t<\/div>\n\t\t<\/div>\n\t\t\t\t<div class=\"elementor-column elementor-col-25 elementor-top-column elementor-element elementor-element-141d481b\" data-id=\"141d481b\" data-element_type=\"column\" data-e-type=\"column\">\n\t\t\t<div class=\"elementor-widget-wrap elementor-element-populated\">\n\t\t\t\t\t\t<div class=\"elementor-element elementor-element-787b1f94 elementor-invisible elementor-widget elementor-widget-jkit_fun_fact\" data-id=\"787b1f94\" data-element_type=\"widget\" data-e-type=\"widget\" data-settings=\"{&quot;_animation_delay&quot;:&quot;100&quot;,&quot;_animation&quot;:&quot;fadeInUp&quot;}\" data-widget_type=\"jkit_fun_fact.default\">\n\t\t\t\t<div class=\"elementor-widget-container\">\n\t\t\t\t\t<div  class=\"jeg-elementor-kit jkit-fun-fact align-center hover-from-left elementor-animation- jeg_module__1_6a09d72750516\" ><div class=\"fun-fact-inner\"><div class=\"icon elementor-animation-\"><i aria-hidden=\"true\" class=\"jki jki-users2-light\"><\/i><\/div>\n            <div class=\"content\">\n                <div class=\"number-wrapper\"><span class=\"prefix\"><\/span>\n        <span class=\"number\" data-value=\"2300\" data-animation-duration=\"3500\">0<\/span>\n        <span class=\"suffix\"><\/span><sup class=\"super\">+<\/sup><\/div>\n                <h2 class=\"title\">Clientes<\/h2>\n            <\/div>\n        <\/div><\/div>\t\t\t\t<\/div>\n\t\t\t\t<\/div>\n\t\t\t\t\t<\/div>\n\t\t<\/div>\n\t\t\t\t<div class=\"elementor-column elementor-col-25 elementor-top-column elementor-element elementor-element-47bdb93\" data-id=\"47bdb93\" data-element_type=\"column\" data-e-type=\"column\">\n\t\t\t<div class=\"elementor-widget-wrap elementor-element-populated\">\n\t\t\t\t\t\t<div class=\"elementor-element elementor-element-1d9ca29f elementor-invisible elementor-widget elementor-widget-jkit_fun_fact\" data-id=\"1d9ca29f\" data-element_type=\"widget\" data-e-type=\"widget\" data-settings=\"{&quot;_animation_delay&quot;:&quot;100&quot;,&quot;_animation&quot;:&quot;fadeInUp&quot;}\" data-widget_type=\"jkit_fun_fact.default\">\n\t\t\t\t<div class=\"elementor-widget-container\">\n\t\t\t\t\t<div  class=\"jeg-elementor-kit jkit-fun-fact align-center hover-from-left elementor-animation- jeg_module__2_6a09d727511ce\" ><div class=\"fun-fact-inner\"><div class=\"icon elementor-animation-\"><i aria-hidden=\"true\" class=\"jki jki-clipboard-check-solid\"><\/i><\/div>\n            <div class=\"content\">\n                <div class=\"number-wrapper\"><span class=\"prefix\"><\/span>\n        <span class=\"number\" data-value=\"100\" data-animation-duration=\"3500\">0<\/span>\n        <span class=\"suffix\"><\/span><sup class=\"super\">+<\/sup><\/div>\n                <h2 class=\"title\">Productos<\/h2>\n            <\/div>\n        <\/div><\/div>\t\t\t\t<\/div>\n\t\t\t\t<\/div>\n\t\t\t\t\t<\/div>\n\t\t<\/div>\n\t\t\t\t<div class=\"elementor-column elementor-col-25 elementor-top-column elementor-element elementor-element-164ce356\" data-id=\"164ce356\" data-element_type=\"column\" data-e-type=\"column\">\n\t\t\t<div class=\"elementor-widget-wrap elementor-element-populated\">\n\t\t\t\t\t\t<div class=\"elementor-element elementor-element-674e37a4 elementor-invisible elementor-widget elementor-widget-jkit_fun_fact\" data-id=\"674e37a4\" data-element_type=\"widget\" data-e-type=\"widget\" data-settings=\"{&quot;_animation_delay&quot;:&quot;100&quot;,&quot;_animation&quot;:&quot;fadeInUp&quot;}\" data-widget_type=\"jkit_fun_fact.default\">\n\t\t\t\t<div class=\"elementor-widget-container\">\n\t\t\t\t\t<div  class=\"jeg-elementor-kit jkit-fun-fact align-center hover-from-left elementor-animation- jeg_module__3_6a09d72751e15\" ><div class=\"fun-fact-inner\"><div class=\"icon elementor-animation-\"><i aria-hidden=\"true\" class=\"jki jki-badge\"><\/i><\/div>\n            <div class=\"content\">\n                <div class=\"number-wrapper\"><span class=\"prefix\"><\/span>\n        <span class=\"number\" data-value=\"30\" data-animation-duration=\"3500\">0<\/span>\n        <span class=\"suffix\"><\/span><sup class=\"super\">+<\/sup><\/div>\n                <h2 class=\"title\">A\u00f1os de experiencia<\/h2>\n            <\/div>\n        <\/div><\/div>\t\t\t\t<\/div>\n\t\t\t\t<\/div>\n\t\t\t\t\t<\/div>\n\t\t<\/div>\n\t\t\t\t\t<\/div>\n\t\t<\/section>\n\t\t\t\t<\/div>","protected":false},"excerpt":{"rendered":"<p>Sobre Nosotros Somos una peque\u00f1a empresa familiar con mas de 30 a\u00f1os de experiencia en el sector de la Iluminacion. En el 2009, a\u00f1o en el que tome el relevo de Juma, quise adentrarme en el mundo de la decoraci\u00f3n, algo que me entusiasmaba desde hac\u00eda a\u00f1os. En nuestra tienda encontraras todos los productos para [&hellip;]<\/p>\n","protected":false},"author":1,"featured_media":0,"parent":0,"menu_order":0,"comment_status":"closed","ping_status":"closed","template":"elementor_canvas","meta":{"footnotes":""},"class_list":["post-42","page","type-page","status-publish","hentry"],"yoast_head":"<!-- This site is optimized with the Yoast SEO plugin v27.5 - https:\/\/yoast.com\/product\/yoast-seo-wordpress\/ -->\n<title>Sobre Nosotros - Juma Iluminaci\u00f3n<\/title>\n<meta name=\"robots\" content=\"index, follow, max-snippet:-1, max-image-preview:large, max-video-preview:-1\" \/>\n<link rel=\"canonical\" href=\"https:\/\/jumailuminacion.com\/eu\/sobre-nosotros\/\" \/>\n<meta property=\"og:locale\" content=\"en_US\" \/>\n<meta property=\"og:type\" content=\"article\" \/>\n<meta property=\"og:title\" content=\"Sobre Nosotros - Juma Iluminaci\u00f3n\" \/>\n<meta property=\"og:description\" content=\"Sobre Nosotros Somos una peque\u00f1a empresa familiar con mas de 30 a\u00f1os de experiencia en el sector de la Iluminacion. En el 2009, a\u00f1o en el que tome el relevo de Juma, quise adentrarme en el mundo de la decoraci\u00f3n, algo que me entusiasmaba desde hac\u00eda a\u00f1os. En nuestra tienda encontraras todos los productos para [&hellip;]\" \/>\n<meta property=\"og:url\" content=\"https:\/\/jumailuminacion.com\/eu\/sobre-nosotros\/\" \/>\n<meta property=\"og:site_name\" content=\"Juma Iluminaci\u00f3n\" \/>\n<meta property=\"article:modified_time\" content=\"2023-11-29T12:35:54+00:00\" \/>\n<meta property=\"og:image\" content=\"https:\/\/jumailuminacion.com\/wp-content\/uploads\/2023\/07\/girl-read-book-at-night-on-the-mountain-with-abat-jour-lamp-1024x576.jpg\" \/>\n<meta name=\"twitter:card\" content=\"summary_large_image\" \/>\n<meta name=\"twitter:label1\" content=\"Est. reading time\" \/>\n\t<meta name=\"twitter:data1\" content=\"2 minutua\" \/>\n<script type=\"application\/ld+json\" class=\"yoast-schema-graph\">{\"@context\":\"https:\\\/\\\/schema.org\",\"@graph\":[{\"@type\":\"WebPage\",\"@id\":\"https:\\\/\\\/jumailuminacion.com\\\/sobre-nosotros\\\/\",\"url\":\"https:\\\/\\\/jumailuminacion.com\\\/sobre-nosotros\\\/\",\"name\":\"Sobre Nosotros - Juma Iluminaci\u00f3n\",\"isPartOf\":{\"@id\":\"https:\\\/\\\/jumailuminacion.com\\\/#website\"},\"primaryImageOfPage\":{\"@id\":\"https:\\\/\\\/jumailuminacion.com\\\/sobre-nosotros\\\/#primaryimage\"},\"image\":{\"@id\":\"https:\\\/\\\/jumailuminacion.com\\\/sobre-nosotros\\\/#primaryimage\"},\"thumbnailUrl\":\"https:\\\/\\\/jumailuminacion.com\\\/wp-content\\\/uploads\\\/2023\\\/07\\\/girl-read-book-at-night-on-the-mountain-with-abat-jour-lamp-1024x576.jpg\",\"datePublished\":\"2023-07-10T10:04:03+00:00\",\"dateModified\":\"2023-11-29T12:35:54+00:00\",\"breadcrumb\":{\"@id\":\"https:\\\/\\\/jumailuminacion.com\\\/sobre-nosotros\\\/#breadcrumb\"},\"inLanguage\":\"eu\",\"potentialAction\":[{\"@type\":\"ReadAction\",\"target\":[\"https:\\\/\\\/jumailuminacion.com\\\/sobre-nosotros\\\/\"]}]},{\"@type\":\"ImageObject\",\"inLanguage\":\"eu\",\"@id\":\"https:\\\/\\\/jumailuminacion.com\\\/sobre-nosotros\\\/#primaryimage\",\"url\":\"https:\\\/\\\/jumailuminacion.com\\\/wp-content\\\/uploads\\\/2023\\\/07\\\/girl-read-book-at-night-on-the-mountain-with-abat-jour-lamp-1024x576.jpg\",\"contentUrl\":\"https:\\\/\\\/jumailuminacion.com\\\/wp-content\\\/uploads\\\/2023\\\/07\\\/girl-read-book-at-night-on-the-mountain-with-abat-jour-lamp-1024x576.jpg\"},{\"@type\":\"BreadcrumbList\",\"@id\":\"https:\\\/\\\/jumailuminacion.com\\\/sobre-nosotros\\\/#breadcrumb\",\"itemListElement\":[{\"@type\":\"ListItem\",\"position\":1,\"name\":\"Portada\",\"item\":\"https:\\\/\\\/jumailuminacion.com\\\/\"},{\"@type\":\"ListItem\",\"position\":2,\"name\":\"Sobre Nosotros\"}]},{\"@type\":\"WebSite\",\"@id\":\"https:\\\/\\\/jumailuminacion.com\\\/#website\",\"url\":\"https:\\\/\\\/jumailuminacion.com\\\/\",\"name\":\"Juma Iluminaci\u00f3n\",\"description\":\"Iluminaci\u00f3n y Decoraci\u00f3n\",\"publisher\":{\"@id\":\"https:\\\/\\\/jumailuminacion.com\\\/#organization\"},\"potentialAction\":[{\"@type\":\"SearchAction\",\"target\":{\"@type\":\"EntryPoint\",\"urlTemplate\":\"https:\\\/\\\/jumailuminacion.com\\\/?s={search_term_string}\"},\"query-input\":{\"@type\":\"PropertyValueSpecification\",\"valueRequired\":true,\"valueName\":\"search_term_string\"}}],\"inLanguage\":\"eu\"},{\"@type\":\"Organization\",\"@id\":\"https:\\\/\\\/jumailuminacion.com\\\/#organization\",\"name\":\"Juma Iluminaci\u00f3n\",\"url\":\"https:\\\/\\\/jumailuminacion.com\\\/\",\"logo\":{\"@type\":\"ImageObject\",\"inLanguage\":\"eu\",\"@id\":\"https:\\\/\\\/jumailuminacion.com\\\/#\\\/schema\\\/logo\\\/image\\\/\",\"url\":\"https:\\\/\\\/jumailuminacion.com\\\/wp-content\\\/uploads\\\/2023\\\/07\\\/cropped-WhatsApp-Image-2023-07-10-at-11.40.47.jpg\",\"contentUrl\":\"https:\\\/\\\/jumailuminacion.com\\\/wp-content\\\/uploads\\\/2023\\\/07\\\/cropped-WhatsApp-Image-2023-07-10-at-11.40.47.jpg\",\"width\":384,\"height\":372,\"caption\":\"Juma Iluminaci\u00f3n\"},\"image\":{\"@id\":\"https:\\\/\\\/jumailuminacion.com\\\/#\\\/schema\\\/logo\\\/image\\\/\"}}]}<\/script>\n<!-- \/ Yoast SEO plugin. -->","yoast_head_json":{"title":"Sobre Nosotros - Juma Iluminaci\u00f3n","robots":{"index":"index","follow":"follow","max-snippet":"max-snippet:-1","max-image-preview":"max-image-preview:large","max-video-preview":"max-video-preview:-1"},"canonical":"https:\/\/jumailuminacion.com\/eu\/sobre-nosotros\/","og_locale":"en_US","og_type":"article","og_title":"Sobre Nosotros - Juma Iluminaci\u00f3n","og_description":"Sobre Nosotros Somos una peque\u00f1a empresa familiar con mas de 30 a\u00f1os de experiencia en el sector de la Iluminacion. En el 2009, a\u00f1o en el que tome el relevo de Juma, quise adentrarme en el mundo de la decoraci\u00f3n, algo que me entusiasmaba desde hac\u00eda a\u00f1os. En nuestra tienda encontraras todos los productos para [&hellip;]","og_url":"https:\/\/jumailuminacion.com\/eu\/sobre-nosotros\/","og_site_name":"Juma Iluminaci\u00f3n","article_modified_time":"2023-11-29T12:35:54+00:00","og_image":[{"url":"https:\/\/jumailuminacion.com\/wp-content\/uploads\/2023\/07\/girl-read-book-at-night-on-the-mountain-with-abat-jour-lamp-1024x576.jpg","type":"","width":"","height":""}],"twitter_card":"summary_large_image","twitter_misc":{"Est. reading time":"2 minutua"},"schema":{"@context":"https:\/\/schema.org","@graph":[{"@type":"WebPage","@id":"https:\/\/jumailuminacion.com\/sobre-nosotros\/","url":"https:\/\/jumailuminacion.com\/sobre-nosotros\/","name":"Sobre Nosotros - Juma Iluminaci\u00f3n","isPartOf":{"@id":"https:\/\/jumailuminacion.com\/#website"},"primaryImageOfPage":{"@id":"https:\/\/jumailuminacion.com\/sobre-nosotros\/#primaryimage"},"image":{"@id":"https:\/\/jumailuminacion.com\/sobre-nosotros\/#primaryimage"},"thumbnailUrl":"https:\/\/jumailuminacion.com\/wp-content\/uploads\/2023\/07\/girl-read-book-at-night-on-the-mountain-with-abat-jour-lamp-1024x576.jpg","datePublished":"2023-07-10T10:04:03+00:00","dateModified":"2023-11-29T12:35:54+00:00","breadcrumb":{"@id":"https:\/\/jumailuminacion.com\/sobre-nosotros\/#breadcrumb"},"inLanguage":"eu","potentialAction":[{"@type":"ReadAction","target":["https:\/\/jumailuminacion.com\/sobre-nosotros\/"]}]},{"@type":"ImageObject","inLanguage":"eu","@id":"https:\/\/jumailuminacion.com\/sobre-nosotros\/#primaryimage","url":"https:\/\/jumailuminacion.com\/wp-content\/uploads\/2023\/07\/girl-read-book-at-night-on-the-mountain-with-abat-jour-lamp-1024x576.jpg","contentUrl":"https:\/\/jumailuminacion.com\/wp-content\/uploads\/2023\/07\/girl-read-book-at-night-on-the-mountain-with-abat-jour-lamp-1024x576.jpg"},{"@type":"BreadcrumbList","@id":"https:\/\/jumailuminacion.com\/sobre-nosotros\/#breadcrumb","itemListElement":[{"@type":"ListItem","position":1,"name":"Portada","item":"https:\/\/jumailuminacion.com\/"},{"@type":"ListItem","position":2,"name":"Sobre Nosotros"}]},{"@type":"WebSite","@id":"https:\/\/jumailuminacion.com\/#website","url":"https:\/\/jumailuminacion.com\/","name":"Juma Iluminaci\u00f3n","description":"Iluminaci\u00f3n y Decoraci\u00f3n","publisher":{"@id":"https:\/\/jumailuminacion.com\/#organization"},"potentialAction":[{"@type":"SearchAction","target":{"@type":"EntryPoint","urlTemplate":"https:\/\/jumailuminacion.com\/?s={search_term_string}"},"query-input":{"@type":"PropertyValueSpecification","valueRequired":true,"valueName":"search_term_string"}}],"inLanguage":"eu"},{"@type":"Organization","@id":"https:\/\/jumailuminacion.com\/#organization","name":"Juma Iluminaci\u00f3n","url":"https:\/\/jumailuminacion.com\/","logo":{"@type":"ImageObject","inLanguage":"eu","@id":"https:\/\/jumailuminacion.com\/#\/schema\/logo\/image\/","url":"https:\/\/jumailuminacion.com\/wp-content\/uploads\/2023\/07\/cropped-WhatsApp-Image-2023-07-10-at-11.40.47.jpg","contentUrl":"https:\/\/jumailuminacion.com\/wp-content\/uploads\/2023\/07\/cropped-WhatsApp-Image-2023-07-10-at-11.40.47.jpg","width":384,"height":372,"caption":"Juma Iluminaci\u00f3n"},"image":{"@id":"https:\/\/jumailuminacion.com\/#\/schema\/logo\/image\/"}}]}},"_links":{"self":[{"href":"https:\/\/jumailuminacion.com\/eu\/wp-json\/wp\/v2\/pages\/42","targetHints":{"allow":["GET"]}}],"collection":[{"href":"https:\/\/jumailuminacion.com\/eu\/wp-json\/wp\/v2\/pages"}],"about":[{"href":"https:\/\/jumailuminacion.com\/eu\/wp-json\/wp\/v2\/types\/page"}],"author":[{"embeddable":true,"href":"https:\/\/jumailuminacion.com\/eu\/wp-json\/wp\/v2\/users\/1"}],"replies":[{"embeddable":true,"href":"https:\/\/jumailuminacion.com\/eu\/wp-json\/wp\/v2\/comments?post=42"}],"version-history":[{"count":134,"href":"https:\/\/jumailuminacion.com\/eu\/wp-json\/wp\/v2\/pages\/42\/revisions"}],"predecessor-version":[{"id":1368,"href":"https:\/\/jumailuminacion.com\/eu\/wp-json\/wp\/v2\/pages\/42\/revisions\/1368"}],"wp:attachment":[{"href":"https:\/\/jumailuminacion.com\/eu\/wp-json\/wp\/v2\/media?parent=42"}],"curies":[{"name":"wp","href":"https:\/\/api.w.org\/{rel}","templated":true}]}}