{"id":1388,"date":"2024-01-28T19:53:13","date_gmt":"2024-01-28T19:53:13","guid":{"rendered":"https:\/\/jumailuminacion.com\/?post_type=product&#038;p=1388"},"modified":"2026-04-13T15:09:59","modified_gmt":"2026-04-13T15:09:59","slug":"hostoak","status":"publish","type":"product","link":"https:\/\/jumailuminacion.com\/eu\/produktua\/hostoak\/","title":{"rendered":"Hostoak"},"content":{"rendered":"<p>Bandeja Hostoak de Resina con Dise\u00f1o de Hojas Beige &#8211; Elemento Decorativo de la Colecci\u00f3n Natural Flecos<\/p>\n<p>Introduce un toque de naturaleza y estilo en tu hogar con la Bandeja de Resina Hojas Beige de la colecci\u00f3n Natural Flecos de Juma. Con dimensiones de 35x14x2 cm, esta bandeja no solo es funcional sino tambi\u00e9n un elegante elemento decorativo. Fabricada en resistente resina, su dise\u00f1o detallado de hojas agrega un toque boho a tus ambientes. No es solo una bandeja, es una declaraci\u00f3n de estilo. \u00a1Haz que tu espacio destaque con esta pieza \u00fanica y exclusiva!<\/p>","protected":false},"excerpt":{"rendered":"<p>Descubre la elegante Bandeja Hostoak de Resina Hojas Beige de Juma. Una adici\u00f3n imprescindible para los amantes del estilo boho. Esta bandeja de 35x14x2 cm, parte de la colecci\u00f3n Natural Flecos, no solo es decorativa, sino tambi\u00e9n funcional. \u00a1A\u00f1ade un toque de naturaleza a tu hogar! Compra ahora y eleva tu decoraci\u00f3n con este exclusivo accesorio.<\/p>","protected":false},"featured_media":1389,"comment_status":"open","ping_status":"closed","template":"","meta":[],"product_brand":[],"product_cat":[19],"product_tag":[51,52,56,50,57,53,55,54],"class_list":{"0":"post-1388","1":"product","2":"type-product","3":"status-publish","4":"has-post-thumbnail","6":"product_cat-decoracion","7":"product_tag-bandeja","8":"product_tag-beige","9":"product_tag-casa","10":"product_tag-decoracion","11":"product_tag-habitacion","12":"product_tag-hoja","13":"product_tag-juma","14":"product_tag-salon","16":"first","17":"instock","18":"purchasable","19":"product-type-simple"},"yoast_head":"<!-- This site is optimized with the Yoast SEO plugin v27.5 - https:\/\/yoast.com\/product\/yoast-seo-wordpress\/ -->\n<title>Hostoak - Juma Iluminaci\u00f3n<\/title>\n<meta name=\"description\" content=\"Descubre la elegante Bandeja Hostoak de Resina Hojas Beige de Juma. Una adici\u00f3n imprescindible para los amantes del estilo boho. Esta bandeja de 35x14x2 cm, parte de la colecci\u00f3n Natural Flecos, no solo es decorativa, sino tambi\u00e9n funcional. \u00a1A\u00f1ade un toque de naturaleza a tu hogar! Compra ahora y eleva tu decoraci\u00f3n con este exclusivo accesorio.\" \/>\n<meta name=\"robots\" content=\"index, follow, max-snippet:-1, max-image-preview:large, max-video-preview:-1\" \/>\n<link rel=\"canonical\" href=\"https:\/\/jumailuminacion.com\/eu\/produktua\/hostoak\/\" \/>\n<meta property=\"og:locale\" content=\"en_US\" \/>\n<meta property=\"og:type\" content=\"article\" \/>\n<meta property=\"og:title\" content=\"Hostoak - Juma Iluminaci\u00f3n\" \/>\n<meta property=\"og:description\" content=\"Descubre la elegante Bandeja Hostoak de Resina Hojas Beige de Juma. Una adici\u00f3n imprescindible para los amantes del estilo boho. Esta bandeja de 35x14x2 cm, parte de la colecci\u00f3n Natural Flecos, no solo es decorativa, sino tambi\u00e9n funcional. \u00a1A\u00f1ade un toque de naturaleza a tu hogar! Compra ahora y eleva tu decoraci\u00f3n con este exclusivo accesorio.\" \/>\n<meta property=\"og:url\" content=\"https:\/\/jumailuminacion.com\/eu\/produktua\/hostoak\/\" \/>\n<meta property=\"og:site_name\" content=\"Juma Iluminaci\u00f3n\" \/>\n<meta property=\"article:modified_time\" content=\"2026-04-13T15:09:59+00:00\" \/>\n<meta property=\"og:image\" content=\"https:\/\/jumailuminacion.com\/wp-content\/uploads\/2024\/01\/3.png\" \/>\n\t<meta property=\"og:image:width\" content=\"1080\" \/>\n\t<meta property=\"og:image:height\" content=\"1080\" \/>\n\t<meta property=\"og:image:type\" content=\"image\/png\" \/>\n<meta name=\"twitter:card\" content=\"summary_large_image\" \/>\n<meta name=\"twitter:label1\" content=\"Est. reading time\" \/>\n\t<meta name=\"twitter:data1\" content=\"1 minutua\" \/>\n<script type=\"application\/ld+json\" class=\"yoast-schema-graph\">{\"@context\":\"https:\\\/\\\/schema.org\",\"@graph\":[{\"@type\":\"WebPage\",\"@id\":\"https:\\\/\\\/jumailuminacion.com\\\/producto\\\/hostoak\\\/\",\"url\":\"https:\\\/\\\/jumailuminacion.com\\\/producto\\\/hostoak\\\/\",\"name\":\"Hostoak - Juma Iluminaci\u00f3n\",\"isPartOf\":{\"@id\":\"https:\\\/\\\/jumailuminacion.com\\\/#website\"},\"primaryImageOfPage\":{\"@id\":\"https:\\\/\\\/jumailuminacion.com\\\/producto\\\/hostoak\\\/#primaryimage\"},\"image\":{\"@id\":\"https:\\\/\\\/jumailuminacion.com\\\/producto\\\/hostoak\\\/#primaryimage\"},\"thumbnailUrl\":\"https:\\\/\\\/jumailuminacion.com\\\/wp-content\\\/uploads\\\/2024\\\/01\\\/3.png\",\"datePublished\":\"2024-01-28T19:53:13+00:00\",\"dateModified\":\"2026-04-13T15:09:59+00:00\",\"description\":\"Descubre la elegante Bandeja Hostoak de Resina Hojas Beige de Juma. Una adici\u00f3n imprescindible para los amantes del estilo boho. Esta bandeja de 35x14x2 cm, parte de la colecci\u00f3n Natural Flecos, no solo es decorativa, sino tambi\u00e9n funcional. \u00a1A\u00f1ade un toque de naturaleza a tu hogar! Compra ahora y eleva tu decoraci\u00f3n con este exclusivo accesorio.\",\"breadcrumb\":{\"@id\":\"https:\\\/\\\/jumailuminacion.com\\\/producto\\\/hostoak\\\/#breadcrumb\"},\"inLanguage\":\"eu\",\"potentialAction\":[{\"@type\":\"ReadAction\",\"target\":[\"https:\\\/\\\/jumailuminacion.com\\\/producto\\\/hostoak\\\/\"]}]},{\"@type\":\"ImageObject\",\"inLanguage\":\"eu\",\"@id\":\"https:\\\/\\\/jumailuminacion.com\\\/producto\\\/hostoak\\\/#primaryimage\",\"url\":\"https:\\\/\\\/jumailuminacion.com\\\/wp-content\\\/uploads\\\/2024\\\/01\\\/3.png\",\"contentUrl\":\"https:\\\/\\\/jumailuminacion.com\\\/wp-content\\\/uploads\\\/2024\\\/01\\\/3.png\",\"width\":1080,\"height\":1080},{\"@type\":\"BreadcrumbList\",\"@id\":\"https:\\\/\\\/jumailuminacion.com\\\/producto\\\/hostoak\\\/#breadcrumb\",\"itemListElement\":[{\"@type\":\"ListItem\",\"position\":1,\"name\":\"Portada\",\"item\":\"https:\\\/\\\/jumailuminacion.com\\\/\"},{\"@type\":\"ListItem\",\"position\":2,\"name\":\"Tienda\",\"item\":\"https:\\\/\\\/jumailuminacion.com\\\/tienda\\\/\"},{\"@type\":\"ListItem\",\"position\":3,\"name\":\"Hostoak\"}]},{\"@type\":\"WebSite\",\"@id\":\"https:\\\/\\\/jumailuminacion.com\\\/#website\",\"url\":\"https:\\\/\\\/jumailuminacion.com\\\/\",\"name\":\"Juma Iluminaci\u00f3n\",\"description\":\"Iluminaci\u00f3n y Decoraci\u00f3n\",\"publisher\":{\"@id\":\"https:\\\/\\\/jumailuminacion.com\\\/#organization\"},\"potentialAction\":[{\"@type\":\"SearchAction\",\"target\":{\"@type\":\"EntryPoint\",\"urlTemplate\":\"https:\\\/\\\/jumailuminacion.com\\\/?s={search_term_string}\"},\"query-input\":{\"@type\":\"PropertyValueSpecification\",\"valueRequired\":true,\"valueName\":\"search_term_string\"}}],\"inLanguage\":\"eu\"},{\"@type\":\"Organization\",\"@id\":\"https:\\\/\\\/jumailuminacion.com\\\/#organization\",\"name\":\"Juma Iluminaci\u00f3n\",\"url\":\"https:\\\/\\\/jumailuminacion.com\\\/\",\"logo\":{\"@type\":\"ImageObject\",\"inLanguage\":\"eu\",\"@id\":\"https:\\\/\\\/jumailuminacion.com\\\/#\\\/schema\\\/logo\\\/image\\\/\",\"url\":\"https:\\\/\\\/jumailuminacion.com\\\/wp-content\\\/uploads\\\/2023\\\/07\\\/cropped-WhatsApp-Image-2023-07-10-at-11.40.47.jpg\",\"contentUrl\":\"https:\\\/\\\/jumailuminacion.com\\\/wp-content\\\/uploads\\\/2023\\\/07\\\/cropped-WhatsApp-Image-2023-07-10-at-11.40.47.jpg\",\"width\":384,\"height\":372,\"caption\":\"Juma Iluminaci\u00f3n\"},\"image\":{\"@id\":\"https:\\\/\\\/jumailuminacion.com\\\/#\\\/schema\\\/logo\\\/image\\\/\"}}]}<\/script>\n<!-- \/ Yoast SEO plugin. -->","yoast_head_json":{"title":"Hostoak - Juma Iluminaci\u00f3n","description":"Descubre la elegante Bandeja Hostoak de Resina Hojas Beige de Juma. Una adici\u00f3n imprescindible para los amantes del estilo boho. Esta bandeja de 35x14x2 cm, parte de la colecci\u00f3n Natural Flecos, no solo es decorativa, sino tambi\u00e9n funcional. \u00a1A\u00f1ade un toque de naturaleza a tu hogar! Compra ahora y eleva tu decoraci\u00f3n con este exclusivo accesorio.","robots":{"index":"index","follow":"follow","max-snippet":"max-snippet:-1","max-image-preview":"max-image-preview:large","max-video-preview":"max-video-preview:-1"},"canonical":"https:\/\/jumailuminacion.com\/eu\/produktua\/hostoak\/","og_locale":"en_US","og_type":"article","og_title":"Hostoak - Juma Iluminaci\u00f3n","og_description":"Descubre la elegante Bandeja Hostoak de Resina Hojas Beige de Juma. Una adici\u00f3n imprescindible para los amantes del estilo boho. Esta bandeja de 35x14x2 cm, parte de la colecci\u00f3n Natural Flecos, no solo es decorativa, sino tambi\u00e9n funcional. \u00a1A\u00f1ade un toque de naturaleza a tu hogar! Compra ahora y eleva tu decoraci\u00f3n con este exclusivo accesorio.","og_url":"https:\/\/jumailuminacion.com\/eu\/produktua\/hostoak\/","og_site_name":"Juma Iluminaci\u00f3n","article_modified_time":"2026-04-13T15:09:59+00:00","og_image":[{"width":1080,"height":1080,"url":"https:\/\/jumailuminacion.com\/wp-content\/uploads\/2024\/01\/3.png","type":"image\/png"}],"twitter_card":"summary_large_image","twitter_misc":{"Est. reading time":"1 minutua"},"schema":{"@context":"https:\/\/schema.org","@graph":[{"@type":"WebPage","@id":"https:\/\/jumailuminacion.com\/producto\/hostoak\/","url":"https:\/\/jumailuminacion.com\/producto\/hostoak\/","name":"Hostoak - Juma Iluminaci\u00f3n","isPartOf":{"@id":"https:\/\/jumailuminacion.com\/#website"},"primaryImageOfPage":{"@id":"https:\/\/jumailuminacion.com\/producto\/hostoak\/#primaryimage"},"image":{"@id":"https:\/\/jumailuminacion.com\/producto\/hostoak\/#primaryimage"},"thumbnailUrl":"https:\/\/jumailuminacion.com\/wp-content\/uploads\/2024\/01\/3.png","datePublished":"2024-01-28T19:53:13+00:00","dateModified":"2026-04-13T15:09:59+00:00","description":"Descubre la elegante Bandeja Hostoak de Resina Hojas Beige de Juma. Una adici\u00f3n imprescindible para los amantes del estilo boho. Esta bandeja de 35x14x2 cm, parte de la colecci\u00f3n Natural Flecos, no solo es decorativa, sino tambi\u00e9n funcional. \u00a1A\u00f1ade un toque de naturaleza a tu hogar! Compra ahora y eleva tu decoraci\u00f3n con este exclusivo accesorio.","breadcrumb":{"@id":"https:\/\/jumailuminacion.com\/producto\/hostoak\/#breadcrumb"},"inLanguage":"eu","potentialAction":[{"@type":"ReadAction","target":["https:\/\/jumailuminacion.com\/producto\/hostoak\/"]}]},{"@type":"ImageObject","inLanguage":"eu","@id":"https:\/\/jumailuminacion.com\/producto\/hostoak\/#primaryimage","url":"https:\/\/jumailuminacion.com\/wp-content\/uploads\/2024\/01\/3.png","contentUrl":"https:\/\/jumailuminacion.com\/wp-content\/uploads\/2024\/01\/3.png","width":1080,"height":1080},{"@type":"BreadcrumbList","@id":"https:\/\/jumailuminacion.com\/producto\/hostoak\/#breadcrumb","itemListElement":[{"@type":"ListItem","position":1,"name":"Portada","item":"https:\/\/jumailuminacion.com\/"},{"@type":"ListItem","position":2,"name":"Tienda","item":"https:\/\/jumailuminacion.com\/tienda\/"},{"@type":"ListItem","position":3,"name":"Hostoak"}]},{"@type":"WebSite","@id":"https:\/\/jumailuminacion.com\/#website","url":"https:\/\/jumailuminacion.com\/","name":"Juma Iluminaci\u00f3n","description":"Iluminaci\u00f3n y Decoraci\u00f3n","publisher":{"@id":"https:\/\/jumailuminacion.com\/#organization"},"potentialAction":[{"@type":"SearchAction","target":{"@type":"EntryPoint","urlTemplate":"https:\/\/jumailuminacion.com\/?s={search_term_string}"},"query-input":{"@type":"PropertyValueSpecification","valueRequired":true,"valueName":"search_term_string"}}],"inLanguage":"eu"},{"@type":"Organization","@id":"https:\/\/jumailuminacion.com\/#organization","name":"Juma Iluminaci\u00f3n","url":"https:\/\/jumailuminacion.com\/","logo":{"@type":"ImageObject","inLanguage":"eu","@id":"https:\/\/jumailuminacion.com\/#\/schema\/logo\/image\/","url":"https:\/\/jumailuminacion.com\/wp-content\/uploads\/2023\/07\/cropped-WhatsApp-Image-2023-07-10-at-11.40.47.jpg","contentUrl":"https:\/\/jumailuminacion.com\/wp-content\/uploads\/2023\/07\/cropped-WhatsApp-Image-2023-07-10-at-11.40.47.jpg","width":384,"height":372,"caption":"Juma Iluminaci\u00f3n"},"image":{"@id":"https:\/\/jumailuminacion.com\/#\/schema\/logo\/image\/"}}]}},"_links":{"self":[{"href":"https:\/\/jumailuminacion.com\/eu\/wp-json\/wp\/v2\/product\/1388","targetHints":{"allow":["GET"]}}],"collection":[{"href":"https:\/\/jumailuminacion.com\/eu\/wp-json\/wp\/v2\/product"}],"about":[{"href":"https:\/\/jumailuminacion.com\/eu\/wp-json\/wp\/v2\/types\/product"}],"replies":[{"embeddable":true,"href":"https:\/\/jumailuminacion.com\/eu\/wp-json\/wp\/v2\/comments?post=1388"}],"wp:featuredmedia":[{"embeddable":true,"href":"https:\/\/jumailuminacion.com\/eu\/wp-json\/wp\/v2\/media\/1389"}],"wp:attachment":[{"href":"https:\/\/jumailuminacion.com\/eu\/wp-json\/wp\/v2\/media?parent=1388"}],"wp:term":[{"taxonomy":"product_brand","embeddable":true,"href":"https:\/\/jumailuminacion.com\/eu\/wp-json\/wp\/v2\/product_brand?post=1388"},{"taxonomy":"product_cat","embeddable":true,"href":"https:\/\/jumailuminacion.com\/eu\/wp-json\/wp\/v2\/product_cat?post=1388"},{"taxonomy":"product_tag","embeddable":true,"href":"https:\/\/jumailuminacion.com\/eu\/wp-json\/wp\/v2\/product_tag?post=1388"}],"curies":[{"name":"wp","href":"https:\/\/api.w.org\/{rel}","templated":true}]}}