{"id":1436,"date":"2024-01-31T20:03:04","date_gmt":"2024-01-31T20:03:04","guid":{"rendered":"https:\/\/jumailuminacion.com\/?post_type=product&#038;p=1436"},"modified":"2025-03-10T17:45:07","modified_gmt":"2025-03-10T17:45:07","slug":"copa-baso","status":"publish","type":"product","link":"https:\/\/jumailuminacion.com\/eu\/produktua\/copa-baso\/","title":{"rendered":"Copa Verde"},"content":{"rendered":"<p>Set de 6 Copas de Cristal Grabado Verde 240ml &#8211; Elegancia Natural de la Colecci\u00f3n Sea Side en Juma<\/p>\n<p>Embellece tus momentos especiales con el Set de 6 Copas de Cristal Grabado Verde. Cada copa, con dimensiones de 8x8x15,5 cm y una capacidad de 240ml, presenta un cautivador grabado verde que evoca la frescura del bosque. Parte de la colecci\u00f3n Sea Side, estas copas son perfectas para ambientar tus ocasiones b\u00e1sicas con un toque natural y elegante. Presentadas en una encantadora caja regalo de 6 unidades, son ideales como regalo o para complementar tu vajilla. Adem\u00e1s, son aptas para lavavajillas, asegurando comodidad y practicidad en cada uso. Eleva tus experiencias con el encanto natural de estas Copas.<\/p>","protected":false},"excerpt":{"rendered":"<p>Embellece tus momentos especiales con el Set de 6 Copas Baso de Cristal Grabado Verde. Cada copa, con dimensiones de 8x8x15,5 cm y una capacidad de 240ml, presenta un cautivador grabado verde que evoca la frescura del bosque. Parte de la colecci\u00f3n Sea Side, estas copas son perfectas para ambientar tus ocasiones b\u00e1sicas con un toque natural y elegante. Presentadas en una encantadora caja regalo de 6 unidades, son ideales como regalo o para complementar tu vajilla. Adem\u00e1s, son aptas para lavavajillas, asegurando comodidad y practicidad en cada uso. Eleva tus experiencias con el encanto natural de las Copas Baso.<\/p>","protected":false},"featured_media":1438,"comment_status":"open","ping_status":"closed","template":"","meta":[],"product_brand":[],"product_cat":[65],"product_tag":[56,50,57,55],"class_list":{"0":"post-1436","1":"product","2":"type-product","3":"status-publish","4":"has-post-thumbnail","6":"product_cat-menaje","7":"product_tag-casa","8":"product_tag-decoracion","9":"product_tag-habitacion","10":"product_tag-juma","12":"first","13":"outofstock","14":"purchasable","15":"product-type-simple"},"yoast_head":"<!-- This site is optimized with the Yoast SEO plugin v27.5 - https:\/\/yoast.com\/product\/yoast-seo-wordpress\/ -->\n<title>Copa Verde - Juma Iluminaci\u00f3n<\/title>\n<meta name=\"description\" content=\"Embellece tus momentos especiales con el Set de 6 Copas de Cristal Grabado Verde. Cada copa, con dimensiones de 8x8x15,5 cm y una capacidad de 240ml, presenta un cautivador grabado verde que evoca la frescura del bosque. Parte de la colecci\u00f3n Sea Side, estas copas son perfectas para ambientar tus ocasiones b\u00e1sicas con un toque natural y elegante. Presentadas en una encantadora caja regalo de 6 unidades, son ideales como regalo o para complementar tu vajilla. Adem\u00e1s, son aptas para lavavajillas, asegurando comodidad y practicidad en cada uso. Eleva tus experiencias con el encanto natural de estas Copas.\" \/>\n<meta name=\"robots\" content=\"index, follow, max-snippet:-1, max-image-preview:large, max-video-preview:-1\" \/>\n<link rel=\"canonical\" href=\"https:\/\/jumailuminacion.com\/eu\/produktua\/copa-baso\/\" \/>\n<meta property=\"og:locale\" content=\"en_US\" \/>\n<meta property=\"og:type\" content=\"article\" \/>\n<meta property=\"og:title\" content=\"Copa Verde - Juma Iluminaci\u00f3n\" \/>\n<meta property=\"og:description\" content=\"Embellece tus momentos especiales con el Set de 6 Copas de Cristal Grabado Verde. Cada copa, con dimensiones de 8x8x15,5 cm y una capacidad de 240ml, presenta un cautivador grabado verde que evoca la frescura del bosque. Parte de la colecci\u00f3n Sea Side, estas copas son perfectas para ambientar tus ocasiones b\u00e1sicas con un toque natural y elegante. Presentadas en una encantadora caja regalo de 6 unidades, son ideales como regalo o para complementar tu vajilla. Adem\u00e1s, son aptas para lavavajillas, asegurando comodidad y practicidad en cada uso. Eleva tus experiencias con el encanto natural de estas Copas.\" \/>\n<meta property=\"og:url\" content=\"https:\/\/jumailuminacion.com\/eu\/produktua\/copa-baso\/\" \/>\n<meta property=\"og:site_name\" content=\"Juma Iluminaci\u00f3n\" \/>\n<meta property=\"article:modified_time\" content=\"2025-03-10T17:45:07+00:00\" \/>\n<meta property=\"og:image\" content=\"https:\/\/jumailuminacion.com\/wp-content\/uploads\/2024\/01\/1-2-2.png\" \/>\n\t<meta property=\"og:image:width\" content=\"1080\" \/>\n\t<meta property=\"og:image:height\" content=\"1080\" \/>\n\t<meta property=\"og:image:type\" content=\"image\/png\" \/>\n<meta name=\"twitter:card\" content=\"summary_large_image\" \/>\n<meta name=\"twitter:label1\" content=\"Est. reading time\" \/>\n\t<meta name=\"twitter:data1\" content=\"1 minutua\" \/>\n<script type=\"application\/ld+json\" class=\"yoast-schema-graph\">{\"@context\":\"https:\\\/\\\/schema.org\",\"@graph\":[{\"@type\":\"WebPage\",\"@id\":\"https:\\\/\\\/jumailuminacion.com\\\/producto\\\/copa-baso\\\/\",\"url\":\"https:\\\/\\\/jumailuminacion.com\\\/producto\\\/copa-baso\\\/\",\"name\":\"Copa Verde - Juma Iluminaci\u00f3n\",\"isPartOf\":{\"@id\":\"https:\\\/\\\/jumailuminacion.com\\\/#website\"},\"primaryImageOfPage\":{\"@id\":\"https:\\\/\\\/jumailuminacion.com\\\/producto\\\/copa-baso\\\/#primaryimage\"},\"image\":{\"@id\":\"https:\\\/\\\/jumailuminacion.com\\\/producto\\\/copa-baso\\\/#primaryimage\"},\"thumbnailUrl\":\"https:\\\/\\\/jumailuminacion.com\\\/wp-content\\\/uploads\\\/2024\\\/01\\\/1-2-2.png\",\"datePublished\":\"2024-01-31T20:03:04+00:00\",\"dateModified\":\"2025-03-10T17:45:07+00:00\",\"description\":\"Embellece tus momentos especiales con el Set de 6 Copas de Cristal Grabado Verde. Cada copa, con dimensiones de 8x8x15,5 cm y una capacidad de 240ml, presenta un cautivador grabado verde que evoca la frescura del bosque. Parte de la colecci\u00f3n Sea Side, estas copas son perfectas para ambientar tus ocasiones b\u00e1sicas con un toque natural y elegante. Presentadas en una encantadora caja regalo de 6 unidades, son ideales como regalo o para complementar tu vajilla. Adem\u00e1s, son aptas para lavavajillas, asegurando comodidad y practicidad en cada uso. Eleva tus experiencias con el encanto natural de estas Copas.\",\"breadcrumb\":{\"@id\":\"https:\\\/\\\/jumailuminacion.com\\\/producto\\\/copa-baso\\\/#breadcrumb\"},\"inLanguage\":\"eu\",\"potentialAction\":[{\"@type\":\"ReadAction\",\"target\":[\"https:\\\/\\\/jumailuminacion.com\\\/producto\\\/copa-baso\\\/\"]}]},{\"@type\":\"ImageObject\",\"inLanguage\":\"eu\",\"@id\":\"https:\\\/\\\/jumailuminacion.com\\\/producto\\\/copa-baso\\\/#primaryimage\",\"url\":\"https:\\\/\\\/jumailuminacion.com\\\/wp-content\\\/uploads\\\/2024\\\/01\\\/1-2-2.png\",\"contentUrl\":\"https:\\\/\\\/jumailuminacion.com\\\/wp-content\\\/uploads\\\/2024\\\/01\\\/1-2-2.png\",\"width\":1080,\"height\":1080},{\"@type\":\"BreadcrumbList\",\"@id\":\"https:\\\/\\\/jumailuminacion.com\\\/producto\\\/copa-baso\\\/#breadcrumb\",\"itemListElement\":[{\"@type\":\"ListItem\",\"position\":1,\"name\":\"Portada\",\"item\":\"https:\\\/\\\/jumailuminacion.com\\\/\"},{\"@type\":\"ListItem\",\"position\":2,\"name\":\"Tienda\",\"item\":\"https:\\\/\\\/jumailuminacion.com\\\/tienda\\\/\"},{\"@type\":\"ListItem\",\"position\":3,\"name\":\"Copa Verde\"}]},{\"@type\":\"WebSite\",\"@id\":\"https:\\\/\\\/jumailuminacion.com\\\/#website\",\"url\":\"https:\\\/\\\/jumailuminacion.com\\\/\",\"name\":\"Juma Iluminaci\u00f3n\",\"description\":\"Iluminaci\u00f3n y Decoraci\u00f3n\",\"publisher\":{\"@id\":\"https:\\\/\\\/jumailuminacion.com\\\/#organization\"},\"potentialAction\":[{\"@type\":\"SearchAction\",\"target\":{\"@type\":\"EntryPoint\",\"urlTemplate\":\"https:\\\/\\\/jumailuminacion.com\\\/?s={search_term_string}\"},\"query-input\":{\"@type\":\"PropertyValueSpecification\",\"valueRequired\":true,\"valueName\":\"search_term_string\"}}],\"inLanguage\":\"eu\"},{\"@type\":\"Organization\",\"@id\":\"https:\\\/\\\/jumailuminacion.com\\\/#organization\",\"name\":\"Juma Iluminaci\u00f3n\",\"url\":\"https:\\\/\\\/jumailuminacion.com\\\/\",\"logo\":{\"@type\":\"ImageObject\",\"inLanguage\":\"eu\",\"@id\":\"https:\\\/\\\/jumailuminacion.com\\\/#\\\/schema\\\/logo\\\/image\\\/\",\"url\":\"https:\\\/\\\/jumailuminacion.com\\\/wp-content\\\/uploads\\\/2023\\\/07\\\/cropped-WhatsApp-Image-2023-07-10-at-11.40.47.jpg\",\"contentUrl\":\"https:\\\/\\\/jumailuminacion.com\\\/wp-content\\\/uploads\\\/2023\\\/07\\\/cropped-WhatsApp-Image-2023-07-10-at-11.40.47.jpg\",\"width\":384,\"height\":372,\"caption\":\"Juma Iluminaci\u00f3n\"},\"image\":{\"@id\":\"https:\\\/\\\/jumailuminacion.com\\\/#\\\/schema\\\/logo\\\/image\\\/\"}}]}<\/script>\n<!-- \/ Yoast SEO plugin. -->","yoast_head_json":{"title":"Copa Verde - Juma Iluminaci\u00f3n","description":"Embellece tus momentos especiales con el Set de 6 Copas de Cristal Grabado Verde. Cada copa, con dimensiones de 8x8x15,5 cm y una capacidad de 240ml, presenta un cautivador grabado verde que evoca la frescura del bosque. Parte de la colecci\u00f3n Sea Side, estas copas son perfectas para ambientar tus ocasiones b\u00e1sicas con un toque natural y elegante. Presentadas en una encantadora caja regalo de 6 unidades, son ideales como regalo o para complementar tu vajilla. Adem\u00e1s, son aptas para lavavajillas, asegurando comodidad y practicidad en cada uso. Eleva tus experiencias con el encanto natural de estas Copas.","robots":{"index":"index","follow":"follow","max-snippet":"max-snippet:-1","max-image-preview":"max-image-preview:large","max-video-preview":"max-video-preview:-1"},"canonical":"https:\/\/jumailuminacion.com\/eu\/produktua\/copa-baso\/","og_locale":"en_US","og_type":"article","og_title":"Copa Verde - Juma Iluminaci\u00f3n","og_description":"Embellece tus momentos especiales con el Set de 6 Copas de Cristal Grabado Verde. Cada copa, con dimensiones de 8x8x15,5 cm y una capacidad de 240ml, presenta un cautivador grabado verde que evoca la frescura del bosque. Parte de la colecci\u00f3n Sea Side, estas copas son perfectas para ambientar tus ocasiones b\u00e1sicas con un toque natural y elegante. Presentadas en una encantadora caja regalo de 6 unidades, son ideales como regalo o para complementar tu vajilla. Adem\u00e1s, son aptas para lavavajillas, asegurando comodidad y practicidad en cada uso. Eleva tus experiencias con el encanto natural de estas Copas.","og_url":"https:\/\/jumailuminacion.com\/eu\/produktua\/copa-baso\/","og_site_name":"Juma Iluminaci\u00f3n","article_modified_time":"2025-03-10T17:45:07+00:00","og_image":[{"width":1080,"height":1080,"url":"https:\/\/jumailuminacion.com\/wp-content\/uploads\/2024\/01\/1-2-2.png","type":"image\/png"}],"twitter_card":"summary_large_image","twitter_misc":{"Est. reading time":"1 minutua"},"schema":{"@context":"https:\/\/schema.org","@graph":[{"@type":"WebPage","@id":"https:\/\/jumailuminacion.com\/producto\/copa-baso\/","url":"https:\/\/jumailuminacion.com\/producto\/copa-baso\/","name":"Copa Verde - Juma Iluminaci\u00f3n","isPartOf":{"@id":"https:\/\/jumailuminacion.com\/#website"},"primaryImageOfPage":{"@id":"https:\/\/jumailuminacion.com\/producto\/copa-baso\/#primaryimage"},"image":{"@id":"https:\/\/jumailuminacion.com\/producto\/copa-baso\/#primaryimage"},"thumbnailUrl":"https:\/\/jumailuminacion.com\/wp-content\/uploads\/2024\/01\/1-2-2.png","datePublished":"2024-01-31T20:03:04+00:00","dateModified":"2025-03-10T17:45:07+00:00","description":"Embellece tus momentos especiales con el Set de 6 Copas de Cristal Grabado Verde. Cada copa, con dimensiones de 8x8x15,5 cm y una capacidad de 240ml, presenta un cautivador grabado verde que evoca la frescura del bosque. Parte de la colecci\u00f3n Sea Side, estas copas son perfectas para ambientar tus ocasiones b\u00e1sicas con un toque natural y elegante. Presentadas en una encantadora caja regalo de 6 unidades, son ideales como regalo o para complementar tu vajilla. Adem\u00e1s, son aptas para lavavajillas, asegurando comodidad y practicidad en cada uso. Eleva tus experiencias con el encanto natural de estas Copas.","breadcrumb":{"@id":"https:\/\/jumailuminacion.com\/producto\/copa-baso\/#breadcrumb"},"inLanguage":"eu","potentialAction":[{"@type":"ReadAction","target":["https:\/\/jumailuminacion.com\/producto\/copa-baso\/"]}]},{"@type":"ImageObject","inLanguage":"eu","@id":"https:\/\/jumailuminacion.com\/producto\/copa-baso\/#primaryimage","url":"https:\/\/jumailuminacion.com\/wp-content\/uploads\/2024\/01\/1-2-2.png","contentUrl":"https:\/\/jumailuminacion.com\/wp-content\/uploads\/2024\/01\/1-2-2.png","width":1080,"height":1080},{"@type":"BreadcrumbList","@id":"https:\/\/jumailuminacion.com\/producto\/copa-baso\/#breadcrumb","itemListElement":[{"@type":"ListItem","position":1,"name":"Portada","item":"https:\/\/jumailuminacion.com\/"},{"@type":"ListItem","position":2,"name":"Tienda","item":"https:\/\/jumailuminacion.com\/tienda\/"},{"@type":"ListItem","position":3,"name":"Copa Verde"}]},{"@type":"WebSite","@id":"https:\/\/jumailuminacion.com\/#website","url":"https:\/\/jumailuminacion.com\/","name":"Juma Iluminaci\u00f3n","description":"Iluminaci\u00f3n y Decoraci\u00f3n","publisher":{"@id":"https:\/\/jumailuminacion.com\/#organization"},"potentialAction":[{"@type":"SearchAction","target":{"@type":"EntryPoint","urlTemplate":"https:\/\/jumailuminacion.com\/?s={search_term_string}"},"query-input":{"@type":"PropertyValueSpecification","valueRequired":true,"valueName":"search_term_string"}}],"inLanguage":"eu"},{"@type":"Organization","@id":"https:\/\/jumailuminacion.com\/#organization","name":"Juma Iluminaci\u00f3n","url":"https:\/\/jumailuminacion.com\/","logo":{"@type":"ImageObject","inLanguage":"eu","@id":"https:\/\/jumailuminacion.com\/#\/schema\/logo\/image\/","url":"https:\/\/jumailuminacion.com\/wp-content\/uploads\/2023\/07\/cropped-WhatsApp-Image-2023-07-10-at-11.40.47.jpg","contentUrl":"https:\/\/jumailuminacion.com\/wp-content\/uploads\/2023\/07\/cropped-WhatsApp-Image-2023-07-10-at-11.40.47.jpg","width":384,"height":372,"caption":"Juma Iluminaci\u00f3n"},"image":{"@id":"https:\/\/jumailuminacion.com\/#\/schema\/logo\/image\/"}}]}},"_links":{"self":[{"href":"https:\/\/jumailuminacion.com\/eu\/wp-json\/wp\/v2\/product\/1436","targetHints":{"allow":["GET"]}}],"collection":[{"href":"https:\/\/jumailuminacion.com\/eu\/wp-json\/wp\/v2\/product"}],"about":[{"href":"https:\/\/jumailuminacion.com\/eu\/wp-json\/wp\/v2\/types\/product"}],"replies":[{"embeddable":true,"href":"https:\/\/jumailuminacion.com\/eu\/wp-json\/wp\/v2\/comments?post=1436"}],"wp:featuredmedia":[{"embeddable":true,"href":"https:\/\/jumailuminacion.com\/eu\/wp-json\/wp\/v2\/media\/1438"}],"wp:attachment":[{"href":"https:\/\/jumailuminacion.com\/eu\/wp-json\/wp\/v2\/media?parent=1436"}],"wp:term":[{"taxonomy":"product_brand","embeddable":true,"href":"https:\/\/jumailuminacion.com\/eu\/wp-json\/wp\/v2\/product_brand?post=1436"},{"taxonomy":"product_cat","embeddable":true,"href":"https:\/\/jumailuminacion.com\/eu\/wp-json\/wp\/v2\/product_cat?post=1436"},{"taxonomy":"product_tag","embeddable":true,"href":"https:\/\/jumailuminacion.com\/eu\/wp-json\/wp\/v2\/product_tag?post=1436"}],"curies":[{"name":"wp","href":"https:\/\/api.w.org\/{rel}","templated":true}]}}