{"id":1650,"date":"2024-07-16T09:22:03","date_gmt":"2024-07-16T09:22:03","guid":{"rendered":"https:\/\/jumailuminacion.com\/?post_type=product&#038;p=1650"},"modified":"2025-06-01T00:00:40","modified_gmt":"2025-06-01T00:00:40","slug":"cojin-mariposa-beigs","status":"publish","type":"product","link":"https:\/\/jumailuminacion.com\/eu\/produktua\/cojin-mariposa-beigs\/","title":{"rendered":"COJIN MARIPOSA BEIGS"},"content":{"rendered":"<p>Cojin de 45&#215;45 cubierto con una tele beigs suave y acogedora aporta una sensacion de tranquilidad y elegancia.El estampado del cojin esta adornado con mariposas delicadamente dise\u00f1adas esparcidas por toda la superficie.Las mariposas\u00a0 estan enmarcadas con una pasamaneria de color marron clarito destacando la elegancia del dise\u00f1o sin restarle suavidad.Es perfecto para a\u00f1adir un toque de naturaleza y estilo a cualquier espacio,ya sea en un sofa,cama o silla.<\/p>","protected":false},"excerpt":{"rendered":"<p>Cojin de 45&#215;45 cubierto con una tele beigs suave y acogedora aporta una sensacion de tranquilidad y elegancia.El estampado del cojin esta adornado con mariposas delicadamente dise\u00f1adas esparcidas por toda la superficie.Las mariposas\u00a0 estan enmarcadas con una pasamaneria de color marron clarito destacando la elegancia del dise\u00f1o sin restarle suavidad.Es perfecto para a\u00f1adir un toque de naturaleza y estilo a cualquier espacio,ya sea en un sofa,cama o silla.<\/p>","protected":false},"featured_media":1651,"comment_status":"open","ping_status":"closed","template":"","meta":[],"product_brand":[],"product_cat":[36],"product_tag":[],"class_list":{"0":"post-1650","1":"product","2":"type-product","3":"status-publish","4":"has-post-thumbnail","6":"product_cat-textil","8":"first","9":"instock","10":"purchasable","11":"product-type-simple"},"yoast_head":"<!-- This site is optimized with the Yoast SEO plugin v27.4 - https:\/\/yoast.com\/product\/yoast-seo-wordpress\/ -->\n<title>COJIN MARIPOSA BEIGS - Juma Iluminaci\u00f3n<\/title>\n<meta name=\"description\" content=\"Cojin de 45x45 cubierto con una tele beigs suave y acogedora aporta una sensacion de tranquilidad y elegancia.El estampado del cojin esta adornado con mariposas delicadamente dise\u00f1adas esparcidas por toda la superficie.Las mariposas\u00a0 estan enmarcadas con una pasamaneria de color marron clarito destacando la elegancia del dise\u00f1o sin restarle suavidad.Es perfecto para a\u00f1adir un toque de naturaleza y estilo a cualquier espacio,ya sea en un sofa,cama o silla.\" \/>\n<meta name=\"robots\" content=\"index, follow, max-snippet:-1, max-image-preview:large, max-video-preview:-1\" \/>\n<link rel=\"canonical\" href=\"https:\/\/jumailuminacion.com\/eu\/produktua\/cojin-mariposa-beigs\/\" \/>\n<meta property=\"og:locale\" content=\"en_US\" \/>\n<meta property=\"og:type\" content=\"article\" \/>\n<meta property=\"og:title\" content=\"COJIN MARIPOSA BEIGS - Juma Iluminaci\u00f3n\" \/>\n<meta property=\"og:description\" content=\"Cojin de 45x45 cubierto con una tele beigs suave y acogedora aporta una sensacion de tranquilidad y elegancia.El estampado del cojin esta adornado con mariposas delicadamente dise\u00f1adas esparcidas por toda la superficie.Las mariposas\u00a0 estan enmarcadas con una pasamaneria de color marron clarito destacando la elegancia del dise\u00f1o sin restarle suavidad.Es perfecto para a\u00f1adir un toque de naturaleza y estilo a cualquier espacio,ya sea en un sofa,cama o silla.\" \/>\n<meta property=\"og:url\" content=\"https:\/\/jumailuminacion.com\/eu\/produktua\/cojin-mariposa-beigs\/\" \/>\n<meta property=\"og:site_name\" content=\"Juma Iluminaci\u00f3n\" \/>\n<meta property=\"article:modified_time\" content=\"2025-06-01T00:00:40+00:00\" \/>\n<meta property=\"og:image\" content=\"https:\/\/jumailuminacion.com\/wp-content\/uploads\/2024\/07\/cojin-mariposa-beigs.png\" \/>\n\t<meta property=\"og:image:width\" content=\"1080\" \/>\n\t<meta property=\"og:image:height\" content=\"1080\" \/>\n\t<meta property=\"og:image:type\" content=\"image\/png\" \/>\n<meta name=\"twitter:card\" content=\"summary_large_image\" \/>\n<meta name=\"twitter:label1\" content=\"Est. reading time\" \/>\n\t<meta name=\"twitter:data1\" content=\"1 minutua\" \/>\n<script type=\"application\/ld+json\" class=\"yoast-schema-graph\">{\"@context\":\"https:\\\/\\\/schema.org\",\"@graph\":[{\"@type\":\"WebPage\",\"@id\":\"https:\\\/\\\/jumailuminacion.com\\\/producto\\\/cojin-mariposa-beigs\\\/\",\"url\":\"https:\\\/\\\/jumailuminacion.com\\\/producto\\\/cojin-mariposa-beigs\\\/\",\"name\":\"COJIN MARIPOSA BEIGS - Juma Iluminaci\u00f3n\",\"isPartOf\":{\"@id\":\"https:\\\/\\\/jumailuminacion.com\\\/#website\"},\"primaryImageOfPage\":{\"@id\":\"https:\\\/\\\/jumailuminacion.com\\\/producto\\\/cojin-mariposa-beigs\\\/#primaryimage\"},\"image\":{\"@id\":\"https:\\\/\\\/jumailuminacion.com\\\/producto\\\/cojin-mariposa-beigs\\\/#primaryimage\"},\"thumbnailUrl\":\"https:\\\/\\\/jumailuminacion.com\\\/wp-content\\\/uploads\\\/2024\\\/07\\\/cojin-mariposa-beigs.png\",\"datePublished\":\"2024-07-16T09:22:03+00:00\",\"dateModified\":\"2025-06-01T00:00:40+00:00\",\"description\":\"Cojin de 45x45 cubierto con una tele beigs suave y acogedora aporta una sensacion de tranquilidad y elegancia.El estampado del cojin esta adornado con mariposas delicadamente dise\u00f1adas esparcidas por toda la superficie.Las mariposas\u00a0 estan enmarcadas con una pasamaneria de color marron clarito destacando la elegancia del dise\u00f1o sin restarle suavidad.Es perfecto para a\u00f1adir un toque de naturaleza y estilo a cualquier espacio,ya sea en un sofa,cama o silla.\",\"breadcrumb\":{\"@id\":\"https:\\\/\\\/jumailuminacion.com\\\/producto\\\/cojin-mariposa-beigs\\\/#breadcrumb\"},\"inLanguage\":\"eu\",\"potentialAction\":[{\"@type\":\"ReadAction\",\"target\":[\"https:\\\/\\\/jumailuminacion.com\\\/producto\\\/cojin-mariposa-beigs\\\/\"]}]},{\"@type\":\"ImageObject\",\"inLanguage\":\"eu\",\"@id\":\"https:\\\/\\\/jumailuminacion.com\\\/producto\\\/cojin-mariposa-beigs\\\/#primaryimage\",\"url\":\"https:\\\/\\\/jumailuminacion.com\\\/wp-content\\\/uploads\\\/2024\\\/07\\\/cojin-mariposa-beigs.png\",\"contentUrl\":\"https:\\\/\\\/jumailuminacion.com\\\/wp-content\\\/uploads\\\/2024\\\/07\\\/cojin-mariposa-beigs.png\",\"width\":1080,\"height\":1080},{\"@type\":\"BreadcrumbList\",\"@id\":\"https:\\\/\\\/jumailuminacion.com\\\/producto\\\/cojin-mariposa-beigs\\\/#breadcrumb\",\"itemListElement\":[{\"@type\":\"ListItem\",\"position\":1,\"name\":\"Portada\",\"item\":\"https:\\\/\\\/jumailuminacion.com\\\/\"},{\"@type\":\"ListItem\",\"position\":2,\"name\":\"Tienda\",\"item\":\"https:\\\/\\\/jumailuminacion.com\\\/tienda\\\/\"},{\"@type\":\"ListItem\",\"position\":3,\"name\":\"COJIN MARIPOSA BEIGS\"}]},{\"@type\":\"WebSite\",\"@id\":\"https:\\\/\\\/jumailuminacion.com\\\/#website\",\"url\":\"https:\\\/\\\/jumailuminacion.com\\\/\",\"name\":\"Juma Iluminaci\u00f3n\",\"description\":\"Iluminaci\u00f3n y Decoraci\u00f3n\",\"publisher\":{\"@id\":\"https:\\\/\\\/jumailuminacion.com\\\/#organization\"},\"potentialAction\":[{\"@type\":\"SearchAction\",\"target\":{\"@type\":\"EntryPoint\",\"urlTemplate\":\"https:\\\/\\\/jumailuminacion.com\\\/?s={search_term_string}\"},\"query-input\":{\"@type\":\"PropertyValueSpecification\",\"valueRequired\":true,\"valueName\":\"search_term_string\"}}],\"inLanguage\":\"eu\"},{\"@type\":\"Organization\",\"@id\":\"https:\\\/\\\/jumailuminacion.com\\\/#organization\",\"name\":\"Juma Iluminaci\u00f3n\",\"url\":\"https:\\\/\\\/jumailuminacion.com\\\/\",\"logo\":{\"@type\":\"ImageObject\",\"inLanguage\":\"eu\",\"@id\":\"https:\\\/\\\/jumailuminacion.com\\\/#\\\/schema\\\/logo\\\/image\\\/\",\"url\":\"https:\\\/\\\/jumailuminacion.com\\\/wp-content\\\/uploads\\\/2023\\\/07\\\/cropped-WhatsApp-Image-2023-07-10-at-11.40.47.jpg\",\"contentUrl\":\"https:\\\/\\\/jumailuminacion.com\\\/wp-content\\\/uploads\\\/2023\\\/07\\\/cropped-WhatsApp-Image-2023-07-10-at-11.40.47.jpg\",\"width\":384,\"height\":372,\"caption\":\"Juma Iluminaci\u00f3n\"},\"image\":{\"@id\":\"https:\\\/\\\/jumailuminacion.com\\\/#\\\/schema\\\/logo\\\/image\\\/\"}}]}<\/script>\n<!-- \/ Yoast SEO plugin. -->","yoast_head_json":{"title":"COJIN MARIPOSA BEIGS - Juma Iluminaci\u00f3n","description":"Cojin de 45x45 cubierto con una tele beigs suave y acogedora aporta una sensacion de tranquilidad y elegancia.El estampado del cojin esta adornado con mariposas delicadamente dise\u00f1adas esparcidas por toda la superficie.Las mariposas\u00a0 estan enmarcadas con una pasamaneria de color marron clarito destacando la elegancia del dise\u00f1o sin restarle suavidad.Es perfecto para a\u00f1adir un toque de naturaleza y estilo a cualquier espacio,ya sea en un sofa,cama o silla.","robots":{"index":"index","follow":"follow","max-snippet":"max-snippet:-1","max-image-preview":"max-image-preview:large","max-video-preview":"max-video-preview:-1"},"canonical":"https:\/\/jumailuminacion.com\/eu\/produktua\/cojin-mariposa-beigs\/","og_locale":"en_US","og_type":"article","og_title":"COJIN MARIPOSA BEIGS - Juma Iluminaci\u00f3n","og_description":"Cojin de 45x45 cubierto con una tele beigs suave y acogedora aporta una sensacion de tranquilidad y elegancia.El estampado del cojin esta adornado con mariposas delicadamente dise\u00f1adas esparcidas por toda la superficie.Las mariposas\u00a0 estan enmarcadas con una pasamaneria de color marron clarito destacando la elegancia del dise\u00f1o sin restarle suavidad.Es perfecto para a\u00f1adir un toque de naturaleza y estilo a cualquier espacio,ya sea en un sofa,cama o silla.","og_url":"https:\/\/jumailuminacion.com\/eu\/produktua\/cojin-mariposa-beigs\/","og_site_name":"Juma Iluminaci\u00f3n","article_modified_time":"2025-06-01T00:00:40+00:00","og_image":[{"width":1080,"height":1080,"url":"https:\/\/jumailuminacion.com\/wp-content\/uploads\/2024\/07\/cojin-mariposa-beigs.png","type":"image\/png"}],"twitter_card":"summary_large_image","twitter_misc":{"Est. reading time":"1 minutua"},"schema":{"@context":"https:\/\/schema.org","@graph":[{"@type":"WebPage","@id":"https:\/\/jumailuminacion.com\/producto\/cojin-mariposa-beigs\/","url":"https:\/\/jumailuminacion.com\/producto\/cojin-mariposa-beigs\/","name":"COJIN MARIPOSA BEIGS - Juma Iluminaci\u00f3n","isPartOf":{"@id":"https:\/\/jumailuminacion.com\/#website"},"primaryImageOfPage":{"@id":"https:\/\/jumailuminacion.com\/producto\/cojin-mariposa-beigs\/#primaryimage"},"image":{"@id":"https:\/\/jumailuminacion.com\/producto\/cojin-mariposa-beigs\/#primaryimage"},"thumbnailUrl":"https:\/\/jumailuminacion.com\/wp-content\/uploads\/2024\/07\/cojin-mariposa-beigs.png","datePublished":"2024-07-16T09:22:03+00:00","dateModified":"2025-06-01T00:00:40+00:00","description":"Cojin de 45x45 cubierto con una tele beigs suave y acogedora aporta una sensacion de tranquilidad y elegancia.El estampado del cojin esta adornado con mariposas delicadamente dise\u00f1adas esparcidas por toda la superficie.Las mariposas\u00a0 estan enmarcadas con una pasamaneria de color marron clarito destacando la elegancia del dise\u00f1o sin restarle suavidad.Es perfecto para a\u00f1adir un toque de naturaleza y estilo a cualquier espacio,ya sea en un sofa,cama o silla.","breadcrumb":{"@id":"https:\/\/jumailuminacion.com\/producto\/cojin-mariposa-beigs\/#breadcrumb"},"inLanguage":"eu","potentialAction":[{"@type":"ReadAction","target":["https:\/\/jumailuminacion.com\/producto\/cojin-mariposa-beigs\/"]}]},{"@type":"ImageObject","inLanguage":"eu","@id":"https:\/\/jumailuminacion.com\/producto\/cojin-mariposa-beigs\/#primaryimage","url":"https:\/\/jumailuminacion.com\/wp-content\/uploads\/2024\/07\/cojin-mariposa-beigs.png","contentUrl":"https:\/\/jumailuminacion.com\/wp-content\/uploads\/2024\/07\/cojin-mariposa-beigs.png","width":1080,"height":1080},{"@type":"BreadcrumbList","@id":"https:\/\/jumailuminacion.com\/producto\/cojin-mariposa-beigs\/#breadcrumb","itemListElement":[{"@type":"ListItem","position":1,"name":"Portada","item":"https:\/\/jumailuminacion.com\/"},{"@type":"ListItem","position":2,"name":"Tienda","item":"https:\/\/jumailuminacion.com\/tienda\/"},{"@type":"ListItem","position":3,"name":"COJIN MARIPOSA BEIGS"}]},{"@type":"WebSite","@id":"https:\/\/jumailuminacion.com\/#website","url":"https:\/\/jumailuminacion.com\/","name":"Juma Iluminaci\u00f3n","description":"Iluminaci\u00f3n y Decoraci\u00f3n","publisher":{"@id":"https:\/\/jumailuminacion.com\/#organization"},"potentialAction":[{"@type":"SearchAction","target":{"@type":"EntryPoint","urlTemplate":"https:\/\/jumailuminacion.com\/?s={search_term_string}"},"query-input":{"@type":"PropertyValueSpecification","valueRequired":true,"valueName":"search_term_string"}}],"inLanguage":"eu"},{"@type":"Organization","@id":"https:\/\/jumailuminacion.com\/#organization","name":"Juma Iluminaci\u00f3n","url":"https:\/\/jumailuminacion.com\/","logo":{"@type":"ImageObject","inLanguage":"eu","@id":"https:\/\/jumailuminacion.com\/#\/schema\/logo\/image\/","url":"https:\/\/jumailuminacion.com\/wp-content\/uploads\/2023\/07\/cropped-WhatsApp-Image-2023-07-10-at-11.40.47.jpg","contentUrl":"https:\/\/jumailuminacion.com\/wp-content\/uploads\/2023\/07\/cropped-WhatsApp-Image-2023-07-10-at-11.40.47.jpg","width":384,"height":372,"caption":"Juma Iluminaci\u00f3n"},"image":{"@id":"https:\/\/jumailuminacion.com\/#\/schema\/logo\/image\/"}}]}},"_links":{"self":[{"href":"https:\/\/jumailuminacion.com\/eu\/wp-json\/wp\/v2\/product\/1650","targetHints":{"allow":["GET"]}}],"collection":[{"href":"https:\/\/jumailuminacion.com\/eu\/wp-json\/wp\/v2\/product"}],"about":[{"href":"https:\/\/jumailuminacion.com\/eu\/wp-json\/wp\/v2\/types\/product"}],"replies":[{"embeddable":true,"href":"https:\/\/jumailuminacion.com\/eu\/wp-json\/wp\/v2\/comments?post=1650"}],"wp:featuredmedia":[{"embeddable":true,"href":"https:\/\/jumailuminacion.com\/eu\/wp-json\/wp\/v2\/media\/1651"}],"wp:attachment":[{"href":"https:\/\/jumailuminacion.com\/eu\/wp-json\/wp\/v2\/media?parent=1650"}],"wp:term":[{"taxonomy":"product_brand","embeddable":true,"href":"https:\/\/jumailuminacion.com\/eu\/wp-json\/wp\/v2\/product_brand?post=1650"},{"taxonomy":"product_cat","embeddable":true,"href":"https:\/\/jumailuminacion.com\/eu\/wp-json\/wp\/v2\/product_cat?post=1650"},{"taxonomy":"product_tag","embeddable":true,"href":"https:\/\/jumailuminacion.com\/eu\/wp-json\/wp\/v2\/product_tag?post=1650"}],"curies":[{"name":"wp","href":"https:\/\/api.w.org\/{rel}","templated":true}]}}