{"id":1705,"date":"2024-09-06T10:25:58","date_gmt":"2024-09-06T10:25:58","guid":{"rendered":"https:\/\/jumailuminacion.com\/?post_type=product&#038;p=1705"},"modified":"2024-09-18T15:49:27","modified_gmt":"2024-09-18T15:49:27","slug":"centro-de-acacia-con-pie","status":"publish","type":"product","link":"https:\/\/jumailuminacion.com\/eu\/produktua\/centro-de-acacia-con-pie\/","title":{"rendered":"CENTRO DE ACACIA CON PIE"},"content":{"rendered":"<p>Este centro de madera de acacia es un elemento muy decorativo y funcional utilizado para presentar alimentos o como pieza central para mesas.Sus dimensiones 36x36x14.El pie eleva la base lo que le da un toque elegante.Su dise\u00f1o rustico pero sofisticado lo convierte en un accesorio que combina bien con diferentes estilos de decoracion,como el rustico,el boho o el moderno.<\/p>","protected":false},"excerpt":{"rendered":"<p>Este centro de madera de acacia es un elemento muy decorativo y funcional utilizado para presentar alimentos o como pieza central para mesas.Sus dimensiones 36x36x14.El pie eleva la base lo que le da un toque elegante.Su dise\u00f1o rustico pero sofisticado lo convierte en un accesorio que combina bien con diferentes estilos de decoracion,como el rustico,el boho o el moderno.<\/p>","protected":false},"featured_media":1706,"comment_status":"open","ping_status":"closed","template":"","meta":[],"product_brand":[],"product_cat":[19],"product_tag":[],"class_list":{"0":"post-1705","1":"product","2":"type-product","3":"status-publish","4":"has-post-thumbnail","6":"product_cat-decoracion","8":"first","9":"instock","10":"purchasable","11":"product-type-simple"},"yoast_head":"<!-- This site is optimized with the Yoast SEO plugin v27.5 - https:\/\/yoast.com\/product\/yoast-seo-wordpress\/ -->\n<title>CENTRO DE ACACIA CON PIE - Juma Iluminaci\u00f3n<\/title>\n<meta name=\"description\" content=\"Este centro de madera de acacia es un elemento muy decorativo y funcional utilizado para presentar alimentos o como pieza central para mesas.Sus dimensiones 36x36x14.El pie eleva la base lo que le da un toque elegante.Su dise\u00f1o rustico pero sofisticado lo convierte en un accesorio que combina bien con diferentes estilos de decoracion,como el rustico,el boho o el moderno.\" \/>\n<meta name=\"robots\" content=\"index, follow, max-snippet:-1, max-image-preview:large, max-video-preview:-1\" \/>\n<link rel=\"canonical\" href=\"https:\/\/jumailuminacion.com\/eu\/produktua\/centro-de-acacia-con-pie\/\" \/>\n<meta property=\"og:locale\" content=\"en_US\" \/>\n<meta property=\"og:type\" content=\"article\" \/>\n<meta property=\"og:title\" content=\"CENTRO DE ACACIA CON PIE - Juma Iluminaci\u00f3n\" \/>\n<meta property=\"og:description\" content=\"Este centro de madera de acacia es un elemento muy decorativo y funcional utilizado para presentar alimentos o como pieza central para mesas.Sus dimensiones 36x36x14.El pie eleva la base lo que le da un toque elegante.Su dise\u00f1o rustico pero sofisticado lo convierte en un accesorio que combina bien con diferentes estilos de decoracion,como el rustico,el boho o el moderno.\" \/>\n<meta property=\"og:url\" content=\"https:\/\/jumailuminacion.com\/eu\/produktua\/centro-de-acacia-con-pie\/\" \/>\n<meta property=\"og:site_name\" content=\"Juma Iluminaci\u00f3n\" \/>\n<meta property=\"article:modified_time\" content=\"2024-09-18T15:49:27+00:00\" \/>\n<meta property=\"og:image\" content=\"https:\/\/jumailuminacion.com\/wp-content\/uploads\/2024\/09\/centro-pie.png\" \/>\n\t<meta property=\"og:image:width\" content=\"1080\" \/>\n\t<meta property=\"og:image:height\" content=\"1080\" \/>\n\t<meta property=\"og:image:type\" content=\"image\/png\" \/>\n<meta name=\"twitter:card\" content=\"summary_large_image\" \/>\n<meta name=\"twitter:label1\" content=\"Est. reading time\" \/>\n\t<meta name=\"twitter:data1\" content=\"1 minutua\" \/>\n<script type=\"application\/ld+json\" class=\"yoast-schema-graph\">{\"@context\":\"https:\\\/\\\/schema.org\",\"@graph\":[{\"@type\":\"WebPage\",\"@id\":\"https:\\\/\\\/jumailuminacion.com\\\/producto\\\/centro-de-acacia-con-pie\\\/\",\"url\":\"https:\\\/\\\/jumailuminacion.com\\\/producto\\\/centro-de-acacia-con-pie\\\/\",\"name\":\"CENTRO DE ACACIA CON PIE - Juma Iluminaci\u00f3n\",\"isPartOf\":{\"@id\":\"https:\\\/\\\/jumailuminacion.com\\\/#website\"},\"primaryImageOfPage\":{\"@id\":\"https:\\\/\\\/jumailuminacion.com\\\/producto\\\/centro-de-acacia-con-pie\\\/#primaryimage\"},\"image\":{\"@id\":\"https:\\\/\\\/jumailuminacion.com\\\/producto\\\/centro-de-acacia-con-pie\\\/#primaryimage\"},\"thumbnailUrl\":\"https:\\\/\\\/jumailuminacion.com\\\/wp-content\\\/uploads\\\/2024\\\/09\\\/centro-pie.png\",\"datePublished\":\"2024-09-06T10:25:58+00:00\",\"dateModified\":\"2024-09-18T15:49:27+00:00\",\"description\":\"Este centro de madera de acacia es un elemento muy decorativo y funcional utilizado para presentar alimentos o como pieza central para mesas.Sus dimensiones 36x36x14.El pie eleva la base lo que le da un toque elegante.Su dise\u00f1o rustico pero sofisticado lo convierte en un accesorio que combina bien con diferentes estilos de decoracion,como el rustico,el boho o el moderno.\",\"breadcrumb\":{\"@id\":\"https:\\\/\\\/jumailuminacion.com\\\/producto\\\/centro-de-acacia-con-pie\\\/#breadcrumb\"},\"inLanguage\":\"eu\",\"potentialAction\":[{\"@type\":\"ReadAction\",\"target\":[\"https:\\\/\\\/jumailuminacion.com\\\/producto\\\/centro-de-acacia-con-pie\\\/\"]}]},{\"@type\":\"ImageObject\",\"inLanguage\":\"eu\",\"@id\":\"https:\\\/\\\/jumailuminacion.com\\\/producto\\\/centro-de-acacia-con-pie\\\/#primaryimage\",\"url\":\"https:\\\/\\\/jumailuminacion.com\\\/wp-content\\\/uploads\\\/2024\\\/09\\\/centro-pie.png\",\"contentUrl\":\"https:\\\/\\\/jumailuminacion.com\\\/wp-content\\\/uploads\\\/2024\\\/09\\\/centro-pie.png\",\"width\":1080,\"height\":1080},{\"@type\":\"BreadcrumbList\",\"@id\":\"https:\\\/\\\/jumailuminacion.com\\\/producto\\\/centro-de-acacia-con-pie\\\/#breadcrumb\",\"itemListElement\":[{\"@type\":\"ListItem\",\"position\":1,\"name\":\"Portada\",\"item\":\"https:\\\/\\\/jumailuminacion.com\\\/\"},{\"@type\":\"ListItem\",\"position\":2,\"name\":\"Tienda\",\"item\":\"https:\\\/\\\/jumailuminacion.com\\\/tienda\\\/\"},{\"@type\":\"ListItem\",\"position\":3,\"name\":\"CENTRO DE ACACIA CON PIE\"}]},{\"@type\":\"WebSite\",\"@id\":\"https:\\\/\\\/jumailuminacion.com\\\/#website\",\"url\":\"https:\\\/\\\/jumailuminacion.com\\\/\",\"name\":\"Juma Iluminaci\u00f3n\",\"description\":\"Iluminaci\u00f3n y Decoraci\u00f3n\",\"publisher\":{\"@id\":\"https:\\\/\\\/jumailuminacion.com\\\/#organization\"},\"potentialAction\":[{\"@type\":\"SearchAction\",\"target\":{\"@type\":\"EntryPoint\",\"urlTemplate\":\"https:\\\/\\\/jumailuminacion.com\\\/?s={search_term_string}\"},\"query-input\":{\"@type\":\"PropertyValueSpecification\",\"valueRequired\":true,\"valueName\":\"search_term_string\"}}],\"inLanguage\":\"eu\"},{\"@type\":\"Organization\",\"@id\":\"https:\\\/\\\/jumailuminacion.com\\\/#organization\",\"name\":\"Juma Iluminaci\u00f3n\",\"url\":\"https:\\\/\\\/jumailuminacion.com\\\/\",\"logo\":{\"@type\":\"ImageObject\",\"inLanguage\":\"eu\",\"@id\":\"https:\\\/\\\/jumailuminacion.com\\\/#\\\/schema\\\/logo\\\/image\\\/\",\"url\":\"https:\\\/\\\/jumailuminacion.com\\\/wp-content\\\/uploads\\\/2023\\\/07\\\/cropped-WhatsApp-Image-2023-07-10-at-11.40.47.jpg\",\"contentUrl\":\"https:\\\/\\\/jumailuminacion.com\\\/wp-content\\\/uploads\\\/2023\\\/07\\\/cropped-WhatsApp-Image-2023-07-10-at-11.40.47.jpg\",\"width\":384,\"height\":372,\"caption\":\"Juma Iluminaci\u00f3n\"},\"image\":{\"@id\":\"https:\\\/\\\/jumailuminacion.com\\\/#\\\/schema\\\/logo\\\/image\\\/\"}}]}<\/script>\n<!-- \/ Yoast SEO plugin. -->","yoast_head_json":{"title":"CENTRO DE ACACIA CON PIE - Juma Iluminaci\u00f3n","description":"Este centro de madera de acacia es un elemento muy decorativo y funcional utilizado para presentar alimentos o como pieza central para mesas.Sus dimensiones 36x36x14.El pie eleva la base lo que le da un toque elegante.Su dise\u00f1o rustico pero sofisticado lo convierte en un accesorio que combina bien con diferentes estilos de decoracion,como el rustico,el boho o el moderno.","robots":{"index":"index","follow":"follow","max-snippet":"max-snippet:-1","max-image-preview":"max-image-preview:large","max-video-preview":"max-video-preview:-1"},"canonical":"https:\/\/jumailuminacion.com\/eu\/produktua\/centro-de-acacia-con-pie\/","og_locale":"en_US","og_type":"article","og_title":"CENTRO DE ACACIA CON PIE - Juma Iluminaci\u00f3n","og_description":"Este centro de madera de acacia es un elemento muy decorativo y funcional utilizado para presentar alimentos o como pieza central para mesas.Sus dimensiones 36x36x14.El pie eleva la base lo que le da un toque elegante.Su dise\u00f1o rustico pero sofisticado lo convierte en un accesorio que combina bien con diferentes estilos de decoracion,como el rustico,el boho o el moderno.","og_url":"https:\/\/jumailuminacion.com\/eu\/produktua\/centro-de-acacia-con-pie\/","og_site_name":"Juma Iluminaci\u00f3n","article_modified_time":"2024-09-18T15:49:27+00:00","og_image":[{"width":1080,"height":1080,"url":"https:\/\/jumailuminacion.com\/wp-content\/uploads\/2024\/09\/centro-pie.png","type":"image\/png"}],"twitter_card":"summary_large_image","twitter_misc":{"Est. reading time":"1 minutua"},"schema":{"@context":"https:\/\/schema.org","@graph":[{"@type":"WebPage","@id":"https:\/\/jumailuminacion.com\/producto\/centro-de-acacia-con-pie\/","url":"https:\/\/jumailuminacion.com\/producto\/centro-de-acacia-con-pie\/","name":"CENTRO DE ACACIA CON PIE - Juma Iluminaci\u00f3n","isPartOf":{"@id":"https:\/\/jumailuminacion.com\/#website"},"primaryImageOfPage":{"@id":"https:\/\/jumailuminacion.com\/producto\/centro-de-acacia-con-pie\/#primaryimage"},"image":{"@id":"https:\/\/jumailuminacion.com\/producto\/centro-de-acacia-con-pie\/#primaryimage"},"thumbnailUrl":"https:\/\/jumailuminacion.com\/wp-content\/uploads\/2024\/09\/centro-pie.png","datePublished":"2024-09-06T10:25:58+00:00","dateModified":"2024-09-18T15:49:27+00:00","description":"Este centro de madera de acacia es un elemento muy decorativo y funcional utilizado para presentar alimentos o como pieza central para mesas.Sus dimensiones 36x36x14.El pie eleva la base lo que le da un toque elegante.Su dise\u00f1o rustico pero sofisticado lo convierte en un accesorio que combina bien con diferentes estilos de decoracion,como el rustico,el boho o el moderno.","breadcrumb":{"@id":"https:\/\/jumailuminacion.com\/producto\/centro-de-acacia-con-pie\/#breadcrumb"},"inLanguage":"eu","potentialAction":[{"@type":"ReadAction","target":["https:\/\/jumailuminacion.com\/producto\/centro-de-acacia-con-pie\/"]}]},{"@type":"ImageObject","inLanguage":"eu","@id":"https:\/\/jumailuminacion.com\/producto\/centro-de-acacia-con-pie\/#primaryimage","url":"https:\/\/jumailuminacion.com\/wp-content\/uploads\/2024\/09\/centro-pie.png","contentUrl":"https:\/\/jumailuminacion.com\/wp-content\/uploads\/2024\/09\/centro-pie.png","width":1080,"height":1080},{"@type":"BreadcrumbList","@id":"https:\/\/jumailuminacion.com\/producto\/centro-de-acacia-con-pie\/#breadcrumb","itemListElement":[{"@type":"ListItem","position":1,"name":"Portada","item":"https:\/\/jumailuminacion.com\/"},{"@type":"ListItem","position":2,"name":"Tienda","item":"https:\/\/jumailuminacion.com\/tienda\/"},{"@type":"ListItem","position":3,"name":"CENTRO DE ACACIA CON PIE"}]},{"@type":"WebSite","@id":"https:\/\/jumailuminacion.com\/#website","url":"https:\/\/jumailuminacion.com\/","name":"Juma Iluminaci\u00f3n","description":"Iluminaci\u00f3n y Decoraci\u00f3n","publisher":{"@id":"https:\/\/jumailuminacion.com\/#organization"},"potentialAction":[{"@type":"SearchAction","target":{"@type":"EntryPoint","urlTemplate":"https:\/\/jumailuminacion.com\/?s={search_term_string}"},"query-input":{"@type":"PropertyValueSpecification","valueRequired":true,"valueName":"search_term_string"}}],"inLanguage":"eu"},{"@type":"Organization","@id":"https:\/\/jumailuminacion.com\/#organization","name":"Juma Iluminaci\u00f3n","url":"https:\/\/jumailuminacion.com\/","logo":{"@type":"ImageObject","inLanguage":"eu","@id":"https:\/\/jumailuminacion.com\/#\/schema\/logo\/image\/","url":"https:\/\/jumailuminacion.com\/wp-content\/uploads\/2023\/07\/cropped-WhatsApp-Image-2023-07-10-at-11.40.47.jpg","contentUrl":"https:\/\/jumailuminacion.com\/wp-content\/uploads\/2023\/07\/cropped-WhatsApp-Image-2023-07-10-at-11.40.47.jpg","width":384,"height":372,"caption":"Juma Iluminaci\u00f3n"},"image":{"@id":"https:\/\/jumailuminacion.com\/#\/schema\/logo\/image\/"}}]}},"_links":{"self":[{"href":"https:\/\/jumailuminacion.com\/eu\/wp-json\/wp\/v2\/product\/1705","targetHints":{"allow":["GET"]}}],"collection":[{"href":"https:\/\/jumailuminacion.com\/eu\/wp-json\/wp\/v2\/product"}],"about":[{"href":"https:\/\/jumailuminacion.com\/eu\/wp-json\/wp\/v2\/types\/product"}],"replies":[{"embeddable":true,"href":"https:\/\/jumailuminacion.com\/eu\/wp-json\/wp\/v2\/comments?post=1705"}],"wp:featuredmedia":[{"embeddable":true,"href":"https:\/\/jumailuminacion.com\/eu\/wp-json\/wp\/v2\/media\/1706"}],"wp:attachment":[{"href":"https:\/\/jumailuminacion.com\/eu\/wp-json\/wp\/v2\/media?parent=1705"}],"wp:term":[{"taxonomy":"product_brand","embeddable":true,"href":"https:\/\/jumailuminacion.com\/eu\/wp-json\/wp\/v2\/product_brand?post=1705"},{"taxonomy":"product_cat","embeddable":true,"href":"https:\/\/jumailuminacion.com\/eu\/wp-json\/wp\/v2\/product_cat?post=1705"},{"taxonomy":"product_tag","embeddable":true,"href":"https:\/\/jumailuminacion.com\/eu\/wp-json\/wp\/v2\/product_tag?post=1705"}],"curies":[{"name":"wp","href":"https:\/\/api.w.org\/{rel}","templated":true}]}}