{"id":1711,"date":"2024-09-06T15:29:49","date_gmt":"2024-09-06T15:29:49","guid":{"rendered":"https:\/\/jumailuminacion.com\/?post_type=product&#038;p=1711"},"modified":"2025-02-03T16:53:55","modified_gmt":"2025-02-03T16:53:55","slug":"juego-cafe-set-6sereny","status":"publish","type":"product","link":"https:\/\/jumailuminacion.com\/eu\/produktua\/juego-cafe-set-6sereny\/","title":{"rendered":"JUEGO CAFE SET 6&#8243;SERENY\u00bb"},"content":{"rendered":"<p>Este juego de cafe esta compuesto por 6 tazas con su correspondiente plato en un tono beigs suave.Cada taza presenta una delgada linea marron en su borde superior que a\u00f1ade un toque sutil de contraste y .elegancia al dise\u00f1o.<\/p>\n<p>Dimensiones plato:12cm<\/p>\n<p>Dimensiones taza:7,2x5x5 de 90Ml<\/p>","protected":false},"excerpt":{"rendered":"<p>Este juego de cafe esta compuesto por 6 tazas con su correspondiente plato en un tono beigs suave.Cada taza presenta una delgada linea marron en su borde superior que a\u00f1ade un toque sutil de contraste y .elegancia al dise\u00f1o.<\/p>\n<p>Dimensiones plato:12cm<\/p>\n<p>Dimensiones taza:7,2x5x5 de 90Ml<\/p>","protected":false},"featured_media":1712,"comment_status":"open","ping_status":"closed","template":"","meta":[],"product_brand":[],"product_cat":[65],"product_tag":[],"class_list":{"0":"post-1711","1":"product","2":"type-product","3":"status-publish","4":"has-post-thumbnail","6":"product_cat-menaje","8":"first","9":"instock","10":"purchasable","11":"product-type-simple"},"yoast_head":"<!-- This site is optimized with the Yoast SEO plugin v27.3 - https:\/\/yoast.com\/product\/yoast-seo-wordpress\/ -->\n<title>JUEGO CAFE SET 6&quot;SERENY&quot; - Juma Iluminaci\u00f3n<\/title>\n<meta name=\"description\" content=\"Este juego de cafe esta compuesto por 6 tazas con su correspondiente plato en un tono beigs suave.Cada taza presenta una delgada linea marron en su borde superior que a\u00f1ade un toque sutil de contraste y .elegancia al dise\u00f1o.Dimensiones plato:12cmDimensiones taza:7,2x5x5 de 90Ml\" \/>\n<meta name=\"robots\" content=\"index, follow, max-snippet:-1, max-image-preview:large, max-video-preview:-1\" \/>\n<link rel=\"canonical\" href=\"https:\/\/jumailuminacion.com\/eu\/producto\/juego-cafe-set-6sereny\/\" \/>\n<meta property=\"og:locale\" content=\"en_US\" \/>\n<meta property=\"og:type\" content=\"article\" \/>\n<meta property=\"og:title\" content=\"JUEGO CAFE SET 6&quot;SERENY&quot; - Juma Iluminaci\u00f3n\" \/>\n<meta property=\"og:description\" content=\"Este juego de cafe esta compuesto por 6 tazas con su correspondiente plato en un tono beigs suave.Cada taza presenta una delgada linea marron en su borde superior que a\u00f1ade un toque sutil de contraste y .elegancia al dise\u00f1o.Dimensiones plato:12cmDimensiones taza:7,2x5x5 de 90Ml\" \/>\n<meta property=\"og:url\" content=\"https:\/\/jumailuminacion.com\/eu\/producto\/juego-cafe-set-6sereny\/\" \/>\n<meta property=\"og:site_name\" content=\"Juma Iluminaci\u00f3n\" \/>\n<meta property=\"article:modified_time\" content=\"2025-02-03T16:53:55+00:00\" \/>\n<meta property=\"og:image\" content=\"https:\/\/jumailuminacion.com\/wp-content\/uploads\/2024\/09\/tazas-sereny.png\" \/>\n\t<meta property=\"og:image:width\" content=\"1080\" \/>\n\t<meta property=\"og:image:height\" content=\"1080\" \/>\n\t<meta property=\"og:image:type\" content=\"image\/png\" \/>\n<meta name=\"twitter:card\" content=\"summary_large_image\" \/>\n<meta name=\"twitter:label1\" content=\"Est. reading time\" \/>\n\t<meta name=\"twitter:data1\" content=\"1 minutua\" \/>\n<script type=\"application\/ld+json\" class=\"yoast-schema-graph\">{\"@context\":\"https:\\\/\\\/schema.org\",\"@graph\":[{\"@type\":\"WebPage\",\"@id\":\"https:\\\/\\\/jumailuminacion.com\\\/producto\\\/juego-cafe-set-6sereny\\\/\",\"url\":\"https:\\\/\\\/jumailuminacion.com\\\/producto\\\/juego-cafe-set-6sereny\\\/\",\"name\":\"JUEGO CAFE SET 6\\\"SERENY\\\" - Juma Iluminaci\u00f3n\",\"isPartOf\":{\"@id\":\"https:\\\/\\\/jumailuminacion.com\\\/#website\"},\"primaryImageOfPage\":{\"@id\":\"https:\\\/\\\/jumailuminacion.com\\\/producto\\\/juego-cafe-set-6sereny\\\/#primaryimage\"},\"image\":{\"@id\":\"https:\\\/\\\/jumailuminacion.com\\\/producto\\\/juego-cafe-set-6sereny\\\/#primaryimage\"},\"thumbnailUrl\":\"https:\\\/\\\/jumailuminacion.com\\\/wp-content\\\/uploads\\\/2024\\\/09\\\/tazas-sereny.png\",\"datePublished\":\"2024-09-06T15:29:49+00:00\",\"dateModified\":\"2025-02-03T16:53:55+00:00\",\"description\":\"Este juego de cafe esta compuesto por 6 tazas con su correspondiente plato en un tono beigs suave.Cada taza presenta una delgada linea marron en su borde superior que a\u00f1ade un toque sutil de contraste y .elegancia al dise\u00f1o.Dimensiones plato:12cmDimensiones taza:7,2x5x5 de 90Ml\",\"breadcrumb\":{\"@id\":\"https:\\\/\\\/jumailuminacion.com\\\/producto\\\/juego-cafe-set-6sereny\\\/#breadcrumb\"},\"inLanguage\":\"eu\",\"potentialAction\":[{\"@type\":\"ReadAction\",\"target\":[\"https:\\\/\\\/jumailuminacion.com\\\/producto\\\/juego-cafe-set-6sereny\\\/\"]}]},{\"@type\":\"ImageObject\",\"inLanguage\":\"eu\",\"@id\":\"https:\\\/\\\/jumailuminacion.com\\\/producto\\\/juego-cafe-set-6sereny\\\/#primaryimage\",\"url\":\"https:\\\/\\\/jumailuminacion.com\\\/wp-content\\\/uploads\\\/2024\\\/09\\\/tazas-sereny.png\",\"contentUrl\":\"https:\\\/\\\/jumailuminacion.com\\\/wp-content\\\/uploads\\\/2024\\\/09\\\/tazas-sereny.png\",\"width\":1080,\"height\":1080},{\"@type\":\"BreadcrumbList\",\"@id\":\"https:\\\/\\\/jumailuminacion.com\\\/producto\\\/juego-cafe-set-6sereny\\\/#breadcrumb\",\"itemListElement\":[{\"@type\":\"ListItem\",\"position\":1,\"name\":\"Portada\",\"item\":\"https:\\\/\\\/jumailuminacion.com\\\/\"},{\"@type\":\"ListItem\",\"position\":2,\"name\":\"Tienda\",\"item\":\"https:\\\/\\\/jumailuminacion.com\\\/tienda\\\/\"},{\"@type\":\"ListItem\",\"position\":3,\"name\":\"JUEGO CAFE SET 6&#8243;SERENY\u00bb\"}]},{\"@type\":\"WebSite\",\"@id\":\"https:\\\/\\\/jumailuminacion.com\\\/#website\",\"url\":\"https:\\\/\\\/jumailuminacion.com\\\/\",\"name\":\"Juma Iluminaci\u00f3n\",\"description\":\"Iluminaci\u00f3n y Decoraci\u00f3n\",\"publisher\":{\"@id\":\"https:\\\/\\\/jumailuminacion.com\\\/#organization\"},\"potentialAction\":[{\"@type\":\"SearchAction\",\"target\":{\"@type\":\"EntryPoint\",\"urlTemplate\":\"https:\\\/\\\/jumailuminacion.com\\\/?s={search_term_string}\"},\"query-input\":{\"@type\":\"PropertyValueSpecification\",\"valueRequired\":true,\"valueName\":\"search_term_string\"}}],\"inLanguage\":\"eu\"},{\"@type\":\"Organization\",\"@id\":\"https:\\\/\\\/jumailuminacion.com\\\/#organization\",\"name\":\"Juma Iluminaci\u00f3n\",\"url\":\"https:\\\/\\\/jumailuminacion.com\\\/\",\"logo\":{\"@type\":\"ImageObject\",\"inLanguage\":\"eu\",\"@id\":\"https:\\\/\\\/jumailuminacion.com\\\/#\\\/schema\\\/logo\\\/image\\\/\",\"url\":\"https:\\\/\\\/jumailuminacion.com\\\/wp-content\\\/uploads\\\/2023\\\/07\\\/cropped-WhatsApp-Image-2023-07-10-at-11.40.47.jpg\",\"contentUrl\":\"https:\\\/\\\/jumailuminacion.com\\\/wp-content\\\/uploads\\\/2023\\\/07\\\/cropped-WhatsApp-Image-2023-07-10-at-11.40.47.jpg\",\"width\":384,\"height\":372,\"caption\":\"Juma Iluminaci\u00f3n\"},\"image\":{\"@id\":\"https:\\\/\\\/jumailuminacion.com\\\/#\\\/schema\\\/logo\\\/image\\\/\"}}]}<\/script>\n<!-- \/ Yoast SEO plugin. -->","yoast_head_json":{"title":"JUEGO CAFE SET 6\"SERENY\" - Juma Iluminaci\u00f3n","description":"Este juego de cafe esta compuesto por 6 tazas con su correspondiente plato en un tono beigs suave.Cada taza presenta una delgada linea marron en su borde superior que a\u00f1ade un toque sutil de contraste y .elegancia al dise\u00f1o.Dimensiones plato:12cmDimensiones taza:7,2x5x5 de 90Ml","robots":{"index":"index","follow":"follow","max-snippet":"max-snippet:-1","max-image-preview":"max-image-preview:large","max-video-preview":"max-video-preview:-1"},"canonical":"https:\/\/jumailuminacion.com\/eu\/producto\/juego-cafe-set-6sereny\/","og_locale":"en_US","og_type":"article","og_title":"JUEGO CAFE SET 6\"SERENY\" - Juma Iluminaci\u00f3n","og_description":"Este juego de cafe esta compuesto por 6 tazas con su correspondiente plato en un tono beigs suave.Cada taza presenta una delgada linea marron en su borde superior que a\u00f1ade un toque sutil de contraste y .elegancia al dise\u00f1o.Dimensiones plato:12cmDimensiones taza:7,2x5x5 de 90Ml","og_url":"https:\/\/jumailuminacion.com\/eu\/producto\/juego-cafe-set-6sereny\/","og_site_name":"Juma Iluminaci\u00f3n","article_modified_time":"2025-02-03T16:53:55+00:00","og_image":[{"width":1080,"height":1080,"url":"https:\/\/jumailuminacion.com\/wp-content\/uploads\/2024\/09\/tazas-sereny.png","type":"image\/png"}],"twitter_card":"summary_large_image","twitter_misc":{"Est. reading time":"1 minutua"},"schema":{"@context":"https:\/\/schema.org","@graph":[{"@type":"WebPage","@id":"https:\/\/jumailuminacion.com\/producto\/juego-cafe-set-6sereny\/","url":"https:\/\/jumailuminacion.com\/producto\/juego-cafe-set-6sereny\/","name":"JUEGO CAFE SET 6\"SERENY\" - Juma Iluminaci\u00f3n","isPartOf":{"@id":"https:\/\/jumailuminacion.com\/#website"},"primaryImageOfPage":{"@id":"https:\/\/jumailuminacion.com\/producto\/juego-cafe-set-6sereny\/#primaryimage"},"image":{"@id":"https:\/\/jumailuminacion.com\/producto\/juego-cafe-set-6sereny\/#primaryimage"},"thumbnailUrl":"https:\/\/jumailuminacion.com\/wp-content\/uploads\/2024\/09\/tazas-sereny.png","datePublished":"2024-09-06T15:29:49+00:00","dateModified":"2025-02-03T16:53:55+00:00","description":"Este juego de cafe esta compuesto por 6 tazas con su correspondiente plato en un tono beigs suave.Cada taza presenta una delgada linea marron en su borde superior que a\u00f1ade un toque sutil de contraste y .elegancia al dise\u00f1o.Dimensiones plato:12cmDimensiones taza:7,2x5x5 de 90Ml","breadcrumb":{"@id":"https:\/\/jumailuminacion.com\/producto\/juego-cafe-set-6sereny\/#breadcrumb"},"inLanguage":"eu","potentialAction":[{"@type":"ReadAction","target":["https:\/\/jumailuminacion.com\/producto\/juego-cafe-set-6sereny\/"]}]},{"@type":"ImageObject","inLanguage":"eu","@id":"https:\/\/jumailuminacion.com\/producto\/juego-cafe-set-6sereny\/#primaryimage","url":"https:\/\/jumailuminacion.com\/wp-content\/uploads\/2024\/09\/tazas-sereny.png","contentUrl":"https:\/\/jumailuminacion.com\/wp-content\/uploads\/2024\/09\/tazas-sereny.png","width":1080,"height":1080},{"@type":"BreadcrumbList","@id":"https:\/\/jumailuminacion.com\/producto\/juego-cafe-set-6sereny\/#breadcrumb","itemListElement":[{"@type":"ListItem","position":1,"name":"Portada","item":"https:\/\/jumailuminacion.com\/"},{"@type":"ListItem","position":2,"name":"Tienda","item":"https:\/\/jumailuminacion.com\/tienda\/"},{"@type":"ListItem","position":3,"name":"JUEGO CAFE SET 6&#8243;SERENY\u00bb"}]},{"@type":"WebSite","@id":"https:\/\/jumailuminacion.com\/#website","url":"https:\/\/jumailuminacion.com\/","name":"Juma Iluminaci\u00f3n","description":"Iluminaci\u00f3n y Decoraci\u00f3n","publisher":{"@id":"https:\/\/jumailuminacion.com\/#organization"},"potentialAction":[{"@type":"SearchAction","target":{"@type":"EntryPoint","urlTemplate":"https:\/\/jumailuminacion.com\/?s={search_term_string}"},"query-input":{"@type":"PropertyValueSpecification","valueRequired":true,"valueName":"search_term_string"}}],"inLanguage":"eu"},{"@type":"Organization","@id":"https:\/\/jumailuminacion.com\/#organization","name":"Juma Iluminaci\u00f3n","url":"https:\/\/jumailuminacion.com\/","logo":{"@type":"ImageObject","inLanguage":"eu","@id":"https:\/\/jumailuminacion.com\/#\/schema\/logo\/image\/","url":"https:\/\/jumailuminacion.com\/wp-content\/uploads\/2023\/07\/cropped-WhatsApp-Image-2023-07-10-at-11.40.47.jpg","contentUrl":"https:\/\/jumailuminacion.com\/wp-content\/uploads\/2023\/07\/cropped-WhatsApp-Image-2023-07-10-at-11.40.47.jpg","width":384,"height":372,"caption":"Juma Iluminaci\u00f3n"},"image":{"@id":"https:\/\/jumailuminacion.com\/#\/schema\/logo\/image\/"}}]}},"_links":{"self":[{"href":"https:\/\/jumailuminacion.com\/eu\/wp-json\/wp\/v2\/product\/1711","targetHints":{"allow":["GET"]}}],"collection":[{"href":"https:\/\/jumailuminacion.com\/eu\/wp-json\/wp\/v2\/product"}],"about":[{"href":"https:\/\/jumailuminacion.com\/eu\/wp-json\/wp\/v2\/types\/product"}],"replies":[{"embeddable":true,"href":"https:\/\/jumailuminacion.com\/eu\/wp-json\/wp\/v2\/comments?post=1711"}],"wp:featuredmedia":[{"embeddable":true,"href":"https:\/\/jumailuminacion.com\/eu\/wp-json\/wp\/v2\/media\/1712"}],"wp:attachment":[{"href":"https:\/\/jumailuminacion.com\/eu\/wp-json\/wp\/v2\/media?parent=1711"}],"wp:term":[{"taxonomy":"product_brand","embeddable":true,"href":"https:\/\/jumailuminacion.com\/eu\/wp-json\/wp\/v2\/product_brand?post=1711"},{"taxonomy":"product_cat","embeddable":true,"href":"https:\/\/jumailuminacion.com\/eu\/wp-json\/wp\/v2\/product_cat?post=1711"},{"taxonomy":"product_tag","embeddable":true,"href":"https:\/\/jumailuminacion.com\/eu\/wp-json\/wp\/v2\/product_tag?post=1711"}],"curies":[{"name":"wp","href":"https:\/\/api.w.org\/{rel}","templated":true}]}}