{"id":1743,"date":"2024-10-02T15:25:01","date_gmt":"2024-10-02T15:25:01","guid":{"rendered":"https:\/\/jumailuminacion.com\/?post_type=product&#038;p=1743"},"modified":"2026-04-13T15:27:30","modified_gmt":"2026-04-13T15:27:30","slug":"lampara-amara","status":"publish","type":"product","link":"https:\/\/jumailuminacion.com\/eu\/produktua\/lampara-amara\/","title":{"rendered":"LAMPARA AMARA"},"content":{"rendered":"<p>La l\u00e1mpara Amara est\u00e1 realizada con dos marcos de bamb\u00fa en color natural. La tela de algod\u00f3n con aspecto de lino queda fijada al marco con ayuda de varios botones negros. La l\u00e1mpara de suspensi\u00f3n encaja perfectamente con las tendencias naturales y el estilo boho y, gracias a sus materiales naturales, crea un ambiente agradable. Proporciona una iluminaci\u00f3n acogedora para su estancia, ya sea en el sal\u00f3n o sobre la mesa del comedor. La bombilla no est\u00e1 incluida. La l\u00e1mpara es apta para cualquier bombilla con casquillo E27.Dimensiones diametro 33 y altura 1100mm.<\/p>","protected":false},"excerpt":{"rendered":"<p>La l\u00e1mpara Amara est\u00e1 realizada con dos marcos de bamb\u00fa en color natural. La tela de algod\u00f3n con aspecto de lino queda fijada al marco con ayuda de varios botones negros. La l\u00e1mpara de suspensi\u00f3n encaja perfectamente con las tendencias naturales y el estilo boho y, gracias a sus materiales naturales, crea un ambiente agradable. Proporciona una iluminaci\u00f3n acogedora para su estancia, ya sea en el sal\u00f3n o sobre la mesa del comedor. La bombilla no est\u00e1 incluida. La l\u00e1mpara es apta para cualquier bombilla con casquillo E27.Dimensiones diametro 33 y altura 1100mm.<\/p>","protected":false},"featured_media":1744,"comment_status":"open","ping_status":"closed","template":"","meta":[],"product_brand":[],"product_cat":[18],"product_tag":[],"class_list":{"0":"post-1743","1":"product","2":"type-product","3":"status-publish","4":"has-post-thumbnail","6":"product_cat-iluminacion","8":"first","9":"instock","10":"purchasable","11":"product-type-simple"},"yoast_head":"<!-- This site is optimized with the Yoast SEO plugin v27.5 - https:\/\/yoast.com\/product\/yoast-seo-wordpress\/ -->\n<title>LAMPARA AMARA - Juma Iluminaci\u00f3n<\/title>\n<meta name=\"description\" content=\"La l\u00e1mpara Amara est\u00e1 realizada con dos marcos de bamb\u00fa en color natural. La tela de algod\u00f3n con aspecto de lino queda fijada al marco con ayuda de varios botones negros. La l\u00e1mpara de suspensi\u00f3n encaja perfectamente con las tendencias naturales y el estilo boho y, gracias a sus materiales naturales, crea un ambiente agradable. Proporciona una iluminaci\u00f3n acogedora para su estancia, ya sea en el sal\u00f3n o sobre la mesa del comedor. La bombilla no est\u00e1 incluida. La l\u00e1mpara es apta para cualquier bombilla con casquillo E27.Dimensiones diametro 33 y altura 1100mm.\" \/>\n<meta name=\"robots\" content=\"index, follow, max-snippet:-1, max-image-preview:large, max-video-preview:-1\" \/>\n<link rel=\"canonical\" href=\"https:\/\/jumailuminacion.com\/eu\/produktua\/lampara-amara\/\" \/>\n<meta property=\"og:locale\" content=\"en_US\" \/>\n<meta property=\"og:type\" content=\"article\" \/>\n<meta property=\"og:title\" content=\"LAMPARA AMARA - Juma Iluminaci\u00f3n\" \/>\n<meta property=\"og:description\" content=\"La l\u00e1mpara Amara est\u00e1 realizada con dos marcos de bamb\u00fa en color natural. La tela de algod\u00f3n con aspecto de lino queda fijada al marco con ayuda de varios botones negros. La l\u00e1mpara de suspensi\u00f3n encaja perfectamente con las tendencias naturales y el estilo boho y, gracias a sus materiales naturales, crea un ambiente agradable. Proporciona una iluminaci\u00f3n acogedora para su estancia, ya sea en el sal\u00f3n o sobre la mesa del comedor. La bombilla no est\u00e1 incluida. La l\u00e1mpara es apta para cualquier bombilla con casquillo E27.Dimensiones diametro 33 y altura 1100mm.\" \/>\n<meta property=\"og:url\" content=\"https:\/\/jumailuminacion.com\/eu\/produktua\/lampara-amara\/\" \/>\n<meta property=\"og:site_name\" content=\"Juma Iluminaci\u00f3n\" \/>\n<meta property=\"article:modified_time\" content=\"2026-04-13T15:27:30+00:00\" \/>\n<meta property=\"og:image\" content=\"https:\/\/jumailuminacion.com\/wp-content\/uploads\/2024\/10\/lampara-amara.png\" \/>\n\t<meta property=\"og:image:width\" content=\"1080\" \/>\n\t<meta property=\"og:image:height\" content=\"1080\" \/>\n\t<meta property=\"og:image:type\" content=\"image\/png\" \/>\n<meta name=\"twitter:card\" content=\"summary_large_image\" \/>\n<meta name=\"twitter:label1\" content=\"Est. reading time\" \/>\n\t<meta name=\"twitter:data1\" content=\"1 minutua\" \/>\n<script type=\"application\/ld+json\" class=\"yoast-schema-graph\">{\"@context\":\"https:\\\/\\\/schema.org\",\"@graph\":[{\"@type\":\"WebPage\",\"@id\":\"https:\\\/\\\/jumailuminacion.com\\\/producto\\\/lampara-amara\\\/\",\"url\":\"https:\\\/\\\/jumailuminacion.com\\\/producto\\\/lampara-amara\\\/\",\"name\":\"LAMPARA AMARA - Juma Iluminaci\u00f3n\",\"isPartOf\":{\"@id\":\"https:\\\/\\\/jumailuminacion.com\\\/#website\"},\"primaryImageOfPage\":{\"@id\":\"https:\\\/\\\/jumailuminacion.com\\\/producto\\\/lampara-amara\\\/#primaryimage\"},\"image\":{\"@id\":\"https:\\\/\\\/jumailuminacion.com\\\/producto\\\/lampara-amara\\\/#primaryimage\"},\"thumbnailUrl\":\"https:\\\/\\\/jumailuminacion.com\\\/wp-content\\\/uploads\\\/2024\\\/10\\\/lampara-amara.png\",\"datePublished\":\"2024-10-02T15:25:01+00:00\",\"dateModified\":\"2026-04-13T15:27:30+00:00\",\"description\":\"La l\u00e1mpara Amara est\u00e1 realizada con dos marcos de bamb\u00fa en color natural. La tela de algod\u00f3n con aspecto de lino queda fijada al marco con ayuda de varios botones negros. La l\u00e1mpara de suspensi\u00f3n encaja perfectamente con las tendencias naturales y el estilo boho y, gracias a sus materiales naturales, crea un ambiente agradable. Proporciona una iluminaci\u00f3n acogedora para su estancia, ya sea en el sal\u00f3n o sobre la mesa del comedor. La bombilla no est\u00e1 incluida. La l\u00e1mpara es apta para cualquier bombilla con casquillo E27.Dimensiones diametro 33 y altura 1100mm.\",\"breadcrumb\":{\"@id\":\"https:\\\/\\\/jumailuminacion.com\\\/producto\\\/lampara-amara\\\/#breadcrumb\"},\"inLanguage\":\"eu\",\"potentialAction\":[{\"@type\":\"ReadAction\",\"target\":[\"https:\\\/\\\/jumailuminacion.com\\\/producto\\\/lampara-amara\\\/\"]}]},{\"@type\":\"ImageObject\",\"inLanguage\":\"eu\",\"@id\":\"https:\\\/\\\/jumailuminacion.com\\\/producto\\\/lampara-amara\\\/#primaryimage\",\"url\":\"https:\\\/\\\/jumailuminacion.com\\\/wp-content\\\/uploads\\\/2024\\\/10\\\/lampara-amara.png\",\"contentUrl\":\"https:\\\/\\\/jumailuminacion.com\\\/wp-content\\\/uploads\\\/2024\\\/10\\\/lampara-amara.png\",\"width\":1080,\"height\":1080},{\"@type\":\"BreadcrumbList\",\"@id\":\"https:\\\/\\\/jumailuminacion.com\\\/producto\\\/lampara-amara\\\/#breadcrumb\",\"itemListElement\":[{\"@type\":\"ListItem\",\"position\":1,\"name\":\"Portada\",\"item\":\"https:\\\/\\\/jumailuminacion.com\\\/\"},{\"@type\":\"ListItem\",\"position\":2,\"name\":\"Tienda\",\"item\":\"https:\\\/\\\/jumailuminacion.com\\\/tienda\\\/\"},{\"@type\":\"ListItem\",\"position\":3,\"name\":\"LAMPARA AMARA\"}]},{\"@type\":\"WebSite\",\"@id\":\"https:\\\/\\\/jumailuminacion.com\\\/#website\",\"url\":\"https:\\\/\\\/jumailuminacion.com\\\/\",\"name\":\"Juma Iluminaci\u00f3n\",\"description\":\"Iluminaci\u00f3n y Decoraci\u00f3n\",\"publisher\":{\"@id\":\"https:\\\/\\\/jumailuminacion.com\\\/#organization\"},\"potentialAction\":[{\"@type\":\"SearchAction\",\"target\":{\"@type\":\"EntryPoint\",\"urlTemplate\":\"https:\\\/\\\/jumailuminacion.com\\\/?s={search_term_string}\"},\"query-input\":{\"@type\":\"PropertyValueSpecification\",\"valueRequired\":true,\"valueName\":\"search_term_string\"}}],\"inLanguage\":\"eu\"},{\"@type\":\"Organization\",\"@id\":\"https:\\\/\\\/jumailuminacion.com\\\/#organization\",\"name\":\"Juma Iluminaci\u00f3n\",\"url\":\"https:\\\/\\\/jumailuminacion.com\\\/\",\"logo\":{\"@type\":\"ImageObject\",\"inLanguage\":\"eu\",\"@id\":\"https:\\\/\\\/jumailuminacion.com\\\/#\\\/schema\\\/logo\\\/image\\\/\",\"url\":\"https:\\\/\\\/jumailuminacion.com\\\/wp-content\\\/uploads\\\/2023\\\/07\\\/cropped-WhatsApp-Image-2023-07-10-at-11.40.47.jpg\",\"contentUrl\":\"https:\\\/\\\/jumailuminacion.com\\\/wp-content\\\/uploads\\\/2023\\\/07\\\/cropped-WhatsApp-Image-2023-07-10-at-11.40.47.jpg\",\"width\":384,\"height\":372,\"caption\":\"Juma Iluminaci\u00f3n\"},\"image\":{\"@id\":\"https:\\\/\\\/jumailuminacion.com\\\/#\\\/schema\\\/logo\\\/image\\\/\"}}]}<\/script>\n<!-- \/ Yoast SEO plugin. -->","yoast_head_json":{"title":"LAMPARA AMARA - Juma Iluminaci\u00f3n","description":"La l\u00e1mpara Amara est\u00e1 realizada con dos marcos de bamb\u00fa en color natural. La tela de algod\u00f3n con aspecto de lino queda fijada al marco con ayuda de varios botones negros. La l\u00e1mpara de suspensi\u00f3n encaja perfectamente con las tendencias naturales y el estilo boho y, gracias a sus materiales naturales, crea un ambiente agradable. Proporciona una iluminaci\u00f3n acogedora para su estancia, ya sea en el sal\u00f3n o sobre la mesa del comedor. La bombilla no est\u00e1 incluida. La l\u00e1mpara es apta para cualquier bombilla con casquillo E27.Dimensiones diametro 33 y altura 1100mm.","robots":{"index":"index","follow":"follow","max-snippet":"max-snippet:-1","max-image-preview":"max-image-preview:large","max-video-preview":"max-video-preview:-1"},"canonical":"https:\/\/jumailuminacion.com\/eu\/produktua\/lampara-amara\/","og_locale":"en_US","og_type":"article","og_title":"LAMPARA AMARA - Juma Iluminaci\u00f3n","og_description":"La l\u00e1mpara Amara est\u00e1 realizada con dos marcos de bamb\u00fa en color natural. La tela de algod\u00f3n con aspecto de lino queda fijada al marco con ayuda de varios botones negros. La l\u00e1mpara de suspensi\u00f3n encaja perfectamente con las tendencias naturales y el estilo boho y, gracias a sus materiales naturales, crea un ambiente agradable. Proporciona una iluminaci\u00f3n acogedora para su estancia, ya sea en el sal\u00f3n o sobre la mesa del comedor. La bombilla no est\u00e1 incluida. La l\u00e1mpara es apta para cualquier bombilla con casquillo E27.Dimensiones diametro 33 y altura 1100mm.","og_url":"https:\/\/jumailuminacion.com\/eu\/produktua\/lampara-amara\/","og_site_name":"Juma Iluminaci\u00f3n","article_modified_time":"2026-04-13T15:27:30+00:00","og_image":[{"width":1080,"height":1080,"url":"https:\/\/jumailuminacion.com\/wp-content\/uploads\/2024\/10\/lampara-amara.png","type":"image\/png"}],"twitter_card":"summary_large_image","twitter_misc":{"Est. reading time":"1 minutua"},"schema":{"@context":"https:\/\/schema.org","@graph":[{"@type":"WebPage","@id":"https:\/\/jumailuminacion.com\/producto\/lampara-amara\/","url":"https:\/\/jumailuminacion.com\/producto\/lampara-amara\/","name":"LAMPARA AMARA - Juma Iluminaci\u00f3n","isPartOf":{"@id":"https:\/\/jumailuminacion.com\/#website"},"primaryImageOfPage":{"@id":"https:\/\/jumailuminacion.com\/producto\/lampara-amara\/#primaryimage"},"image":{"@id":"https:\/\/jumailuminacion.com\/producto\/lampara-amara\/#primaryimage"},"thumbnailUrl":"https:\/\/jumailuminacion.com\/wp-content\/uploads\/2024\/10\/lampara-amara.png","datePublished":"2024-10-02T15:25:01+00:00","dateModified":"2026-04-13T15:27:30+00:00","description":"La l\u00e1mpara Amara est\u00e1 realizada con dos marcos de bamb\u00fa en color natural. La tela de algod\u00f3n con aspecto de lino queda fijada al marco con ayuda de varios botones negros. La l\u00e1mpara de suspensi\u00f3n encaja perfectamente con las tendencias naturales y el estilo boho y, gracias a sus materiales naturales, crea un ambiente agradable. Proporciona una iluminaci\u00f3n acogedora para su estancia, ya sea en el sal\u00f3n o sobre la mesa del comedor. La bombilla no est\u00e1 incluida. La l\u00e1mpara es apta para cualquier bombilla con casquillo E27.Dimensiones diametro 33 y altura 1100mm.","breadcrumb":{"@id":"https:\/\/jumailuminacion.com\/producto\/lampara-amara\/#breadcrumb"},"inLanguage":"eu","potentialAction":[{"@type":"ReadAction","target":["https:\/\/jumailuminacion.com\/producto\/lampara-amara\/"]}]},{"@type":"ImageObject","inLanguage":"eu","@id":"https:\/\/jumailuminacion.com\/producto\/lampara-amara\/#primaryimage","url":"https:\/\/jumailuminacion.com\/wp-content\/uploads\/2024\/10\/lampara-amara.png","contentUrl":"https:\/\/jumailuminacion.com\/wp-content\/uploads\/2024\/10\/lampara-amara.png","width":1080,"height":1080},{"@type":"BreadcrumbList","@id":"https:\/\/jumailuminacion.com\/producto\/lampara-amara\/#breadcrumb","itemListElement":[{"@type":"ListItem","position":1,"name":"Portada","item":"https:\/\/jumailuminacion.com\/"},{"@type":"ListItem","position":2,"name":"Tienda","item":"https:\/\/jumailuminacion.com\/tienda\/"},{"@type":"ListItem","position":3,"name":"LAMPARA AMARA"}]},{"@type":"WebSite","@id":"https:\/\/jumailuminacion.com\/#website","url":"https:\/\/jumailuminacion.com\/","name":"Juma Iluminaci\u00f3n","description":"Iluminaci\u00f3n y Decoraci\u00f3n","publisher":{"@id":"https:\/\/jumailuminacion.com\/#organization"},"potentialAction":[{"@type":"SearchAction","target":{"@type":"EntryPoint","urlTemplate":"https:\/\/jumailuminacion.com\/?s={search_term_string}"},"query-input":{"@type":"PropertyValueSpecification","valueRequired":true,"valueName":"search_term_string"}}],"inLanguage":"eu"},{"@type":"Organization","@id":"https:\/\/jumailuminacion.com\/#organization","name":"Juma Iluminaci\u00f3n","url":"https:\/\/jumailuminacion.com\/","logo":{"@type":"ImageObject","inLanguage":"eu","@id":"https:\/\/jumailuminacion.com\/#\/schema\/logo\/image\/","url":"https:\/\/jumailuminacion.com\/wp-content\/uploads\/2023\/07\/cropped-WhatsApp-Image-2023-07-10-at-11.40.47.jpg","contentUrl":"https:\/\/jumailuminacion.com\/wp-content\/uploads\/2023\/07\/cropped-WhatsApp-Image-2023-07-10-at-11.40.47.jpg","width":384,"height":372,"caption":"Juma Iluminaci\u00f3n"},"image":{"@id":"https:\/\/jumailuminacion.com\/#\/schema\/logo\/image\/"}}]}},"_links":{"self":[{"href":"https:\/\/jumailuminacion.com\/eu\/wp-json\/wp\/v2\/product\/1743","targetHints":{"allow":["GET"]}}],"collection":[{"href":"https:\/\/jumailuminacion.com\/eu\/wp-json\/wp\/v2\/product"}],"about":[{"href":"https:\/\/jumailuminacion.com\/eu\/wp-json\/wp\/v2\/types\/product"}],"replies":[{"embeddable":true,"href":"https:\/\/jumailuminacion.com\/eu\/wp-json\/wp\/v2\/comments?post=1743"}],"wp:featuredmedia":[{"embeddable":true,"href":"https:\/\/jumailuminacion.com\/eu\/wp-json\/wp\/v2\/media\/1744"}],"wp:attachment":[{"href":"https:\/\/jumailuminacion.com\/eu\/wp-json\/wp\/v2\/media?parent=1743"}],"wp:term":[{"taxonomy":"product_brand","embeddable":true,"href":"https:\/\/jumailuminacion.com\/eu\/wp-json\/wp\/v2\/product_brand?post=1743"},{"taxonomy":"product_cat","embeddable":true,"href":"https:\/\/jumailuminacion.com\/eu\/wp-json\/wp\/v2\/product_cat?post=1743"},{"taxonomy":"product_tag","embeddable":true,"href":"https:\/\/jumailuminacion.com\/eu\/wp-json\/wp\/v2\/product_tag?post=1743"}],"curies":[{"name":"wp","href":"https:\/\/api.w.org\/{rel}","templated":true}]}}