{"id":1875,"date":"2024-12-09T12:09:29","date_gmt":"2024-12-09T12:09:29","guid":{"rendered":"https:\/\/jumailuminacion.com\/?post_type=product&#038;p=1875"},"modified":"2025-02-03T16:44:46","modified_gmt":"2025-02-03T16:44:46","slug":"vaso-cristal-rayado-set-de-6","status":"publish","type":"product","link":"https:\/\/jumailuminacion.com\/eu\/produktua\/vaso-cristal-rayado-set-de-6\/","title":{"rendered":"Vaso cristal rayado Set de 6"},"content":{"rendered":"<p>Dale un toque de elegancia\u00a0 funcionalida a tu mesa con este set de 6 vasos de cristal.Su dise\u00f1o rayado aporta un estilo sofisticado y moderno,perfecto parea cualuier ocasion desde cenas formales hasta momentos cotidianos.Cristal de alta calidad,resistente y duradero.Ideal para cualquier bebida.Apto para lavavajillas.Tama\u00f1o 7,5&#215;7,5&#215;9,5.<\/p>","protected":false},"excerpt":{"rendered":"<p>Dale un toque de elegancia\u00a0 funcionalida a tu mesa con este set de 6 vasos de cristal.Su dise\u00f1o rayado aporta un estilo sofisticado y moderno,perfecto parea cualuier ocasion desde cenas formales hasta momentos cotidianos.Cristal de alta calidad,resistente y duradero.Ideal para cualquier bebida.Apto para lavavajillas.Tama\u00f1o 7,5&#215;7,5&#215;9,5.<\/p>","protected":false},"featured_media":1876,"comment_status":"open","ping_status":"closed","template":"","meta":[],"product_brand":[],"product_cat":[65],"product_tag":[],"class_list":{"0":"post-1875","1":"product","2":"type-product","3":"status-publish","4":"has-post-thumbnail","6":"product_cat-menaje","8":"first","9":"instock","10":"purchasable","11":"product-type-simple"},"yoast_head":"<!-- This site is optimized with the Yoast SEO plugin v27.3 - https:\/\/yoast.com\/product\/yoast-seo-wordpress\/ -->\n<title>Vaso cristal rayado Set de 6 - Juma Iluminaci\u00f3n<\/title>\n<meta name=\"description\" content=\"Dale un toque de elegancia\u00a0 funcionalida a tu mesa con este set de 6 vasos de cristal.Su dise\u00f1o rayado aporta un estilo sofisticado y moderno,perfecto parea cualuier ocasion desde cenas formales hasta momentos cotidianos.Cristal de alta calidad,resistente y duradero.Ideal para cualquier bebida.Apto para lavavajillas.Tama\u00f1o 7,5x7,5x9,5.\" \/>\n<meta name=\"robots\" content=\"index, follow, max-snippet:-1, max-image-preview:large, max-video-preview:-1\" \/>\n<link rel=\"canonical\" href=\"https:\/\/jumailuminacion.com\/eu\/producto\/vaso-cristal-rayado-set-de-6\/\" \/>\n<meta property=\"og:locale\" content=\"en_US\" \/>\n<meta property=\"og:type\" content=\"article\" \/>\n<meta property=\"og:title\" content=\"Vaso cristal rayado Set de 6 - Juma Iluminaci\u00f3n\" \/>\n<meta property=\"og:description\" content=\"Dale un toque de elegancia\u00a0 funcionalida a tu mesa con este set de 6 vasos de cristal.Su dise\u00f1o rayado aporta un estilo sofisticado y moderno,perfecto parea cualuier ocasion desde cenas formales hasta momentos cotidianos.Cristal de alta calidad,resistente y duradero.Ideal para cualquier bebida.Apto para lavavajillas.Tama\u00f1o 7,5x7,5x9,5.\" \/>\n<meta property=\"og:url\" content=\"https:\/\/jumailuminacion.com\/eu\/producto\/vaso-cristal-rayado-set-de-6\/\" \/>\n<meta property=\"og:site_name\" content=\"Juma Iluminaci\u00f3n\" \/>\n<meta property=\"article:modified_time\" content=\"2025-02-03T16:44:46+00:00\" \/>\n<meta property=\"og:image\" content=\"https:\/\/jumailuminacion.com\/wp-content\/uploads\/2024\/12\/vaso-rayado.png\" \/>\n\t<meta property=\"og:image:width\" content=\"1080\" \/>\n\t<meta property=\"og:image:height\" content=\"1080\" \/>\n\t<meta property=\"og:image:type\" content=\"image\/png\" \/>\n<meta name=\"twitter:card\" content=\"summary_large_image\" \/>\n<meta name=\"twitter:label1\" content=\"Est. reading time\" \/>\n\t<meta name=\"twitter:data1\" content=\"1 minutua\" \/>\n<script type=\"application\/ld+json\" class=\"yoast-schema-graph\">{\"@context\":\"https:\\\/\\\/schema.org\",\"@graph\":[{\"@type\":\"WebPage\",\"@id\":\"https:\\\/\\\/jumailuminacion.com\\\/producto\\\/vaso-cristal-rayado-set-de-6\\\/\",\"url\":\"https:\\\/\\\/jumailuminacion.com\\\/producto\\\/vaso-cristal-rayado-set-de-6\\\/\",\"name\":\"Vaso cristal rayado Set de 6 - Juma Iluminaci\u00f3n\",\"isPartOf\":{\"@id\":\"https:\\\/\\\/jumailuminacion.com\\\/#website\"},\"primaryImageOfPage\":{\"@id\":\"https:\\\/\\\/jumailuminacion.com\\\/producto\\\/vaso-cristal-rayado-set-de-6\\\/#primaryimage\"},\"image\":{\"@id\":\"https:\\\/\\\/jumailuminacion.com\\\/producto\\\/vaso-cristal-rayado-set-de-6\\\/#primaryimage\"},\"thumbnailUrl\":\"https:\\\/\\\/jumailuminacion.com\\\/wp-content\\\/uploads\\\/2024\\\/12\\\/vaso-rayado.png\",\"datePublished\":\"2024-12-09T12:09:29+00:00\",\"dateModified\":\"2025-02-03T16:44:46+00:00\",\"description\":\"Dale un toque de elegancia\u00a0 funcionalida a tu mesa con este set de 6 vasos de cristal.Su dise\u00f1o rayado aporta un estilo sofisticado y moderno,perfecto parea cualuier ocasion desde cenas formales hasta momentos cotidianos.Cristal de alta calidad,resistente y duradero.Ideal para cualquier bebida.Apto para lavavajillas.Tama\u00f1o 7,5x7,5x9,5.\",\"breadcrumb\":{\"@id\":\"https:\\\/\\\/jumailuminacion.com\\\/producto\\\/vaso-cristal-rayado-set-de-6\\\/#breadcrumb\"},\"inLanguage\":\"eu\",\"potentialAction\":[{\"@type\":\"ReadAction\",\"target\":[\"https:\\\/\\\/jumailuminacion.com\\\/producto\\\/vaso-cristal-rayado-set-de-6\\\/\"]}]},{\"@type\":\"ImageObject\",\"inLanguage\":\"eu\",\"@id\":\"https:\\\/\\\/jumailuminacion.com\\\/producto\\\/vaso-cristal-rayado-set-de-6\\\/#primaryimage\",\"url\":\"https:\\\/\\\/jumailuminacion.com\\\/wp-content\\\/uploads\\\/2024\\\/12\\\/vaso-rayado.png\",\"contentUrl\":\"https:\\\/\\\/jumailuminacion.com\\\/wp-content\\\/uploads\\\/2024\\\/12\\\/vaso-rayado.png\",\"width\":1080,\"height\":1080},{\"@type\":\"BreadcrumbList\",\"@id\":\"https:\\\/\\\/jumailuminacion.com\\\/producto\\\/vaso-cristal-rayado-set-de-6\\\/#breadcrumb\",\"itemListElement\":[{\"@type\":\"ListItem\",\"position\":1,\"name\":\"Portada\",\"item\":\"https:\\\/\\\/jumailuminacion.com\\\/\"},{\"@type\":\"ListItem\",\"position\":2,\"name\":\"Tienda\",\"item\":\"https:\\\/\\\/jumailuminacion.com\\\/tienda\\\/\"},{\"@type\":\"ListItem\",\"position\":3,\"name\":\"Vaso cristal rayado Set de 6\"}]},{\"@type\":\"WebSite\",\"@id\":\"https:\\\/\\\/jumailuminacion.com\\\/#website\",\"url\":\"https:\\\/\\\/jumailuminacion.com\\\/\",\"name\":\"Juma Iluminaci\u00f3n\",\"description\":\"Iluminaci\u00f3n y Decoraci\u00f3n\",\"publisher\":{\"@id\":\"https:\\\/\\\/jumailuminacion.com\\\/#organization\"},\"potentialAction\":[{\"@type\":\"SearchAction\",\"target\":{\"@type\":\"EntryPoint\",\"urlTemplate\":\"https:\\\/\\\/jumailuminacion.com\\\/?s={search_term_string}\"},\"query-input\":{\"@type\":\"PropertyValueSpecification\",\"valueRequired\":true,\"valueName\":\"search_term_string\"}}],\"inLanguage\":\"eu\"},{\"@type\":\"Organization\",\"@id\":\"https:\\\/\\\/jumailuminacion.com\\\/#organization\",\"name\":\"Juma Iluminaci\u00f3n\",\"url\":\"https:\\\/\\\/jumailuminacion.com\\\/\",\"logo\":{\"@type\":\"ImageObject\",\"inLanguage\":\"eu\",\"@id\":\"https:\\\/\\\/jumailuminacion.com\\\/#\\\/schema\\\/logo\\\/image\\\/\",\"url\":\"https:\\\/\\\/jumailuminacion.com\\\/wp-content\\\/uploads\\\/2023\\\/07\\\/cropped-WhatsApp-Image-2023-07-10-at-11.40.47.jpg\",\"contentUrl\":\"https:\\\/\\\/jumailuminacion.com\\\/wp-content\\\/uploads\\\/2023\\\/07\\\/cropped-WhatsApp-Image-2023-07-10-at-11.40.47.jpg\",\"width\":384,\"height\":372,\"caption\":\"Juma Iluminaci\u00f3n\"},\"image\":{\"@id\":\"https:\\\/\\\/jumailuminacion.com\\\/#\\\/schema\\\/logo\\\/image\\\/\"}}]}<\/script>\n<!-- \/ Yoast SEO plugin. -->","yoast_head_json":{"title":"Vaso cristal rayado Set de 6 - Juma Iluminaci\u00f3n","description":"Dale un toque de elegancia\u00a0 funcionalida a tu mesa con este set de 6 vasos de cristal.Su dise\u00f1o rayado aporta un estilo sofisticado y moderno,perfecto parea cualuier ocasion desde cenas formales hasta momentos cotidianos.Cristal de alta calidad,resistente y duradero.Ideal para cualquier bebida.Apto para lavavajillas.Tama\u00f1o 7,5x7,5x9,5.","robots":{"index":"index","follow":"follow","max-snippet":"max-snippet:-1","max-image-preview":"max-image-preview:large","max-video-preview":"max-video-preview:-1"},"canonical":"https:\/\/jumailuminacion.com\/eu\/producto\/vaso-cristal-rayado-set-de-6\/","og_locale":"en_US","og_type":"article","og_title":"Vaso cristal rayado Set de 6 - Juma Iluminaci\u00f3n","og_description":"Dale un toque de elegancia\u00a0 funcionalida a tu mesa con este set de 6 vasos de cristal.Su dise\u00f1o rayado aporta un estilo sofisticado y moderno,perfecto parea cualuier ocasion desde cenas formales hasta momentos cotidianos.Cristal de alta calidad,resistente y duradero.Ideal para cualquier bebida.Apto para lavavajillas.Tama\u00f1o 7,5x7,5x9,5.","og_url":"https:\/\/jumailuminacion.com\/eu\/producto\/vaso-cristal-rayado-set-de-6\/","og_site_name":"Juma Iluminaci\u00f3n","article_modified_time":"2025-02-03T16:44:46+00:00","og_image":[{"width":1080,"height":1080,"url":"https:\/\/jumailuminacion.com\/wp-content\/uploads\/2024\/12\/vaso-rayado.png","type":"image\/png"}],"twitter_card":"summary_large_image","twitter_misc":{"Est. reading time":"1 minutua"},"schema":{"@context":"https:\/\/schema.org","@graph":[{"@type":"WebPage","@id":"https:\/\/jumailuminacion.com\/producto\/vaso-cristal-rayado-set-de-6\/","url":"https:\/\/jumailuminacion.com\/producto\/vaso-cristal-rayado-set-de-6\/","name":"Vaso cristal rayado Set de 6 - Juma Iluminaci\u00f3n","isPartOf":{"@id":"https:\/\/jumailuminacion.com\/#website"},"primaryImageOfPage":{"@id":"https:\/\/jumailuminacion.com\/producto\/vaso-cristal-rayado-set-de-6\/#primaryimage"},"image":{"@id":"https:\/\/jumailuminacion.com\/producto\/vaso-cristal-rayado-set-de-6\/#primaryimage"},"thumbnailUrl":"https:\/\/jumailuminacion.com\/wp-content\/uploads\/2024\/12\/vaso-rayado.png","datePublished":"2024-12-09T12:09:29+00:00","dateModified":"2025-02-03T16:44:46+00:00","description":"Dale un toque de elegancia\u00a0 funcionalida a tu mesa con este set de 6 vasos de cristal.Su dise\u00f1o rayado aporta un estilo sofisticado y moderno,perfecto parea cualuier ocasion desde cenas formales hasta momentos cotidianos.Cristal de alta calidad,resistente y duradero.Ideal para cualquier bebida.Apto para lavavajillas.Tama\u00f1o 7,5x7,5x9,5.","breadcrumb":{"@id":"https:\/\/jumailuminacion.com\/producto\/vaso-cristal-rayado-set-de-6\/#breadcrumb"},"inLanguage":"eu","potentialAction":[{"@type":"ReadAction","target":["https:\/\/jumailuminacion.com\/producto\/vaso-cristal-rayado-set-de-6\/"]}]},{"@type":"ImageObject","inLanguage":"eu","@id":"https:\/\/jumailuminacion.com\/producto\/vaso-cristal-rayado-set-de-6\/#primaryimage","url":"https:\/\/jumailuminacion.com\/wp-content\/uploads\/2024\/12\/vaso-rayado.png","contentUrl":"https:\/\/jumailuminacion.com\/wp-content\/uploads\/2024\/12\/vaso-rayado.png","width":1080,"height":1080},{"@type":"BreadcrumbList","@id":"https:\/\/jumailuminacion.com\/producto\/vaso-cristal-rayado-set-de-6\/#breadcrumb","itemListElement":[{"@type":"ListItem","position":1,"name":"Portada","item":"https:\/\/jumailuminacion.com\/"},{"@type":"ListItem","position":2,"name":"Tienda","item":"https:\/\/jumailuminacion.com\/tienda\/"},{"@type":"ListItem","position":3,"name":"Vaso cristal rayado Set de 6"}]},{"@type":"WebSite","@id":"https:\/\/jumailuminacion.com\/#website","url":"https:\/\/jumailuminacion.com\/","name":"Juma Iluminaci\u00f3n","description":"Iluminaci\u00f3n y Decoraci\u00f3n","publisher":{"@id":"https:\/\/jumailuminacion.com\/#organization"},"potentialAction":[{"@type":"SearchAction","target":{"@type":"EntryPoint","urlTemplate":"https:\/\/jumailuminacion.com\/?s={search_term_string}"},"query-input":{"@type":"PropertyValueSpecification","valueRequired":true,"valueName":"search_term_string"}}],"inLanguage":"eu"},{"@type":"Organization","@id":"https:\/\/jumailuminacion.com\/#organization","name":"Juma Iluminaci\u00f3n","url":"https:\/\/jumailuminacion.com\/","logo":{"@type":"ImageObject","inLanguage":"eu","@id":"https:\/\/jumailuminacion.com\/#\/schema\/logo\/image\/","url":"https:\/\/jumailuminacion.com\/wp-content\/uploads\/2023\/07\/cropped-WhatsApp-Image-2023-07-10-at-11.40.47.jpg","contentUrl":"https:\/\/jumailuminacion.com\/wp-content\/uploads\/2023\/07\/cropped-WhatsApp-Image-2023-07-10-at-11.40.47.jpg","width":384,"height":372,"caption":"Juma Iluminaci\u00f3n"},"image":{"@id":"https:\/\/jumailuminacion.com\/#\/schema\/logo\/image\/"}}]}},"_links":{"self":[{"href":"https:\/\/jumailuminacion.com\/eu\/wp-json\/wp\/v2\/product\/1875","targetHints":{"allow":["GET"]}}],"collection":[{"href":"https:\/\/jumailuminacion.com\/eu\/wp-json\/wp\/v2\/product"}],"about":[{"href":"https:\/\/jumailuminacion.com\/eu\/wp-json\/wp\/v2\/types\/product"}],"replies":[{"embeddable":true,"href":"https:\/\/jumailuminacion.com\/eu\/wp-json\/wp\/v2\/comments?post=1875"}],"wp:featuredmedia":[{"embeddable":true,"href":"https:\/\/jumailuminacion.com\/eu\/wp-json\/wp\/v2\/media\/1876"}],"wp:attachment":[{"href":"https:\/\/jumailuminacion.com\/eu\/wp-json\/wp\/v2\/media?parent=1875"}],"wp:term":[{"taxonomy":"product_brand","embeddable":true,"href":"https:\/\/jumailuminacion.com\/eu\/wp-json\/wp\/v2\/product_brand?post=1875"},{"taxonomy":"product_cat","embeddable":true,"href":"https:\/\/jumailuminacion.com\/eu\/wp-json\/wp\/v2\/product_cat?post=1875"},{"taxonomy":"product_tag","embeddable":true,"href":"https:\/\/jumailuminacion.com\/eu\/wp-json\/wp\/v2\/product_tag?post=1875"}],"curies":[{"name":"wp","href":"https:\/\/api.w.org\/{rel}","templated":true}]}}