{"id":1885,"date":"2025-01-03T17:33:48","date_gmt":"2025-01-03T17:33:48","guid":{"rendered":"https:\/\/jumailuminacion.com\/?post_type=product&#038;p=1885"},"modified":"2025-01-03T17:33:48","modified_gmt":"2025-01-03T17:33:48","slug":"cojin-oasis-50x50","status":"publish","type":"product","link":"https:\/\/jumailuminacion.com\/eu\/produktua\/cojin-oasis-50x50\/","title":{"rendered":"Cojin OASIS  50&#215;50"},"content":{"rendered":"<div>Este cojin decorativo tiene un dise\u00f1o tropical elegante.Esta adornado con dibujos de palmeras en tonos naturales.Los bordes estan decorados con flecos que a\u00f1aden textura y un estilo bohemio.<\/div>\n<div>Material:\u00a0Funda de algod\u00f3n y relleno de poli\u00e9ster<\/div>\n<div>Medidas: 50 x 50 cm.<\/div>\n<div><\/div>","protected":false},"excerpt":{"rendered":"<div>Este cojin decorativo tiene un dise\u00f1o tropical elegante.Esta adornado con dibujos de palmeras en tonos naturales.Los bordes estan decorados con flecos que a\u00f1aden textura y un estilo bohemio.<\/div>\n<div>Material:\u00a0Funda de algod\u00f3n y relleno de poli\u00e9ster<\/div>\n<div>Medidas: 50 x 50 cm.<\/div>\n<div><\/div>","protected":false},"featured_media":1886,"comment_status":"open","ping_status":"closed","template":"","meta":[],"product_brand":[],"product_cat":[36],"product_tag":[],"class_list":{"0":"post-1885","1":"product","2":"type-product","3":"status-publish","4":"has-post-thumbnail","6":"product_cat-textil","8":"first","9":"instock","10":"purchasable","11":"product-type-simple"},"yoast_head":"<!-- This site is optimized with the Yoast SEO plugin v27.3 - https:\/\/yoast.com\/product\/yoast-seo-wordpress\/ -->\n<title>Cojin OASIS 50x50 - Juma Iluminaci\u00f3n<\/title>\n<meta name=\"description\" content=\"Este cojin decorativo tiene un dise\u00f1o tropical elegante.Esta adornado con dibujos de palmeras en tonos naturales.Los bordes estan decorados con flecos que a\u00f1aden textura y un estilo bohemio.Material:\u00a0Funda de algod\u00f3n y relleno de poli\u00e9sterMedidas: 50 x 50 cm.\" \/>\n<meta name=\"robots\" content=\"index, follow, max-snippet:-1, max-image-preview:large, max-video-preview:-1\" \/>\n<link rel=\"canonical\" href=\"https:\/\/jumailuminacion.com\/eu\/producto\/cojin-oasis-50x50\/\" \/>\n<meta property=\"og:locale\" content=\"en_US\" \/>\n<meta property=\"og:type\" content=\"article\" \/>\n<meta property=\"og:title\" content=\"Cojin OASIS 50x50 - Juma Iluminaci\u00f3n\" \/>\n<meta property=\"og:description\" content=\"Este cojin decorativo tiene un dise\u00f1o tropical elegante.Esta adornado con dibujos de palmeras en tonos naturales.Los bordes estan decorados con flecos que a\u00f1aden textura y un estilo bohemio.Material:\u00a0Funda de algod\u00f3n y relleno de poli\u00e9sterMedidas: 50 x 50 cm.\" \/>\n<meta property=\"og:url\" content=\"https:\/\/jumailuminacion.com\/eu\/producto\/cojin-oasis-50x50\/\" \/>\n<meta property=\"og:site_name\" content=\"Juma Iluminaci\u00f3n\" \/>\n<meta property=\"og:image\" content=\"https:\/\/jumailuminacion.com\/wp-content\/uploads\/2025\/01\/cojin-oasis-50.png\" \/>\n\t<meta property=\"og:image:width\" content=\"1080\" \/>\n\t<meta property=\"og:image:height\" content=\"1080\" \/>\n\t<meta property=\"og:image:type\" content=\"image\/png\" \/>\n<meta name=\"twitter:card\" content=\"summary_large_image\" \/>\n<meta name=\"twitter:label1\" content=\"Est. reading time\" \/>\n\t<meta name=\"twitter:data1\" content=\"1 minutua\" \/>\n<script type=\"application\/ld+json\" class=\"yoast-schema-graph\">{\"@context\":\"https:\\\/\\\/schema.org\",\"@graph\":[{\"@type\":\"WebPage\",\"@id\":\"https:\\\/\\\/jumailuminacion.com\\\/producto\\\/cojin-oasis-50x50\\\/\",\"url\":\"https:\\\/\\\/jumailuminacion.com\\\/producto\\\/cojin-oasis-50x50\\\/\",\"name\":\"Cojin OASIS 50x50 - Juma Iluminaci\u00f3n\",\"isPartOf\":{\"@id\":\"https:\\\/\\\/jumailuminacion.com\\\/#website\"},\"primaryImageOfPage\":{\"@id\":\"https:\\\/\\\/jumailuminacion.com\\\/producto\\\/cojin-oasis-50x50\\\/#primaryimage\"},\"image\":{\"@id\":\"https:\\\/\\\/jumailuminacion.com\\\/producto\\\/cojin-oasis-50x50\\\/#primaryimage\"},\"thumbnailUrl\":\"https:\\\/\\\/jumailuminacion.com\\\/wp-content\\\/uploads\\\/2025\\\/01\\\/cojin-oasis-50.png\",\"datePublished\":\"2025-01-03T17:33:48+00:00\",\"description\":\"Este cojin decorativo tiene un dise\u00f1o tropical elegante.Esta adornado con dibujos de palmeras en tonos naturales.Los bordes estan decorados con flecos que a\u00f1aden textura y un estilo bohemio.Material:\u00a0Funda de algod\u00f3n y relleno de poli\u00e9sterMedidas: 50 x 50 cm.\",\"breadcrumb\":{\"@id\":\"https:\\\/\\\/jumailuminacion.com\\\/producto\\\/cojin-oasis-50x50\\\/#breadcrumb\"},\"inLanguage\":\"eu\",\"potentialAction\":[{\"@type\":\"ReadAction\",\"target\":[\"https:\\\/\\\/jumailuminacion.com\\\/producto\\\/cojin-oasis-50x50\\\/\"]}]},{\"@type\":\"ImageObject\",\"inLanguage\":\"eu\",\"@id\":\"https:\\\/\\\/jumailuminacion.com\\\/producto\\\/cojin-oasis-50x50\\\/#primaryimage\",\"url\":\"https:\\\/\\\/jumailuminacion.com\\\/wp-content\\\/uploads\\\/2025\\\/01\\\/cojin-oasis-50.png\",\"contentUrl\":\"https:\\\/\\\/jumailuminacion.com\\\/wp-content\\\/uploads\\\/2025\\\/01\\\/cojin-oasis-50.png\",\"width\":1080,\"height\":1080},{\"@type\":\"BreadcrumbList\",\"@id\":\"https:\\\/\\\/jumailuminacion.com\\\/producto\\\/cojin-oasis-50x50\\\/#breadcrumb\",\"itemListElement\":[{\"@type\":\"ListItem\",\"position\":1,\"name\":\"Portada\",\"item\":\"https:\\\/\\\/jumailuminacion.com\\\/\"},{\"@type\":\"ListItem\",\"position\":2,\"name\":\"Tienda\",\"item\":\"https:\\\/\\\/jumailuminacion.com\\\/tienda\\\/\"},{\"@type\":\"ListItem\",\"position\":3,\"name\":\"Cojin OASIS 50&#215;50\"}]},{\"@type\":\"WebSite\",\"@id\":\"https:\\\/\\\/jumailuminacion.com\\\/#website\",\"url\":\"https:\\\/\\\/jumailuminacion.com\\\/\",\"name\":\"Juma Iluminaci\u00f3n\",\"description\":\"Iluminaci\u00f3n y Decoraci\u00f3n\",\"publisher\":{\"@id\":\"https:\\\/\\\/jumailuminacion.com\\\/#organization\"},\"potentialAction\":[{\"@type\":\"SearchAction\",\"target\":{\"@type\":\"EntryPoint\",\"urlTemplate\":\"https:\\\/\\\/jumailuminacion.com\\\/?s={search_term_string}\"},\"query-input\":{\"@type\":\"PropertyValueSpecification\",\"valueRequired\":true,\"valueName\":\"search_term_string\"}}],\"inLanguage\":\"eu\"},{\"@type\":\"Organization\",\"@id\":\"https:\\\/\\\/jumailuminacion.com\\\/#organization\",\"name\":\"Juma Iluminaci\u00f3n\",\"url\":\"https:\\\/\\\/jumailuminacion.com\\\/\",\"logo\":{\"@type\":\"ImageObject\",\"inLanguage\":\"eu\",\"@id\":\"https:\\\/\\\/jumailuminacion.com\\\/#\\\/schema\\\/logo\\\/image\\\/\",\"url\":\"https:\\\/\\\/jumailuminacion.com\\\/wp-content\\\/uploads\\\/2023\\\/07\\\/cropped-WhatsApp-Image-2023-07-10-at-11.40.47.jpg\",\"contentUrl\":\"https:\\\/\\\/jumailuminacion.com\\\/wp-content\\\/uploads\\\/2023\\\/07\\\/cropped-WhatsApp-Image-2023-07-10-at-11.40.47.jpg\",\"width\":384,\"height\":372,\"caption\":\"Juma Iluminaci\u00f3n\"},\"image\":{\"@id\":\"https:\\\/\\\/jumailuminacion.com\\\/#\\\/schema\\\/logo\\\/image\\\/\"}}]}<\/script>\n<!-- \/ Yoast SEO plugin. -->","yoast_head_json":{"title":"Cojin OASIS 50x50 - Juma Iluminaci\u00f3n","description":"Este cojin decorativo tiene un dise\u00f1o tropical elegante.Esta adornado con dibujos de palmeras en tonos naturales.Los bordes estan decorados con flecos que a\u00f1aden textura y un estilo bohemio.Material:\u00a0Funda de algod\u00f3n y relleno de poli\u00e9sterMedidas: 50 x 50 cm.","robots":{"index":"index","follow":"follow","max-snippet":"max-snippet:-1","max-image-preview":"max-image-preview:large","max-video-preview":"max-video-preview:-1"},"canonical":"https:\/\/jumailuminacion.com\/eu\/producto\/cojin-oasis-50x50\/","og_locale":"en_US","og_type":"article","og_title":"Cojin OASIS 50x50 - Juma Iluminaci\u00f3n","og_description":"Este cojin decorativo tiene un dise\u00f1o tropical elegante.Esta adornado con dibujos de palmeras en tonos naturales.Los bordes estan decorados con flecos que a\u00f1aden textura y un estilo bohemio.Material:\u00a0Funda de algod\u00f3n y relleno de poli\u00e9sterMedidas: 50 x 50 cm.","og_url":"https:\/\/jumailuminacion.com\/eu\/producto\/cojin-oasis-50x50\/","og_site_name":"Juma Iluminaci\u00f3n","og_image":[{"width":1080,"height":1080,"url":"https:\/\/jumailuminacion.com\/wp-content\/uploads\/2025\/01\/cojin-oasis-50.png","type":"image\/png"}],"twitter_card":"summary_large_image","twitter_misc":{"Est. reading time":"1 minutua"},"schema":{"@context":"https:\/\/schema.org","@graph":[{"@type":"WebPage","@id":"https:\/\/jumailuminacion.com\/producto\/cojin-oasis-50x50\/","url":"https:\/\/jumailuminacion.com\/producto\/cojin-oasis-50x50\/","name":"Cojin OASIS 50x50 - Juma Iluminaci\u00f3n","isPartOf":{"@id":"https:\/\/jumailuminacion.com\/#website"},"primaryImageOfPage":{"@id":"https:\/\/jumailuminacion.com\/producto\/cojin-oasis-50x50\/#primaryimage"},"image":{"@id":"https:\/\/jumailuminacion.com\/producto\/cojin-oasis-50x50\/#primaryimage"},"thumbnailUrl":"https:\/\/jumailuminacion.com\/wp-content\/uploads\/2025\/01\/cojin-oasis-50.png","datePublished":"2025-01-03T17:33:48+00:00","description":"Este cojin decorativo tiene un dise\u00f1o tropical elegante.Esta adornado con dibujos de palmeras en tonos naturales.Los bordes estan decorados con flecos que a\u00f1aden textura y un estilo bohemio.Material:\u00a0Funda de algod\u00f3n y relleno de poli\u00e9sterMedidas: 50 x 50 cm.","breadcrumb":{"@id":"https:\/\/jumailuminacion.com\/producto\/cojin-oasis-50x50\/#breadcrumb"},"inLanguage":"eu","potentialAction":[{"@type":"ReadAction","target":["https:\/\/jumailuminacion.com\/producto\/cojin-oasis-50x50\/"]}]},{"@type":"ImageObject","inLanguage":"eu","@id":"https:\/\/jumailuminacion.com\/producto\/cojin-oasis-50x50\/#primaryimage","url":"https:\/\/jumailuminacion.com\/wp-content\/uploads\/2025\/01\/cojin-oasis-50.png","contentUrl":"https:\/\/jumailuminacion.com\/wp-content\/uploads\/2025\/01\/cojin-oasis-50.png","width":1080,"height":1080},{"@type":"BreadcrumbList","@id":"https:\/\/jumailuminacion.com\/producto\/cojin-oasis-50x50\/#breadcrumb","itemListElement":[{"@type":"ListItem","position":1,"name":"Portada","item":"https:\/\/jumailuminacion.com\/"},{"@type":"ListItem","position":2,"name":"Tienda","item":"https:\/\/jumailuminacion.com\/tienda\/"},{"@type":"ListItem","position":3,"name":"Cojin OASIS 50&#215;50"}]},{"@type":"WebSite","@id":"https:\/\/jumailuminacion.com\/#website","url":"https:\/\/jumailuminacion.com\/","name":"Juma Iluminaci\u00f3n","description":"Iluminaci\u00f3n y Decoraci\u00f3n","publisher":{"@id":"https:\/\/jumailuminacion.com\/#organization"},"potentialAction":[{"@type":"SearchAction","target":{"@type":"EntryPoint","urlTemplate":"https:\/\/jumailuminacion.com\/?s={search_term_string}"},"query-input":{"@type":"PropertyValueSpecification","valueRequired":true,"valueName":"search_term_string"}}],"inLanguage":"eu"},{"@type":"Organization","@id":"https:\/\/jumailuminacion.com\/#organization","name":"Juma Iluminaci\u00f3n","url":"https:\/\/jumailuminacion.com\/","logo":{"@type":"ImageObject","inLanguage":"eu","@id":"https:\/\/jumailuminacion.com\/#\/schema\/logo\/image\/","url":"https:\/\/jumailuminacion.com\/wp-content\/uploads\/2023\/07\/cropped-WhatsApp-Image-2023-07-10-at-11.40.47.jpg","contentUrl":"https:\/\/jumailuminacion.com\/wp-content\/uploads\/2023\/07\/cropped-WhatsApp-Image-2023-07-10-at-11.40.47.jpg","width":384,"height":372,"caption":"Juma Iluminaci\u00f3n"},"image":{"@id":"https:\/\/jumailuminacion.com\/#\/schema\/logo\/image\/"}}]}},"_links":{"self":[{"href":"https:\/\/jumailuminacion.com\/eu\/wp-json\/wp\/v2\/product\/1885","targetHints":{"allow":["GET"]}}],"collection":[{"href":"https:\/\/jumailuminacion.com\/eu\/wp-json\/wp\/v2\/product"}],"about":[{"href":"https:\/\/jumailuminacion.com\/eu\/wp-json\/wp\/v2\/types\/product"}],"replies":[{"embeddable":true,"href":"https:\/\/jumailuminacion.com\/eu\/wp-json\/wp\/v2\/comments?post=1885"}],"wp:featuredmedia":[{"embeddable":true,"href":"https:\/\/jumailuminacion.com\/eu\/wp-json\/wp\/v2\/media\/1886"}],"wp:attachment":[{"href":"https:\/\/jumailuminacion.com\/eu\/wp-json\/wp\/v2\/media?parent=1885"}],"wp:term":[{"taxonomy":"product_brand","embeddable":true,"href":"https:\/\/jumailuminacion.com\/eu\/wp-json\/wp\/v2\/product_brand?post=1885"},{"taxonomy":"product_cat","embeddable":true,"href":"https:\/\/jumailuminacion.com\/eu\/wp-json\/wp\/v2\/product_cat?post=1885"},{"taxonomy":"product_tag","embeddable":true,"href":"https:\/\/jumailuminacion.com\/eu\/wp-json\/wp\/v2\/product_tag?post=1885"}],"curies":[{"name":"wp","href":"https:\/\/api.w.org\/{rel}","templated":true}]}}