{"id":2063,"date":"2025-09-05T16:41:30","date_gmt":"2025-09-05T16:41:30","guid":{"rendered":"https:\/\/jumailuminacion.com\/?post_type=product&#038;p=2063"},"modified":"2025-09-05T16:41:31","modified_gmt":"2025-09-05T16:41:31","slug":"flexo-ristori-blanco","status":"publish","type":"product","link":"https:\/\/jumailuminacion.com\/eu\/produktua\/flexo-ristori-blanco\/","title":{"rendered":"FLEXO RISTORI BLANCO"},"content":{"rendered":"<div class=\"row\">\n<div id=\"product-description-1679\" class=\"desc\">L\u00e1mpara de sobremesa de la Colecci\u00f3n RISTORI. Fabricada en metal en acabado blanco con detalles de madera natural. Usa bombilla E27, 1 x E-27 60W Max., compatibles con tecnolog\u00eda Led (no incluida). Ideal para ubicarla en cualquier estancia del hogar.<\/div>\n<\/div>","protected":false},"excerpt":{"rendered":"<p>L\u00e1mpara de sobremesa de la Colecci\u00f3n RISTORI. Fabricada en metal en acabado blanco con detalles de madera natural. Usa bombilla E27, 1 x E-27 60W Max., compatibles con tecnolog\u00eda Led (no incluida). Ideal para ubicarla en cualquier estancia del hogar.<\/p>","protected":false},"featured_media":2064,"comment_status":"open","ping_status":"closed","template":"","meta":[],"product_brand":[],"product_cat":[18],"product_tag":[],"class_list":{"0":"post-2063","1":"product","2":"type-product","3":"status-publish","4":"has-post-thumbnail","6":"product_cat-iluminacion","8":"first","9":"instock","10":"purchasable","11":"product-type-simple"},"yoast_head":"<!-- This site is optimized with the Yoast SEO plugin v27.5 - https:\/\/yoast.com\/product\/yoast-seo-wordpress\/ -->\n<title>FLEXO RISTORI BLANCO - Juma Iluminaci\u00f3n<\/title>\n<meta name=\"description\" content=\"L\u00e1mpara de sobremesa de la Colecci\u00f3n RISTORI. Fabricada en metal en acabado blanco con detalles de madera natural. Usa bombilla E27, 1 x E-27 60W Max., compatibles con tecnolog\u00eda Led (no incluida). Ideal para ubicarla en cualquier estancia del hogar.\" \/>\n<meta name=\"robots\" content=\"index, follow, max-snippet:-1, max-image-preview:large, max-video-preview:-1\" \/>\n<link rel=\"canonical\" href=\"https:\/\/jumailuminacion.com\/eu\/produktua\/flexo-ristori-blanco\/\" \/>\n<meta property=\"og:locale\" content=\"en_US\" \/>\n<meta property=\"og:type\" content=\"article\" \/>\n<meta property=\"og:title\" content=\"FLEXO RISTORI BLANCO - Juma Iluminaci\u00f3n\" \/>\n<meta property=\"og:description\" content=\"L\u00e1mpara de sobremesa de la Colecci\u00f3n RISTORI. Fabricada en metal en acabado blanco con detalles de madera natural. Usa bombilla E27, 1 x E-27 60W Max., compatibles con tecnolog\u00eda Led (no incluida). Ideal para ubicarla en cualquier estancia del hogar.\" \/>\n<meta property=\"og:url\" content=\"https:\/\/jumailuminacion.com\/eu\/produktua\/flexo-ristori-blanco\/\" \/>\n<meta property=\"og:site_name\" content=\"Juma Iluminaci\u00f3n\" \/>\n<meta property=\"article:modified_time\" content=\"2025-09-05T16:41:31+00:00\" \/>\n<meta property=\"og:image\" content=\"https:\/\/jumailuminacion.com\/wp-content\/uploads\/2025\/09\/flexo-ristori-bl.png\" \/>\n\t<meta property=\"og:image:width\" content=\"1080\" \/>\n\t<meta property=\"og:image:height\" content=\"1080\" \/>\n\t<meta property=\"og:image:type\" content=\"image\/png\" \/>\n<meta name=\"twitter:card\" content=\"summary_large_image\" \/>\n<meta name=\"twitter:label1\" content=\"Est. reading time\" \/>\n\t<meta name=\"twitter:data1\" content=\"1 minutua\" \/>\n<script type=\"application\/ld+json\" class=\"yoast-schema-graph\">{\"@context\":\"https:\\\/\\\/schema.org\",\"@graph\":[{\"@type\":\"WebPage\",\"@id\":\"https:\\\/\\\/jumailuminacion.com\\\/producto\\\/flexo-ristori-blanco\\\/\",\"url\":\"https:\\\/\\\/jumailuminacion.com\\\/producto\\\/flexo-ristori-blanco\\\/\",\"name\":\"FLEXO RISTORI BLANCO - Juma Iluminaci\u00f3n\",\"isPartOf\":{\"@id\":\"https:\\\/\\\/jumailuminacion.com\\\/#website\"},\"primaryImageOfPage\":{\"@id\":\"https:\\\/\\\/jumailuminacion.com\\\/producto\\\/flexo-ristori-blanco\\\/#primaryimage\"},\"image\":{\"@id\":\"https:\\\/\\\/jumailuminacion.com\\\/producto\\\/flexo-ristori-blanco\\\/#primaryimage\"},\"thumbnailUrl\":\"https:\\\/\\\/jumailuminacion.com\\\/wp-content\\\/uploads\\\/2025\\\/09\\\/flexo-ristori-bl.png\",\"datePublished\":\"2025-09-05T16:41:30+00:00\",\"dateModified\":\"2025-09-05T16:41:31+00:00\",\"description\":\"L\u00e1mpara de sobremesa de la Colecci\u00f3n RISTORI. Fabricada en metal en acabado blanco con detalles de madera natural. Usa bombilla E27, 1 x E-27 60W Max., compatibles con tecnolog\u00eda Led (no incluida). Ideal para ubicarla en cualquier estancia del hogar.\",\"breadcrumb\":{\"@id\":\"https:\\\/\\\/jumailuminacion.com\\\/producto\\\/flexo-ristori-blanco\\\/#breadcrumb\"},\"inLanguage\":\"eu\",\"potentialAction\":[{\"@type\":\"ReadAction\",\"target\":[\"https:\\\/\\\/jumailuminacion.com\\\/producto\\\/flexo-ristori-blanco\\\/\"]}]},{\"@type\":\"ImageObject\",\"inLanguage\":\"eu\",\"@id\":\"https:\\\/\\\/jumailuminacion.com\\\/producto\\\/flexo-ristori-blanco\\\/#primaryimage\",\"url\":\"https:\\\/\\\/jumailuminacion.com\\\/wp-content\\\/uploads\\\/2025\\\/09\\\/flexo-ristori-bl.png\",\"contentUrl\":\"https:\\\/\\\/jumailuminacion.com\\\/wp-content\\\/uploads\\\/2025\\\/09\\\/flexo-ristori-bl.png\",\"width\":1080,\"height\":1080},{\"@type\":\"BreadcrumbList\",\"@id\":\"https:\\\/\\\/jumailuminacion.com\\\/producto\\\/flexo-ristori-blanco\\\/#breadcrumb\",\"itemListElement\":[{\"@type\":\"ListItem\",\"position\":1,\"name\":\"Portada\",\"item\":\"https:\\\/\\\/jumailuminacion.com\\\/\"},{\"@type\":\"ListItem\",\"position\":2,\"name\":\"Tienda\",\"item\":\"https:\\\/\\\/jumailuminacion.com\\\/tienda\\\/\"},{\"@type\":\"ListItem\",\"position\":3,\"name\":\"FLEXO RISTORI BLANCO\"}]},{\"@type\":\"WebSite\",\"@id\":\"https:\\\/\\\/jumailuminacion.com\\\/#website\",\"url\":\"https:\\\/\\\/jumailuminacion.com\\\/\",\"name\":\"Juma Iluminaci\u00f3n\",\"description\":\"Iluminaci\u00f3n y Decoraci\u00f3n\",\"publisher\":{\"@id\":\"https:\\\/\\\/jumailuminacion.com\\\/#organization\"},\"potentialAction\":[{\"@type\":\"SearchAction\",\"target\":{\"@type\":\"EntryPoint\",\"urlTemplate\":\"https:\\\/\\\/jumailuminacion.com\\\/?s={search_term_string}\"},\"query-input\":{\"@type\":\"PropertyValueSpecification\",\"valueRequired\":true,\"valueName\":\"search_term_string\"}}],\"inLanguage\":\"eu\"},{\"@type\":\"Organization\",\"@id\":\"https:\\\/\\\/jumailuminacion.com\\\/#organization\",\"name\":\"Juma Iluminaci\u00f3n\",\"url\":\"https:\\\/\\\/jumailuminacion.com\\\/\",\"logo\":{\"@type\":\"ImageObject\",\"inLanguage\":\"eu\",\"@id\":\"https:\\\/\\\/jumailuminacion.com\\\/#\\\/schema\\\/logo\\\/image\\\/\",\"url\":\"https:\\\/\\\/jumailuminacion.com\\\/wp-content\\\/uploads\\\/2023\\\/07\\\/cropped-WhatsApp-Image-2023-07-10-at-11.40.47.jpg\",\"contentUrl\":\"https:\\\/\\\/jumailuminacion.com\\\/wp-content\\\/uploads\\\/2023\\\/07\\\/cropped-WhatsApp-Image-2023-07-10-at-11.40.47.jpg\",\"width\":384,\"height\":372,\"caption\":\"Juma Iluminaci\u00f3n\"},\"image\":{\"@id\":\"https:\\\/\\\/jumailuminacion.com\\\/#\\\/schema\\\/logo\\\/image\\\/\"}}]}<\/script>\n<!-- \/ Yoast SEO plugin. -->","yoast_head_json":{"title":"FLEXO RISTORI BLANCO - Juma Iluminaci\u00f3n","description":"L\u00e1mpara de sobremesa de la Colecci\u00f3n RISTORI. Fabricada en metal en acabado blanco con detalles de madera natural. Usa bombilla E27, 1 x E-27 60W Max., compatibles con tecnolog\u00eda Led (no incluida). Ideal para ubicarla en cualquier estancia del hogar.","robots":{"index":"index","follow":"follow","max-snippet":"max-snippet:-1","max-image-preview":"max-image-preview:large","max-video-preview":"max-video-preview:-1"},"canonical":"https:\/\/jumailuminacion.com\/eu\/produktua\/flexo-ristori-blanco\/","og_locale":"en_US","og_type":"article","og_title":"FLEXO RISTORI BLANCO - Juma Iluminaci\u00f3n","og_description":"L\u00e1mpara de sobremesa de la Colecci\u00f3n RISTORI. Fabricada en metal en acabado blanco con detalles de madera natural. Usa bombilla E27, 1 x E-27 60W Max., compatibles con tecnolog\u00eda Led (no incluida). Ideal para ubicarla en cualquier estancia del hogar.","og_url":"https:\/\/jumailuminacion.com\/eu\/produktua\/flexo-ristori-blanco\/","og_site_name":"Juma Iluminaci\u00f3n","article_modified_time":"2025-09-05T16:41:31+00:00","og_image":[{"width":1080,"height":1080,"url":"https:\/\/jumailuminacion.com\/wp-content\/uploads\/2025\/09\/flexo-ristori-bl.png","type":"image\/png"}],"twitter_card":"summary_large_image","twitter_misc":{"Est. reading time":"1 minutua"},"schema":{"@context":"https:\/\/schema.org","@graph":[{"@type":"WebPage","@id":"https:\/\/jumailuminacion.com\/producto\/flexo-ristori-blanco\/","url":"https:\/\/jumailuminacion.com\/producto\/flexo-ristori-blanco\/","name":"FLEXO RISTORI BLANCO - Juma Iluminaci\u00f3n","isPartOf":{"@id":"https:\/\/jumailuminacion.com\/#website"},"primaryImageOfPage":{"@id":"https:\/\/jumailuminacion.com\/producto\/flexo-ristori-blanco\/#primaryimage"},"image":{"@id":"https:\/\/jumailuminacion.com\/producto\/flexo-ristori-blanco\/#primaryimage"},"thumbnailUrl":"https:\/\/jumailuminacion.com\/wp-content\/uploads\/2025\/09\/flexo-ristori-bl.png","datePublished":"2025-09-05T16:41:30+00:00","dateModified":"2025-09-05T16:41:31+00:00","description":"L\u00e1mpara de sobremesa de la Colecci\u00f3n RISTORI. Fabricada en metal en acabado blanco con detalles de madera natural. Usa bombilla E27, 1 x E-27 60W Max., compatibles con tecnolog\u00eda Led (no incluida). Ideal para ubicarla en cualquier estancia del hogar.","breadcrumb":{"@id":"https:\/\/jumailuminacion.com\/producto\/flexo-ristori-blanco\/#breadcrumb"},"inLanguage":"eu","potentialAction":[{"@type":"ReadAction","target":["https:\/\/jumailuminacion.com\/producto\/flexo-ristori-blanco\/"]}]},{"@type":"ImageObject","inLanguage":"eu","@id":"https:\/\/jumailuminacion.com\/producto\/flexo-ristori-blanco\/#primaryimage","url":"https:\/\/jumailuminacion.com\/wp-content\/uploads\/2025\/09\/flexo-ristori-bl.png","contentUrl":"https:\/\/jumailuminacion.com\/wp-content\/uploads\/2025\/09\/flexo-ristori-bl.png","width":1080,"height":1080},{"@type":"BreadcrumbList","@id":"https:\/\/jumailuminacion.com\/producto\/flexo-ristori-blanco\/#breadcrumb","itemListElement":[{"@type":"ListItem","position":1,"name":"Portada","item":"https:\/\/jumailuminacion.com\/"},{"@type":"ListItem","position":2,"name":"Tienda","item":"https:\/\/jumailuminacion.com\/tienda\/"},{"@type":"ListItem","position":3,"name":"FLEXO RISTORI BLANCO"}]},{"@type":"WebSite","@id":"https:\/\/jumailuminacion.com\/#website","url":"https:\/\/jumailuminacion.com\/","name":"Juma Iluminaci\u00f3n","description":"Iluminaci\u00f3n y Decoraci\u00f3n","publisher":{"@id":"https:\/\/jumailuminacion.com\/#organization"},"potentialAction":[{"@type":"SearchAction","target":{"@type":"EntryPoint","urlTemplate":"https:\/\/jumailuminacion.com\/?s={search_term_string}"},"query-input":{"@type":"PropertyValueSpecification","valueRequired":true,"valueName":"search_term_string"}}],"inLanguage":"eu"},{"@type":"Organization","@id":"https:\/\/jumailuminacion.com\/#organization","name":"Juma Iluminaci\u00f3n","url":"https:\/\/jumailuminacion.com\/","logo":{"@type":"ImageObject","inLanguage":"eu","@id":"https:\/\/jumailuminacion.com\/#\/schema\/logo\/image\/","url":"https:\/\/jumailuminacion.com\/wp-content\/uploads\/2023\/07\/cropped-WhatsApp-Image-2023-07-10-at-11.40.47.jpg","contentUrl":"https:\/\/jumailuminacion.com\/wp-content\/uploads\/2023\/07\/cropped-WhatsApp-Image-2023-07-10-at-11.40.47.jpg","width":384,"height":372,"caption":"Juma Iluminaci\u00f3n"},"image":{"@id":"https:\/\/jumailuminacion.com\/#\/schema\/logo\/image\/"}}]}},"_links":{"self":[{"href":"https:\/\/jumailuminacion.com\/eu\/wp-json\/wp\/v2\/product\/2063","targetHints":{"allow":["GET"]}}],"collection":[{"href":"https:\/\/jumailuminacion.com\/eu\/wp-json\/wp\/v2\/product"}],"about":[{"href":"https:\/\/jumailuminacion.com\/eu\/wp-json\/wp\/v2\/types\/product"}],"replies":[{"embeddable":true,"href":"https:\/\/jumailuminacion.com\/eu\/wp-json\/wp\/v2\/comments?post=2063"}],"wp:featuredmedia":[{"embeddable":true,"href":"https:\/\/jumailuminacion.com\/eu\/wp-json\/wp\/v2\/media\/2064"}],"wp:attachment":[{"href":"https:\/\/jumailuminacion.com\/eu\/wp-json\/wp\/v2\/media?parent=2063"}],"wp:term":[{"taxonomy":"product_brand","embeddable":true,"href":"https:\/\/jumailuminacion.com\/eu\/wp-json\/wp\/v2\/product_brand?post=2063"},{"taxonomy":"product_cat","embeddable":true,"href":"https:\/\/jumailuminacion.com\/eu\/wp-json\/wp\/v2\/product_cat?post=2063"},{"taxonomy":"product_tag","embeddable":true,"href":"https:\/\/jumailuminacion.com\/eu\/wp-json\/wp\/v2\/product_tag?post=2063"}],"curies":[{"name":"wp","href":"https:\/\/api.w.org\/{rel}","templated":true}]}}