{"id":2127,"date":"2025-10-27T10:59:26","date_gmt":"2025-10-27T10:59:26","guid":{"rendered":"https:\/\/jumailuminacion.com\/?post_type=product&#038;p=2127"},"modified":"2025-10-27T10:59:27","modified_gmt":"2025-10-27T10:59:27","slug":"bote-cuchara-set-3","status":"publish","type":"product","link":"https:\/\/jumailuminacion.com\/eu\/produktua\/bote-cuchara-set-3\/","title":{"rendered":"BOTE CUCHARA SET 3"},"content":{"rendered":"<p data-start=\"110\" data-end=\"167\"><strong data-start=\"110\" data-end=\"165\">Set de Frascos con Base de Bamb\u00fa y Cuchara Met\u00e1lica<\/strong><\/p>\n<p data-start=\"169\" data-end=\"549\">Organiza tu cocina con estilo con este elegante set de frascos de almacenamiento. Incluye\u00a0<strong data-start=\"259\" data-end=\"302\">dos frascos de vidrio con tapa de bamb\u00fa<\/strong>, perfectos para conservar caf\u00e9, az\u00facar, t\u00e9 o granos, manteniendo su frescura por m\u00e1s tiempo. La\u00a0<strong data-start=\"399\" data-end=\"424\">base de bamb\u00fa natural<\/strong>\u00a0aporta un toque c\u00e1lido y moderno, mientras que la\u00a0<strong data-start=\"475\" data-end=\"515\">cuchara met\u00e1lica con mango de madera<\/strong> combina funcionalidad y dise\u00f1o.<\/p>","protected":false},"excerpt":{"rendered":"<p data-start=\"110\" data-end=\"167\"><strong data-start=\"110\" data-end=\"165\">Set de Frascos con Base de Bamb\u00fa y Cuchara Met\u00e1lica<\/strong><\/p>\n<p data-start=\"169\" data-end=\"549\">Organiza tu cocina con estilo con este elegante set de frascos de almacenamiento. Incluye\u00a0<strong data-start=\"259\" data-end=\"302\">dos frascos de vidrio con tapa de bamb\u00fa<\/strong>, perfectos para conservar caf\u00e9, az\u00facar, t\u00e9 o granos, manteniendo su frescura por m\u00e1s tiempo. La\u00a0<strong data-start=\"399\" data-end=\"424\">base de bamb\u00fa natural<\/strong>\u00a0aporta un toque c\u00e1lido y moderno, mientras que la\u00a0<strong data-start=\"475\" data-end=\"515\">cuchara met\u00e1lica con mango de madera<\/strong> combina funcionalidad y dise\u00f1o.<\/p>","protected":false},"featured_media":2128,"comment_status":"open","ping_status":"closed","template":"","meta":[],"product_brand":[],"product_cat":[65],"product_tag":[],"class_list":{"0":"post-2127","1":"product","2":"type-product","3":"status-publish","4":"has-post-thumbnail","6":"product_cat-menaje","8":"first","9":"instock","10":"purchasable","11":"product-type-simple"},"yoast_head":"<!-- This site is optimized with the Yoast SEO plugin v27.5 - https:\/\/yoast.com\/product\/yoast-seo-wordpress\/ -->\n<title>BOTE CUCHARA SET 3 - Juma Iluminaci\u00f3n<\/title>\n<meta name=\"description\" content=\"Set de Frascos con Base de Bamb\u00fa y Cuchara Met\u00e1licaOrganiza tu cocina con estilo con este elegante set de frascos de almacenamiento. Incluye\u00a0dos frascos de vidrio con tapa de bamb\u00fa, perfectos para conservar caf\u00e9, az\u00facar, t\u00e9 o granos, manteniendo su frescura por m\u00e1s tiempo. La\u00a0base de bamb\u00fa natural\u00a0aporta un toque c\u00e1lido y moderno, mientras que la\u00a0cuchara met\u00e1lica con mango de madera combina funcionalidad y dise\u00f1o.\" \/>\n<meta name=\"robots\" content=\"index, follow, max-snippet:-1, max-image-preview:large, max-video-preview:-1\" \/>\n<link rel=\"canonical\" href=\"https:\/\/jumailuminacion.com\/eu\/produktua\/bote-cuchara-set-3\/\" \/>\n<meta property=\"og:locale\" content=\"en_US\" \/>\n<meta property=\"og:type\" content=\"article\" \/>\n<meta property=\"og:title\" content=\"BOTE CUCHARA SET 3 - Juma Iluminaci\u00f3n\" \/>\n<meta property=\"og:description\" content=\"Set de Frascos con Base de Bamb\u00fa y Cuchara Met\u00e1licaOrganiza tu cocina con estilo con este elegante set de frascos de almacenamiento. Incluye\u00a0dos frascos de vidrio con tapa de bamb\u00fa, perfectos para conservar caf\u00e9, az\u00facar, t\u00e9 o granos, manteniendo su frescura por m\u00e1s tiempo. La\u00a0base de bamb\u00fa natural\u00a0aporta un toque c\u00e1lido y moderno, mientras que la\u00a0cuchara met\u00e1lica con mango de madera combina funcionalidad y dise\u00f1o.\" \/>\n<meta property=\"og:url\" content=\"https:\/\/jumailuminacion.com\/eu\/produktua\/bote-cuchara-set-3\/\" \/>\n<meta property=\"og:site_name\" content=\"Juma Iluminaci\u00f3n\" \/>\n<meta property=\"article:modified_time\" content=\"2025-10-27T10:59:27+00:00\" \/>\n<meta property=\"og:image\" content=\"https:\/\/jumailuminacion.com\/wp-content\/uploads\/2025\/10\/bote-cuchara.png\" \/>\n\t<meta property=\"og:image:width\" content=\"1080\" \/>\n\t<meta property=\"og:image:height\" content=\"1350\" \/>\n\t<meta property=\"og:image:type\" content=\"image\/png\" \/>\n<meta name=\"twitter:card\" content=\"summary_large_image\" \/>\n<meta name=\"twitter:label1\" content=\"Est. reading time\" \/>\n\t<meta name=\"twitter:data1\" content=\"1 minutua\" \/>\n<script type=\"application\/ld+json\" class=\"yoast-schema-graph\">{\"@context\":\"https:\\\/\\\/schema.org\",\"@graph\":[{\"@type\":\"WebPage\",\"@id\":\"https:\\\/\\\/jumailuminacion.com\\\/producto\\\/bote-cuchara-set-3\\\/\",\"url\":\"https:\\\/\\\/jumailuminacion.com\\\/producto\\\/bote-cuchara-set-3\\\/\",\"name\":\"BOTE CUCHARA SET 3 - Juma Iluminaci\u00f3n\",\"isPartOf\":{\"@id\":\"https:\\\/\\\/jumailuminacion.com\\\/#website\"},\"primaryImageOfPage\":{\"@id\":\"https:\\\/\\\/jumailuminacion.com\\\/producto\\\/bote-cuchara-set-3\\\/#primaryimage\"},\"image\":{\"@id\":\"https:\\\/\\\/jumailuminacion.com\\\/producto\\\/bote-cuchara-set-3\\\/#primaryimage\"},\"thumbnailUrl\":\"https:\\\/\\\/jumailuminacion.com\\\/wp-content\\\/uploads\\\/2025\\\/10\\\/bote-cuchara.png\",\"datePublished\":\"2025-10-27T10:59:26+00:00\",\"dateModified\":\"2025-10-27T10:59:27+00:00\",\"description\":\"Set de Frascos con Base de Bamb\u00fa y Cuchara Met\u00e1licaOrganiza tu cocina con estilo con este elegante set de frascos de almacenamiento. Incluye\u00a0dos frascos de vidrio con tapa de bamb\u00fa, perfectos para conservar caf\u00e9, az\u00facar, t\u00e9 o granos, manteniendo su frescura por m\u00e1s tiempo. La\u00a0base de bamb\u00fa natural\u00a0aporta un toque c\u00e1lido y moderno, mientras que la\u00a0cuchara met\u00e1lica con mango de madera combina funcionalidad y dise\u00f1o.\",\"breadcrumb\":{\"@id\":\"https:\\\/\\\/jumailuminacion.com\\\/producto\\\/bote-cuchara-set-3\\\/#breadcrumb\"},\"inLanguage\":\"eu\",\"potentialAction\":[{\"@type\":\"ReadAction\",\"target\":[\"https:\\\/\\\/jumailuminacion.com\\\/producto\\\/bote-cuchara-set-3\\\/\"]}]},{\"@type\":\"ImageObject\",\"inLanguage\":\"eu\",\"@id\":\"https:\\\/\\\/jumailuminacion.com\\\/producto\\\/bote-cuchara-set-3\\\/#primaryimage\",\"url\":\"https:\\\/\\\/jumailuminacion.com\\\/wp-content\\\/uploads\\\/2025\\\/10\\\/bote-cuchara.png\",\"contentUrl\":\"https:\\\/\\\/jumailuminacion.com\\\/wp-content\\\/uploads\\\/2025\\\/10\\\/bote-cuchara.png\",\"width\":1080,\"height\":1350},{\"@type\":\"BreadcrumbList\",\"@id\":\"https:\\\/\\\/jumailuminacion.com\\\/producto\\\/bote-cuchara-set-3\\\/#breadcrumb\",\"itemListElement\":[{\"@type\":\"ListItem\",\"position\":1,\"name\":\"Portada\",\"item\":\"https:\\\/\\\/jumailuminacion.com\\\/\"},{\"@type\":\"ListItem\",\"position\":2,\"name\":\"Tienda\",\"item\":\"https:\\\/\\\/jumailuminacion.com\\\/tienda\\\/\"},{\"@type\":\"ListItem\",\"position\":3,\"name\":\"BOTE CUCHARA SET 3\"}]},{\"@type\":\"WebSite\",\"@id\":\"https:\\\/\\\/jumailuminacion.com\\\/#website\",\"url\":\"https:\\\/\\\/jumailuminacion.com\\\/\",\"name\":\"Juma Iluminaci\u00f3n\",\"description\":\"Iluminaci\u00f3n y Decoraci\u00f3n\",\"publisher\":{\"@id\":\"https:\\\/\\\/jumailuminacion.com\\\/#organization\"},\"potentialAction\":[{\"@type\":\"SearchAction\",\"target\":{\"@type\":\"EntryPoint\",\"urlTemplate\":\"https:\\\/\\\/jumailuminacion.com\\\/?s={search_term_string}\"},\"query-input\":{\"@type\":\"PropertyValueSpecification\",\"valueRequired\":true,\"valueName\":\"search_term_string\"}}],\"inLanguage\":\"eu\"},{\"@type\":\"Organization\",\"@id\":\"https:\\\/\\\/jumailuminacion.com\\\/#organization\",\"name\":\"Juma Iluminaci\u00f3n\",\"url\":\"https:\\\/\\\/jumailuminacion.com\\\/\",\"logo\":{\"@type\":\"ImageObject\",\"inLanguage\":\"eu\",\"@id\":\"https:\\\/\\\/jumailuminacion.com\\\/#\\\/schema\\\/logo\\\/image\\\/\",\"url\":\"https:\\\/\\\/jumailuminacion.com\\\/wp-content\\\/uploads\\\/2023\\\/07\\\/cropped-WhatsApp-Image-2023-07-10-at-11.40.47.jpg\",\"contentUrl\":\"https:\\\/\\\/jumailuminacion.com\\\/wp-content\\\/uploads\\\/2023\\\/07\\\/cropped-WhatsApp-Image-2023-07-10-at-11.40.47.jpg\",\"width\":384,\"height\":372,\"caption\":\"Juma Iluminaci\u00f3n\"},\"image\":{\"@id\":\"https:\\\/\\\/jumailuminacion.com\\\/#\\\/schema\\\/logo\\\/image\\\/\"}}]}<\/script>\n<!-- \/ Yoast SEO plugin. -->","yoast_head_json":{"title":"BOTE CUCHARA SET 3 - Juma Iluminaci\u00f3n","description":"Set de Frascos con Base de Bamb\u00fa y Cuchara Met\u00e1licaOrganiza tu cocina con estilo con este elegante set de frascos de almacenamiento. Incluye\u00a0dos frascos de vidrio con tapa de bamb\u00fa, perfectos para conservar caf\u00e9, az\u00facar, t\u00e9 o granos, manteniendo su frescura por m\u00e1s tiempo. La\u00a0base de bamb\u00fa natural\u00a0aporta un toque c\u00e1lido y moderno, mientras que la\u00a0cuchara met\u00e1lica con mango de madera combina funcionalidad y dise\u00f1o.","robots":{"index":"index","follow":"follow","max-snippet":"max-snippet:-1","max-image-preview":"max-image-preview:large","max-video-preview":"max-video-preview:-1"},"canonical":"https:\/\/jumailuminacion.com\/eu\/produktua\/bote-cuchara-set-3\/","og_locale":"en_US","og_type":"article","og_title":"BOTE CUCHARA SET 3 - Juma Iluminaci\u00f3n","og_description":"Set de Frascos con Base de Bamb\u00fa y Cuchara Met\u00e1licaOrganiza tu cocina con estilo con este elegante set de frascos de almacenamiento. Incluye\u00a0dos frascos de vidrio con tapa de bamb\u00fa, perfectos para conservar caf\u00e9, az\u00facar, t\u00e9 o granos, manteniendo su frescura por m\u00e1s tiempo. La\u00a0base de bamb\u00fa natural\u00a0aporta un toque c\u00e1lido y moderno, mientras que la\u00a0cuchara met\u00e1lica con mango de madera combina funcionalidad y dise\u00f1o.","og_url":"https:\/\/jumailuminacion.com\/eu\/produktua\/bote-cuchara-set-3\/","og_site_name":"Juma Iluminaci\u00f3n","article_modified_time":"2025-10-27T10:59:27+00:00","og_image":[{"width":1080,"height":1350,"url":"https:\/\/jumailuminacion.com\/wp-content\/uploads\/2025\/10\/bote-cuchara.png","type":"image\/png"}],"twitter_card":"summary_large_image","twitter_misc":{"Est. reading time":"1 minutua"},"schema":{"@context":"https:\/\/schema.org","@graph":[{"@type":"WebPage","@id":"https:\/\/jumailuminacion.com\/producto\/bote-cuchara-set-3\/","url":"https:\/\/jumailuminacion.com\/producto\/bote-cuchara-set-3\/","name":"BOTE CUCHARA SET 3 - Juma Iluminaci\u00f3n","isPartOf":{"@id":"https:\/\/jumailuminacion.com\/#website"},"primaryImageOfPage":{"@id":"https:\/\/jumailuminacion.com\/producto\/bote-cuchara-set-3\/#primaryimage"},"image":{"@id":"https:\/\/jumailuminacion.com\/producto\/bote-cuchara-set-3\/#primaryimage"},"thumbnailUrl":"https:\/\/jumailuminacion.com\/wp-content\/uploads\/2025\/10\/bote-cuchara.png","datePublished":"2025-10-27T10:59:26+00:00","dateModified":"2025-10-27T10:59:27+00:00","description":"Set de Frascos con Base de Bamb\u00fa y Cuchara Met\u00e1licaOrganiza tu cocina con estilo con este elegante set de frascos de almacenamiento. Incluye\u00a0dos frascos de vidrio con tapa de bamb\u00fa, perfectos para conservar caf\u00e9, az\u00facar, t\u00e9 o granos, manteniendo su frescura por m\u00e1s tiempo. La\u00a0base de bamb\u00fa natural\u00a0aporta un toque c\u00e1lido y moderno, mientras que la\u00a0cuchara met\u00e1lica con mango de madera combina funcionalidad y dise\u00f1o.","breadcrumb":{"@id":"https:\/\/jumailuminacion.com\/producto\/bote-cuchara-set-3\/#breadcrumb"},"inLanguage":"eu","potentialAction":[{"@type":"ReadAction","target":["https:\/\/jumailuminacion.com\/producto\/bote-cuchara-set-3\/"]}]},{"@type":"ImageObject","inLanguage":"eu","@id":"https:\/\/jumailuminacion.com\/producto\/bote-cuchara-set-3\/#primaryimage","url":"https:\/\/jumailuminacion.com\/wp-content\/uploads\/2025\/10\/bote-cuchara.png","contentUrl":"https:\/\/jumailuminacion.com\/wp-content\/uploads\/2025\/10\/bote-cuchara.png","width":1080,"height":1350},{"@type":"BreadcrumbList","@id":"https:\/\/jumailuminacion.com\/producto\/bote-cuchara-set-3\/#breadcrumb","itemListElement":[{"@type":"ListItem","position":1,"name":"Portada","item":"https:\/\/jumailuminacion.com\/"},{"@type":"ListItem","position":2,"name":"Tienda","item":"https:\/\/jumailuminacion.com\/tienda\/"},{"@type":"ListItem","position":3,"name":"BOTE CUCHARA SET 3"}]},{"@type":"WebSite","@id":"https:\/\/jumailuminacion.com\/#website","url":"https:\/\/jumailuminacion.com\/","name":"Juma Iluminaci\u00f3n","description":"Iluminaci\u00f3n y Decoraci\u00f3n","publisher":{"@id":"https:\/\/jumailuminacion.com\/#organization"},"potentialAction":[{"@type":"SearchAction","target":{"@type":"EntryPoint","urlTemplate":"https:\/\/jumailuminacion.com\/?s={search_term_string}"},"query-input":{"@type":"PropertyValueSpecification","valueRequired":true,"valueName":"search_term_string"}}],"inLanguage":"eu"},{"@type":"Organization","@id":"https:\/\/jumailuminacion.com\/#organization","name":"Juma Iluminaci\u00f3n","url":"https:\/\/jumailuminacion.com\/","logo":{"@type":"ImageObject","inLanguage":"eu","@id":"https:\/\/jumailuminacion.com\/#\/schema\/logo\/image\/","url":"https:\/\/jumailuminacion.com\/wp-content\/uploads\/2023\/07\/cropped-WhatsApp-Image-2023-07-10-at-11.40.47.jpg","contentUrl":"https:\/\/jumailuminacion.com\/wp-content\/uploads\/2023\/07\/cropped-WhatsApp-Image-2023-07-10-at-11.40.47.jpg","width":384,"height":372,"caption":"Juma Iluminaci\u00f3n"},"image":{"@id":"https:\/\/jumailuminacion.com\/#\/schema\/logo\/image\/"}}]}},"_links":{"self":[{"href":"https:\/\/jumailuminacion.com\/eu\/wp-json\/wp\/v2\/product\/2127","targetHints":{"allow":["GET"]}}],"collection":[{"href":"https:\/\/jumailuminacion.com\/eu\/wp-json\/wp\/v2\/product"}],"about":[{"href":"https:\/\/jumailuminacion.com\/eu\/wp-json\/wp\/v2\/types\/product"}],"replies":[{"embeddable":true,"href":"https:\/\/jumailuminacion.com\/eu\/wp-json\/wp\/v2\/comments?post=2127"}],"wp:featuredmedia":[{"embeddable":true,"href":"https:\/\/jumailuminacion.com\/eu\/wp-json\/wp\/v2\/media\/2128"}],"wp:attachment":[{"href":"https:\/\/jumailuminacion.com\/eu\/wp-json\/wp\/v2\/media?parent=2127"}],"wp:term":[{"taxonomy":"product_brand","embeddable":true,"href":"https:\/\/jumailuminacion.com\/eu\/wp-json\/wp\/v2\/product_brand?post=2127"},{"taxonomy":"product_cat","embeddable":true,"href":"https:\/\/jumailuminacion.com\/eu\/wp-json\/wp\/v2\/product_cat?post=2127"},{"taxonomy":"product_tag","embeddable":true,"href":"https:\/\/jumailuminacion.com\/eu\/wp-json\/wp\/v2\/product_tag?post=2127"}],"curies":[{"name":"wp","href":"https:\/\/api.w.org\/{rel}","templated":true}]}}