{"id":816,"date":"2023-09-07T20:46:24","date_gmt":"2023-09-07T20:46:24","guid":{"rendered":"https:\/\/jumailuminacion.com\/?post_type=product&#038;p=816"},"modified":"2024-09-18T17:13:54","modified_gmt":"2024-09-18T17:13:54","slug":"aplique-rolo-copia-juma-iluminacion","status":"publish","type":"product","link":"https:\/\/jumailuminacion.com\/eu\/produktua\/aplique-rolo-copia-juma-iluminacion\/","title":{"rendered":"Rolo"},"content":{"rendered":"<p>Aplique Rolo &#8211; Juma Iluminaci\u00f3n<\/p>\n<p>A\u00f1ade un toque de elegancia y estilo a tu hogar con el Foco Rolo en cuero. Este foco\/aplique de pared pertenece a la exclusiva Colecci\u00f3n ROLO y est\u00e1 dise\u00f1ado para brindar un toque de sofisticaci\u00f3n a tus espacios.<\/p>\n<p><strong>Caracter\u00edsticas Destacadas:<\/strong><\/p>\n<ul>\n<li><strong>Dise\u00f1o Sofisticado:<\/strong> El Foco Rolo en cuero presenta un dise\u00f1o sofisticado y elegante que se adapta perfectamente a una variedad de estilos de decoraci\u00f3n.<\/li>\n<li><strong>Materiales de Calidad:<\/strong> Fabricado en metal con una tulipa de cristal y un detalle decorativo en el interior de un hilo met\u00e1lico, este foco garantiza durabilidad y calidad.<\/li>\n<li><strong>Compatibilidad con Bombillas LED:<\/strong> Utiliza bombillas G9 (no incluidas) que son compatibles con bombillas LED, lo que te permite ahorrar energ\u00eda y reducir tu huella ambiental.<\/li>\n<li><strong>Amplia Familia de Productos:<\/strong> Este foco es parte de una amplia familia de productos ROLO que incluye otras opciones de iluminaci\u00f3n para coordinar y completar tu dise\u00f1o de interiores.<\/li>\n<\/ul>\n<p>Este Foco Rolo en cuero es una combinaci\u00f3n perfecta de belleza y funcionalidad, iluminando tus espacios con un toque de distinci\u00f3n.<\/p>\n<p>Agrega un toque de elegancia y estilo a tus espacios con el Foco Rolo Cuero 1 X 40W G-9 de Juma Iluminaci\u00f3n. A\u00f1\u00e1delo a tu carrito y descubre c\u00f3mo este foco puede transformar tu hogar en un lugar de belleza y sofisticaci\u00f3n. Tu hogar merece lo mejor, y lo encontrar\u00e1s en Juma Iluminaci\u00f3n.<\/p>","protected":false},"excerpt":{"rendered":"<p>Foco Rolo Cuero 1 X 40W G-9<\/p>","protected":false},"featured_media":1504,"comment_status":"open","ping_status":"closed","template":"","meta":[],"product_brand":[],"product_cat":[18],"product_tag":[],"class_list":{"0":"post-816","1":"product","2":"type-product","3":"status-publish","4":"has-post-thumbnail","6":"product_cat-iluminacion","8":"first","9":"onbackorder","10":"purchasable","11":"product-type-simple"},"yoast_head":"<!-- This site is optimized with the Yoast SEO plugin v27.5 - https:\/\/yoast.com\/product\/yoast-seo-wordpress\/ -->\n<title>Rolo - Juma Iluminaci\u00f3n<\/title>\n<meta name=\"description\" content=\"A\u00f1ade un toque de elegancia y estilo a tu hogar con el Foco Rolo en cuero. Este foco\/aplique de pared pertenece a la exclusiva Colecci\u00f3n ROLO y est\u00e1 dise\u00f1ado para brindar un toque de sofisticaci\u00f3n a tus espacios. Aplique Rolo - Juma Iluminaci\u00f3n\" \/>\n<meta name=\"robots\" content=\"index, follow, max-snippet:-1, max-image-preview:large, max-video-preview:-1\" \/>\n<link rel=\"canonical\" href=\"https:\/\/jumailuminacion.com\/eu\/produktua\/aplique-rolo-copia-juma-iluminacion\/\" \/>\n<meta property=\"og:locale\" content=\"en_US\" \/>\n<meta property=\"og:type\" content=\"article\" \/>\n<meta property=\"og:title\" content=\"Rolo - Juma Iluminaci\u00f3n\" \/>\n<meta property=\"og:description\" content=\"A\u00f1ade un toque de elegancia y estilo a tu hogar con el Foco Rolo en cuero. Este foco\/aplique de pared pertenece a la exclusiva Colecci\u00f3n ROLO y est\u00e1 dise\u00f1ado para brindar un toque de sofisticaci\u00f3n a tus espacios. Aplique Rolo - Juma Iluminaci\u00f3n\" \/>\n<meta property=\"og:url\" content=\"https:\/\/jumailuminacion.com\/eu\/produktua\/aplique-rolo-copia-juma-iluminacion\/\" \/>\n<meta property=\"og:site_name\" content=\"Juma Iluminaci\u00f3n\" \/>\n<meta property=\"article:modified_time\" content=\"2024-09-18T17:13:54+00:00\" \/>\n<meta property=\"og:image\" content=\"https:\/\/jumailuminacion.com\/wp-content\/uploads\/2023\/09\/1-17.png\" \/>\n\t<meta property=\"og:image:width\" content=\"1080\" \/>\n\t<meta property=\"og:image:height\" content=\"1080\" \/>\n\t<meta property=\"og:image:type\" content=\"image\/png\" \/>\n<meta name=\"twitter:card\" content=\"summary_large_image\" \/>\n<meta name=\"twitter:label1\" content=\"Est. reading time\" \/>\n\t<meta name=\"twitter:data1\" content=\"2 minutua\" \/>\n<script type=\"application\/ld+json\" class=\"yoast-schema-graph\">{\"@context\":\"https:\\\/\\\/schema.org\",\"@graph\":[{\"@type\":\"WebPage\",\"@id\":\"https:\\\/\\\/jumailuminacion.com\\\/producto\\\/aplique-rolo-copia-juma-iluminacion\\\/\",\"url\":\"https:\\\/\\\/jumailuminacion.com\\\/producto\\\/aplique-rolo-copia-juma-iluminacion\\\/\",\"name\":\"Rolo - Juma Iluminaci\u00f3n\",\"isPartOf\":{\"@id\":\"https:\\\/\\\/jumailuminacion.com\\\/#website\"},\"primaryImageOfPage\":{\"@id\":\"https:\\\/\\\/jumailuminacion.com\\\/producto\\\/aplique-rolo-copia-juma-iluminacion\\\/#primaryimage\"},\"image\":{\"@id\":\"https:\\\/\\\/jumailuminacion.com\\\/producto\\\/aplique-rolo-copia-juma-iluminacion\\\/#primaryimage\"},\"thumbnailUrl\":\"https:\\\/\\\/jumailuminacion.com\\\/wp-content\\\/uploads\\\/2023\\\/09\\\/1-17.png\",\"datePublished\":\"2023-09-07T20:46:24+00:00\",\"dateModified\":\"2024-09-18T17:13:54+00:00\",\"description\":\"A\u00f1ade un toque de elegancia y estilo a tu hogar con el Foco Rolo en cuero. Este foco\\\/aplique de pared pertenece a la exclusiva Colecci\u00f3n ROLO y est\u00e1 dise\u00f1ado para brindar un toque de sofisticaci\u00f3n a tus espacios. Aplique Rolo - Juma Iluminaci\u00f3n\",\"breadcrumb\":{\"@id\":\"https:\\\/\\\/jumailuminacion.com\\\/producto\\\/aplique-rolo-copia-juma-iluminacion\\\/#breadcrumb\"},\"inLanguage\":\"eu\",\"potentialAction\":[{\"@type\":\"ReadAction\",\"target\":[\"https:\\\/\\\/jumailuminacion.com\\\/producto\\\/aplique-rolo-copia-juma-iluminacion\\\/\"]}]},{\"@type\":\"ImageObject\",\"inLanguage\":\"eu\",\"@id\":\"https:\\\/\\\/jumailuminacion.com\\\/producto\\\/aplique-rolo-copia-juma-iluminacion\\\/#primaryimage\",\"url\":\"https:\\\/\\\/jumailuminacion.com\\\/wp-content\\\/uploads\\\/2023\\\/09\\\/1-17.png\",\"contentUrl\":\"https:\\\/\\\/jumailuminacion.com\\\/wp-content\\\/uploads\\\/2023\\\/09\\\/1-17.png\",\"width\":1080,\"height\":1080},{\"@type\":\"BreadcrumbList\",\"@id\":\"https:\\\/\\\/jumailuminacion.com\\\/producto\\\/aplique-rolo-copia-juma-iluminacion\\\/#breadcrumb\",\"itemListElement\":[{\"@type\":\"ListItem\",\"position\":1,\"name\":\"Portada\",\"item\":\"https:\\\/\\\/jumailuminacion.com\\\/\"},{\"@type\":\"ListItem\",\"position\":2,\"name\":\"Tienda\",\"item\":\"https:\\\/\\\/jumailuminacion.com\\\/tienda\\\/\"},{\"@type\":\"ListItem\",\"position\":3,\"name\":\"Rolo\"}]},{\"@type\":\"WebSite\",\"@id\":\"https:\\\/\\\/jumailuminacion.com\\\/#website\",\"url\":\"https:\\\/\\\/jumailuminacion.com\\\/\",\"name\":\"Juma Iluminaci\u00f3n\",\"description\":\"Iluminaci\u00f3n y Decoraci\u00f3n\",\"publisher\":{\"@id\":\"https:\\\/\\\/jumailuminacion.com\\\/#organization\"},\"potentialAction\":[{\"@type\":\"SearchAction\",\"target\":{\"@type\":\"EntryPoint\",\"urlTemplate\":\"https:\\\/\\\/jumailuminacion.com\\\/?s={search_term_string}\"},\"query-input\":{\"@type\":\"PropertyValueSpecification\",\"valueRequired\":true,\"valueName\":\"search_term_string\"}}],\"inLanguage\":\"eu\"},{\"@type\":\"Organization\",\"@id\":\"https:\\\/\\\/jumailuminacion.com\\\/#organization\",\"name\":\"Juma Iluminaci\u00f3n\",\"url\":\"https:\\\/\\\/jumailuminacion.com\\\/\",\"logo\":{\"@type\":\"ImageObject\",\"inLanguage\":\"eu\",\"@id\":\"https:\\\/\\\/jumailuminacion.com\\\/#\\\/schema\\\/logo\\\/image\\\/\",\"url\":\"https:\\\/\\\/jumailuminacion.com\\\/wp-content\\\/uploads\\\/2023\\\/07\\\/cropped-WhatsApp-Image-2023-07-10-at-11.40.47.jpg\",\"contentUrl\":\"https:\\\/\\\/jumailuminacion.com\\\/wp-content\\\/uploads\\\/2023\\\/07\\\/cropped-WhatsApp-Image-2023-07-10-at-11.40.47.jpg\",\"width\":384,\"height\":372,\"caption\":\"Juma Iluminaci\u00f3n\"},\"image\":{\"@id\":\"https:\\\/\\\/jumailuminacion.com\\\/#\\\/schema\\\/logo\\\/image\\\/\"}}]}<\/script>\n<!-- \/ Yoast SEO plugin. -->","yoast_head_json":{"title":"Rolo - Juma Iluminaci\u00f3n","description":"A\u00f1ade un toque de elegancia y estilo a tu hogar con el Foco Rolo en cuero. Este foco\/aplique de pared pertenece a la exclusiva Colecci\u00f3n ROLO y est\u00e1 dise\u00f1ado para brindar un toque de sofisticaci\u00f3n a tus espacios. Aplique Rolo - Juma Iluminaci\u00f3n","robots":{"index":"index","follow":"follow","max-snippet":"max-snippet:-1","max-image-preview":"max-image-preview:large","max-video-preview":"max-video-preview:-1"},"canonical":"https:\/\/jumailuminacion.com\/eu\/produktua\/aplique-rolo-copia-juma-iluminacion\/","og_locale":"en_US","og_type":"article","og_title":"Rolo - Juma Iluminaci\u00f3n","og_description":"A\u00f1ade un toque de elegancia y estilo a tu hogar con el Foco Rolo en cuero. Este foco\/aplique de pared pertenece a la exclusiva Colecci\u00f3n ROLO y est\u00e1 dise\u00f1ado para brindar un toque de sofisticaci\u00f3n a tus espacios. Aplique Rolo - Juma Iluminaci\u00f3n","og_url":"https:\/\/jumailuminacion.com\/eu\/produktua\/aplique-rolo-copia-juma-iluminacion\/","og_site_name":"Juma Iluminaci\u00f3n","article_modified_time":"2024-09-18T17:13:54+00:00","og_image":[{"width":1080,"height":1080,"url":"https:\/\/jumailuminacion.com\/wp-content\/uploads\/2023\/09\/1-17.png","type":"image\/png"}],"twitter_card":"summary_large_image","twitter_misc":{"Est. reading time":"2 minutua"},"schema":{"@context":"https:\/\/schema.org","@graph":[{"@type":"WebPage","@id":"https:\/\/jumailuminacion.com\/producto\/aplique-rolo-copia-juma-iluminacion\/","url":"https:\/\/jumailuminacion.com\/producto\/aplique-rolo-copia-juma-iluminacion\/","name":"Rolo - Juma Iluminaci\u00f3n","isPartOf":{"@id":"https:\/\/jumailuminacion.com\/#website"},"primaryImageOfPage":{"@id":"https:\/\/jumailuminacion.com\/producto\/aplique-rolo-copia-juma-iluminacion\/#primaryimage"},"image":{"@id":"https:\/\/jumailuminacion.com\/producto\/aplique-rolo-copia-juma-iluminacion\/#primaryimage"},"thumbnailUrl":"https:\/\/jumailuminacion.com\/wp-content\/uploads\/2023\/09\/1-17.png","datePublished":"2023-09-07T20:46:24+00:00","dateModified":"2024-09-18T17:13:54+00:00","description":"A\u00f1ade un toque de elegancia y estilo a tu hogar con el Foco Rolo en cuero. Este foco\/aplique de pared pertenece a la exclusiva Colecci\u00f3n ROLO y est\u00e1 dise\u00f1ado para brindar un toque de sofisticaci\u00f3n a tus espacios. Aplique Rolo - Juma Iluminaci\u00f3n","breadcrumb":{"@id":"https:\/\/jumailuminacion.com\/producto\/aplique-rolo-copia-juma-iluminacion\/#breadcrumb"},"inLanguage":"eu","potentialAction":[{"@type":"ReadAction","target":["https:\/\/jumailuminacion.com\/producto\/aplique-rolo-copia-juma-iluminacion\/"]}]},{"@type":"ImageObject","inLanguage":"eu","@id":"https:\/\/jumailuminacion.com\/producto\/aplique-rolo-copia-juma-iluminacion\/#primaryimage","url":"https:\/\/jumailuminacion.com\/wp-content\/uploads\/2023\/09\/1-17.png","contentUrl":"https:\/\/jumailuminacion.com\/wp-content\/uploads\/2023\/09\/1-17.png","width":1080,"height":1080},{"@type":"BreadcrumbList","@id":"https:\/\/jumailuminacion.com\/producto\/aplique-rolo-copia-juma-iluminacion\/#breadcrumb","itemListElement":[{"@type":"ListItem","position":1,"name":"Portada","item":"https:\/\/jumailuminacion.com\/"},{"@type":"ListItem","position":2,"name":"Tienda","item":"https:\/\/jumailuminacion.com\/tienda\/"},{"@type":"ListItem","position":3,"name":"Rolo"}]},{"@type":"WebSite","@id":"https:\/\/jumailuminacion.com\/#website","url":"https:\/\/jumailuminacion.com\/","name":"Juma Iluminaci\u00f3n","description":"Iluminaci\u00f3n y Decoraci\u00f3n","publisher":{"@id":"https:\/\/jumailuminacion.com\/#organization"},"potentialAction":[{"@type":"SearchAction","target":{"@type":"EntryPoint","urlTemplate":"https:\/\/jumailuminacion.com\/?s={search_term_string}"},"query-input":{"@type":"PropertyValueSpecification","valueRequired":true,"valueName":"search_term_string"}}],"inLanguage":"eu"},{"@type":"Organization","@id":"https:\/\/jumailuminacion.com\/#organization","name":"Juma Iluminaci\u00f3n","url":"https:\/\/jumailuminacion.com\/","logo":{"@type":"ImageObject","inLanguage":"eu","@id":"https:\/\/jumailuminacion.com\/#\/schema\/logo\/image\/","url":"https:\/\/jumailuminacion.com\/wp-content\/uploads\/2023\/07\/cropped-WhatsApp-Image-2023-07-10-at-11.40.47.jpg","contentUrl":"https:\/\/jumailuminacion.com\/wp-content\/uploads\/2023\/07\/cropped-WhatsApp-Image-2023-07-10-at-11.40.47.jpg","width":384,"height":372,"caption":"Juma Iluminaci\u00f3n"},"image":{"@id":"https:\/\/jumailuminacion.com\/#\/schema\/logo\/image\/"}}]}},"_links":{"self":[{"href":"https:\/\/jumailuminacion.com\/eu\/wp-json\/wp\/v2\/product\/816","targetHints":{"allow":["GET"]}}],"collection":[{"href":"https:\/\/jumailuminacion.com\/eu\/wp-json\/wp\/v2\/product"}],"about":[{"href":"https:\/\/jumailuminacion.com\/eu\/wp-json\/wp\/v2\/types\/product"}],"replies":[{"embeddable":true,"href":"https:\/\/jumailuminacion.com\/eu\/wp-json\/wp\/v2\/comments?post=816"}],"wp:featuredmedia":[{"embeddable":true,"href":"https:\/\/jumailuminacion.com\/eu\/wp-json\/wp\/v2\/media\/1504"}],"wp:attachment":[{"href":"https:\/\/jumailuminacion.com\/eu\/wp-json\/wp\/v2\/media?parent=816"}],"wp:term":[{"taxonomy":"product_brand","embeddable":true,"href":"https:\/\/jumailuminacion.com\/eu\/wp-json\/wp\/v2\/product_brand?post=816"},{"taxonomy":"product_cat","embeddable":true,"href":"https:\/\/jumailuminacion.com\/eu\/wp-json\/wp\/v2\/product_cat?post=816"},{"taxonomy":"product_tag","embeddable":true,"href":"https:\/\/jumailuminacion.com\/eu\/wp-json\/wp\/v2\/product_tag?post=816"}],"curies":[{"name":"wp","href":"https:\/\/api.w.org\/{rel}","templated":true}]}}