{"id":893,"date":"2023-10-03T20:33:16","date_gmt":"2023-10-03T20:33:16","guid":{"rendered":"https:\/\/jumailuminacion.com\/?post_type=product&#038;p=893"},"modified":"2026-04-13T15:51:12","modified_gmt":"2026-04-13T15:51:12","slug":"lampara-sobremesa-errafia","status":"publish","type":"product","link":"https:\/\/jumailuminacion.com\/eu\/produktua\/lampara-sobremesa-errafia\/","title":{"rendered":"Errafia"},"content":{"rendered":"<p>L\u00e1mpara Sobremesa Errafia- Juma Iluminaci\u00f3n<\/p>\n<p>A\u00f1ade una explosi\u00f3n de color y estilo a tu espacio con la L\u00e1mpara de Sobremesa ALTO de la serie Errafia. Esta sorprendente l\u00e1mpara de sobremesa presenta un dise\u00f1o \u00fanico y original, combinando el color NATURAL y YEMA en su pantalla, con un cuerpo en NEGRO, creando una composici\u00f3n de colores y texturas que aportar\u00e1 vida y car\u00e1cter a tu decoraci\u00f3n.<\/p>\n<p><strong>Caracter\u00edsticas Clave:<\/strong><\/p>\n<ul>\n<li><strong>Dise\u00f1o Moderno:<\/strong> La l\u00e1mpara de sobremesa Errafia destaca por su dise\u00f1o moderno y original. Su pantalla mezcla terciopelo con rafia natural, lo que le da un aspecto \u00fanico y sofisticado.<\/li>\n<li><strong>Combinaci\u00f3n de Colores:<\/strong> La combinaci\u00f3n de colores NATURAL y YEMA en la pantalla, junto con el cuerpo en NEGRO, crea un contraste llamativo y audaz que a\u00f1adir\u00e1 un toque vibrante a cualquier rinc\u00f3n o estancia.<\/li>\n<li><strong>Portal\u00e1mparas E27:<\/strong> La l\u00e1mpara de sobremesa Errafia est\u00e1 equipada con un portal\u00e1mparas E27, lo que te permite personalizar la iluminaci\u00f3n seg\u00fan tus preferencias. (Bombilla no incluida)<\/li>\n<\/ul>\n<p><strong>Especificaciones T\u00e9cnicas:<\/strong><\/p>\n<ul>\n<li><strong>Dimensiones:<\/strong> 61x30x30 cm<\/li>\n<li><strong>Peso Neto:<\/strong> 920 gr<\/li>\n<li><strong>Peso Bruto:<\/strong> 1695 gr<\/li>\n<li><strong>Di\u00e1metro:<\/strong> 30 cm<\/li>\n<li><strong>Voltaje:<\/strong> 220-240 V<\/li>\n<\/ul>\n<p>La L\u00e1mpara de Sobremesa ALTO Errafia es perfecta para decorar cualquier rinc\u00f3n o estancia de tu hogar. Su dise\u00f1o moderno y la variedad de colores disponibles hacen de esta l\u00e1mpara una elecci\u00f3n vers\u00e1til y \u00fanica.<\/p>\n<p>Descubre la originalidad y la versatilidad de la l\u00e1mpara Errafia en <a href=\"http:\/\/www.jumailluminacion.com\/\" target=\"_new\" rel=\"noopener\">www.jumailluminacion.com<\/a>. \u00a1Haz tu pedido hoy mismo y dale vida y color a tu decoraci\u00f3n con luz y estilo!<\/p>","protected":false},"excerpt":{"rendered":"<p>L\u00e1mpara Sobremesa Errafia &#8211; Juma Iluminaci\u00f3n<\/p>\n<p>A\u00f1ade una explosi\u00f3n de color y estilo a tu espacio con la L\u00e1mpara de Sobremesa ALTO de la serie Errafia. Esta sorprendente l\u00e1mpara de sobremesa presenta un dise\u00f1o \u00fanico y original, combinando el color NATURAL y YEMA en su pantalla, con un cuerpo en NEGRO, creando una composici\u00f3n de colores y texturas que aportar\u00e1 vida y car\u00e1cter a tu decoraci\u00f3n.<\/p>\n<p>&nbsp;<\/p>","protected":false},"featured_media":1492,"comment_status":"open","ping_status":"closed","template":"","meta":[],"product_brand":[],"product_cat":[18],"product_tag":[],"class_list":{"0":"post-893","1":"product","2":"type-product","3":"status-publish","4":"has-post-thumbnail","6":"product_cat-iluminacion","8":"first","9":"instock","10":"purchasable","11":"product-type-simple"},"yoast_head":"<!-- This site is optimized with the Yoast SEO plugin v27.5 - https:\/\/yoast.com\/product\/yoast-seo-wordpress\/ -->\n<title>Errafia - Juma Iluminaci\u00f3n<\/title>\n<meta name=\"description\" content=\"L\u00e1mpara Sobremesa Errafia - Juma Iluminaci\u00f3n A\u00f1ade una explosi\u00f3n de color y estilo a tu espacio con la L\u00e1mpara de Sobremesa ALTO de la serie Errafia.\" \/>\n<meta name=\"robots\" content=\"index, follow, max-snippet:-1, max-image-preview:large, max-video-preview:-1\" \/>\n<link rel=\"canonical\" href=\"https:\/\/jumailuminacion.com\/eu\/produktua\/lampara-sobremesa-errafia\/\" \/>\n<meta property=\"og:locale\" content=\"en_US\" \/>\n<meta property=\"og:type\" content=\"article\" \/>\n<meta property=\"og:title\" content=\"Errafia - Juma Iluminaci\u00f3n\" \/>\n<meta property=\"og:description\" content=\"L\u00e1mpara Sobremesa Errafia - Juma Iluminaci\u00f3n A\u00f1ade una explosi\u00f3n de color y estilo a tu espacio con la L\u00e1mpara de Sobremesa ALTO de la serie Errafia.\" \/>\n<meta property=\"og:url\" content=\"https:\/\/jumailuminacion.com\/eu\/produktua\/lampara-sobremesa-errafia\/\" \/>\n<meta property=\"og:site_name\" content=\"Juma Iluminaci\u00f3n\" \/>\n<meta property=\"article:modified_time\" content=\"2026-04-13T15:51:12+00:00\" \/>\n<meta property=\"og:image\" content=\"https:\/\/jumailuminacion.com\/wp-content\/uploads\/2023\/10\/1-12.png\" \/>\n\t<meta property=\"og:image:width\" content=\"1080\" \/>\n\t<meta property=\"og:image:height\" content=\"1080\" \/>\n\t<meta property=\"og:image:type\" content=\"image\/png\" \/>\n<meta name=\"twitter:card\" content=\"summary_large_image\" \/>\n<meta name=\"twitter:label1\" content=\"Est. reading time\" \/>\n\t<meta name=\"twitter:data1\" content=\"2 minutua\" \/>\n<script type=\"application\/ld+json\" class=\"yoast-schema-graph\">{\"@context\":\"https:\\\/\\\/schema.org\",\"@graph\":[{\"@type\":\"WebPage\",\"@id\":\"https:\\\/\\\/jumailuminacion.com\\\/producto\\\/lampara-sobremesa-errafia\\\/\",\"url\":\"https:\\\/\\\/jumailuminacion.com\\\/producto\\\/lampara-sobremesa-errafia\\\/\",\"name\":\"Errafia - Juma Iluminaci\u00f3n\",\"isPartOf\":{\"@id\":\"https:\\\/\\\/jumailuminacion.com\\\/#website\"},\"primaryImageOfPage\":{\"@id\":\"https:\\\/\\\/jumailuminacion.com\\\/producto\\\/lampara-sobremesa-errafia\\\/#primaryimage\"},\"image\":{\"@id\":\"https:\\\/\\\/jumailuminacion.com\\\/producto\\\/lampara-sobremesa-errafia\\\/#primaryimage\"},\"thumbnailUrl\":\"https:\\\/\\\/jumailuminacion.com\\\/wp-content\\\/uploads\\\/2023\\\/10\\\/1-12.png\",\"datePublished\":\"2023-10-03T20:33:16+00:00\",\"dateModified\":\"2026-04-13T15:51:12+00:00\",\"description\":\"L\u00e1mpara Sobremesa Errafia - Juma Iluminaci\u00f3n A\u00f1ade una explosi\u00f3n de color y estilo a tu espacio con la L\u00e1mpara de Sobremesa ALTO de la serie Errafia.\",\"breadcrumb\":{\"@id\":\"https:\\\/\\\/jumailuminacion.com\\\/producto\\\/lampara-sobremesa-errafia\\\/#breadcrumb\"},\"inLanguage\":\"eu\",\"potentialAction\":[{\"@type\":\"ReadAction\",\"target\":[\"https:\\\/\\\/jumailuminacion.com\\\/producto\\\/lampara-sobremesa-errafia\\\/\"]}]},{\"@type\":\"ImageObject\",\"inLanguage\":\"eu\",\"@id\":\"https:\\\/\\\/jumailuminacion.com\\\/producto\\\/lampara-sobremesa-errafia\\\/#primaryimage\",\"url\":\"https:\\\/\\\/jumailuminacion.com\\\/wp-content\\\/uploads\\\/2023\\\/10\\\/1-12.png\",\"contentUrl\":\"https:\\\/\\\/jumailuminacion.com\\\/wp-content\\\/uploads\\\/2023\\\/10\\\/1-12.png\",\"width\":1080,\"height\":1080},{\"@type\":\"BreadcrumbList\",\"@id\":\"https:\\\/\\\/jumailuminacion.com\\\/producto\\\/lampara-sobremesa-errafia\\\/#breadcrumb\",\"itemListElement\":[{\"@type\":\"ListItem\",\"position\":1,\"name\":\"Portada\",\"item\":\"https:\\\/\\\/jumailuminacion.com\\\/\"},{\"@type\":\"ListItem\",\"position\":2,\"name\":\"Tienda\",\"item\":\"https:\\\/\\\/jumailuminacion.com\\\/tienda\\\/\"},{\"@type\":\"ListItem\",\"position\":3,\"name\":\"Errafia\"}]},{\"@type\":\"WebSite\",\"@id\":\"https:\\\/\\\/jumailuminacion.com\\\/#website\",\"url\":\"https:\\\/\\\/jumailuminacion.com\\\/\",\"name\":\"Juma Iluminaci\u00f3n\",\"description\":\"Iluminaci\u00f3n y Decoraci\u00f3n\",\"publisher\":{\"@id\":\"https:\\\/\\\/jumailuminacion.com\\\/#organization\"},\"potentialAction\":[{\"@type\":\"SearchAction\",\"target\":{\"@type\":\"EntryPoint\",\"urlTemplate\":\"https:\\\/\\\/jumailuminacion.com\\\/?s={search_term_string}\"},\"query-input\":{\"@type\":\"PropertyValueSpecification\",\"valueRequired\":true,\"valueName\":\"search_term_string\"}}],\"inLanguage\":\"eu\"},{\"@type\":\"Organization\",\"@id\":\"https:\\\/\\\/jumailuminacion.com\\\/#organization\",\"name\":\"Juma Iluminaci\u00f3n\",\"url\":\"https:\\\/\\\/jumailuminacion.com\\\/\",\"logo\":{\"@type\":\"ImageObject\",\"inLanguage\":\"eu\",\"@id\":\"https:\\\/\\\/jumailuminacion.com\\\/#\\\/schema\\\/logo\\\/image\\\/\",\"url\":\"https:\\\/\\\/jumailuminacion.com\\\/wp-content\\\/uploads\\\/2023\\\/07\\\/cropped-WhatsApp-Image-2023-07-10-at-11.40.47.jpg\",\"contentUrl\":\"https:\\\/\\\/jumailuminacion.com\\\/wp-content\\\/uploads\\\/2023\\\/07\\\/cropped-WhatsApp-Image-2023-07-10-at-11.40.47.jpg\",\"width\":384,\"height\":372,\"caption\":\"Juma Iluminaci\u00f3n\"},\"image\":{\"@id\":\"https:\\\/\\\/jumailuminacion.com\\\/#\\\/schema\\\/logo\\\/image\\\/\"}}]}<\/script>\n<!-- \/ Yoast SEO plugin. -->","yoast_head_json":{"title":"Errafia - Juma Iluminaci\u00f3n","description":"L\u00e1mpara Sobremesa Errafia - Juma Iluminaci\u00f3n A\u00f1ade una explosi\u00f3n de color y estilo a tu espacio con la L\u00e1mpara de Sobremesa ALTO de la serie Errafia.","robots":{"index":"index","follow":"follow","max-snippet":"max-snippet:-1","max-image-preview":"max-image-preview:large","max-video-preview":"max-video-preview:-1"},"canonical":"https:\/\/jumailuminacion.com\/eu\/produktua\/lampara-sobremesa-errafia\/","og_locale":"en_US","og_type":"article","og_title":"Errafia - Juma Iluminaci\u00f3n","og_description":"L\u00e1mpara Sobremesa Errafia - Juma Iluminaci\u00f3n A\u00f1ade una explosi\u00f3n de color y estilo a tu espacio con la L\u00e1mpara de Sobremesa ALTO de la serie Errafia.","og_url":"https:\/\/jumailuminacion.com\/eu\/produktua\/lampara-sobremesa-errafia\/","og_site_name":"Juma Iluminaci\u00f3n","article_modified_time":"2026-04-13T15:51:12+00:00","og_image":[{"width":1080,"height":1080,"url":"https:\/\/jumailuminacion.com\/wp-content\/uploads\/2023\/10\/1-12.png","type":"image\/png"}],"twitter_card":"summary_large_image","twitter_misc":{"Est. reading time":"2 minutua"},"schema":{"@context":"https:\/\/schema.org","@graph":[{"@type":"WebPage","@id":"https:\/\/jumailuminacion.com\/producto\/lampara-sobremesa-errafia\/","url":"https:\/\/jumailuminacion.com\/producto\/lampara-sobremesa-errafia\/","name":"Errafia - Juma Iluminaci\u00f3n","isPartOf":{"@id":"https:\/\/jumailuminacion.com\/#website"},"primaryImageOfPage":{"@id":"https:\/\/jumailuminacion.com\/producto\/lampara-sobremesa-errafia\/#primaryimage"},"image":{"@id":"https:\/\/jumailuminacion.com\/producto\/lampara-sobremesa-errafia\/#primaryimage"},"thumbnailUrl":"https:\/\/jumailuminacion.com\/wp-content\/uploads\/2023\/10\/1-12.png","datePublished":"2023-10-03T20:33:16+00:00","dateModified":"2026-04-13T15:51:12+00:00","description":"L\u00e1mpara Sobremesa Errafia - Juma Iluminaci\u00f3n A\u00f1ade una explosi\u00f3n de color y estilo a tu espacio con la L\u00e1mpara de Sobremesa ALTO de la serie Errafia.","breadcrumb":{"@id":"https:\/\/jumailuminacion.com\/producto\/lampara-sobremesa-errafia\/#breadcrumb"},"inLanguage":"eu","potentialAction":[{"@type":"ReadAction","target":["https:\/\/jumailuminacion.com\/producto\/lampara-sobremesa-errafia\/"]}]},{"@type":"ImageObject","inLanguage":"eu","@id":"https:\/\/jumailuminacion.com\/producto\/lampara-sobremesa-errafia\/#primaryimage","url":"https:\/\/jumailuminacion.com\/wp-content\/uploads\/2023\/10\/1-12.png","contentUrl":"https:\/\/jumailuminacion.com\/wp-content\/uploads\/2023\/10\/1-12.png","width":1080,"height":1080},{"@type":"BreadcrumbList","@id":"https:\/\/jumailuminacion.com\/producto\/lampara-sobremesa-errafia\/#breadcrumb","itemListElement":[{"@type":"ListItem","position":1,"name":"Portada","item":"https:\/\/jumailuminacion.com\/"},{"@type":"ListItem","position":2,"name":"Tienda","item":"https:\/\/jumailuminacion.com\/tienda\/"},{"@type":"ListItem","position":3,"name":"Errafia"}]},{"@type":"WebSite","@id":"https:\/\/jumailuminacion.com\/#website","url":"https:\/\/jumailuminacion.com\/","name":"Juma Iluminaci\u00f3n","description":"Iluminaci\u00f3n y Decoraci\u00f3n","publisher":{"@id":"https:\/\/jumailuminacion.com\/#organization"},"potentialAction":[{"@type":"SearchAction","target":{"@type":"EntryPoint","urlTemplate":"https:\/\/jumailuminacion.com\/?s={search_term_string}"},"query-input":{"@type":"PropertyValueSpecification","valueRequired":true,"valueName":"search_term_string"}}],"inLanguage":"eu"},{"@type":"Organization","@id":"https:\/\/jumailuminacion.com\/#organization","name":"Juma Iluminaci\u00f3n","url":"https:\/\/jumailuminacion.com\/","logo":{"@type":"ImageObject","inLanguage":"eu","@id":"https:\/\/jumailuminacion.com\/#\/schema\/logo\/image\/","url":"https:\/\/jumailuminacion.com\/wp-content\/uploads\/2023\/07\/cropped-WhatsApp-Image-2023-07-10-at-11.40.47.jpg","contentUrl":"https:\/\/jumailuminacion.com\/wp-content\/uploads\/2023\/07\/cropped-WhatsApp-Image-2023-07-10-at-11.40.47.jpg","width":384,"height":372,"caption":"Juma Iluminaci\u00f3n"},"image":{"@id":"https:\/\/jumailuminacion.com\/#\/schema\/logo\/image\/"}}]}},"_links":{"self":[{"href":"https:\/\/jumailuminacion.com\/eu\/wp-json\/wp\/v2\/product\/893","targetHints":{"allow":["GET"]}}],"collection":[{"href":"https:\/\/jumailuminacion.com\/eu\/wp-json\/wp\/v2\/product"}],"about":[{"href":"https:\/\/jumailuminacion.com\/eu\/wp-json\/wp\/v2\/types\/product"}],"replies":[{"embeddable":true,"href":"https:\/\/jumailuminacion.com\/eu\/wp-json\/wp\/v2\/comments?post=893"}],"wp:featuredmedia":[{"embeddable":true,"href":"https:\/\/jumailuminacion.com\/eu\/wp-json\/wp\/v2\/media\/1492"}],"wp:attachment":[{"href":"https:\/\/jumailuminacion.com\/eu\/wp-json\/wp\/v2\/media?parent=893"}],"wp:term":[{"taxonomy":"product_brand","embeddable":true,"href":"https:\/\/jumailuminacion.com\/eu\/wp-json\/wp\/v2\/product_brand?post=893"},{"taxonomy":"product_cat","embeddable":true,"href":"https:\/\/jumailuminacion.com\/eu\/wp-json\/wp\/v2\/product_cat?post=893"},{"taxonomy":"product_tag","embeddable":true,"href":"https:\/\/jumailuminacion.com\/eu\/wp-json\/wp\/v2\/product_tag?post=893"}],"curies":[{"name":"wp","href":"https:\/\/api.w.org\/{rel}","templated":true}]}}